{"id":100,"date":"2019-04-17T10:25:28","date_gmt":"2019-04-17T09:25:28","guid":{"rendered":"http:\/\/vps31252.alfahosting-vps.de\/wordpress\/?page_id=100"},"modified":"2019-08-05T13:39:10","modified_gmt":"2019-08-05T12:39:10","slug":"acutetraumacheck_de","status":"publish","type":"page","link":"https:\/\/kidtrauma.org\/?page_id=100","title":{"rendered":"Braucht es fachlichen Rat?"},"content":{"rendered":"\n<p>Es ist normal, dass Kinder nach einem belastenden bzw. traumatischen Ereignis psychische Auff\u00e4lligkeiten zeigen. Bei den meisten Kindern klingen diese Auff\u00e4lligkeiten nach ein paar Wochen von alleine wieder ab.<\/p>\n<p>\u00dcberpr\u00fcfen Sie anhand einiger Fragen, ob bei Ihrem Kind fachlicher Rat empfohlen wird. Bitte beachten Sie, dass der Trauma-Check fr\u00fchestens 1 Woche nach dem belastenden Ereignis ausgef\u00fcllt werden sollte.<\/p>\n<p>Falls Ihr Kind Auff\u00e4lligkeiten zeigt, erhalten Sie zus\u00e4tzlich spezifische Tipps f\u00fcr den Umgang damit.<\/p>\n<p>Die Reaktionen von Kindern nach einem Trauma sowie hilfreiches Elternverhalten unterscheiden sich je nach Alter des Kindes. Bitte w\u00e4hlen Sie die zutreffenden Angaben an, um zu den entsprechenden Fragen zu gelange.<\/p>\n<p>\u00a0<\/p>\n\n\n\n<div class=\"wp-block-columns has-2-columns is-layout-flex wp-container-core-columns-layout-1 wp-block-columns-is-layout-flex\">\n<div class=\"wp-block-column is-layout-flow wp-block-column-is-layout-flow\">\n<p style=\"text-align: right;\"><a class=\"maxbutton-1 maxbutton maxbutton-button250\" href=\"http:\/\/yoururl\"><span class='mb-text'>MEIN KIND IST UNTER 6 JAHRE ALT<\/span><\/a><\/p>\n<\/div>\n\n\n\n<div class=\"wp-block-column is-layout-flow wp-block-column-is-layout-flow\">\n<a class=\"maxbutton-1 maxbutton maxbutton-button250\" href=\"http:\/\/yoururl\"><span class='mb-text'>MEIN KIND IST \u00dcBER 6 JAHRE ALT<\/span><\/a>\n<\/div>\n<\/div>\n\n\n","protected":false},"excerpt":{"rendered":"<p>Es ist normal, dass Kinder nach einem belastenden bzw. traumatischen Ereignis psychische Auff\u00e4lligkeiten zeigen. Bei den meisten Kindern klingen diese Auff\u00e4lligkeiten nach ein paar Wochen von alleine wieder ab. \u00dcberpr\u00fcfen Sie anhand einiger Fragen, ob bei Ihrem Kind fachlicher Rat empfohlen wird. Bitte beachten Sie, dass der Trauma-Check fr\u00fchestens 1 Woche nach dem belastenden Ereignis [&hellip;]<\/p>\n","protected":false},"author":1,"featured_media":0,"parent":92,"menu_order":0,"comment_status":"closed","ping_status":"closed","template":"","meta":{"ub_ctt_via":"","_mi_skip_tracking":false,"_monsterinsights_sitenote_active":false,"_monsterinsights_sitenote_note":"","_monsterinsights_sitenote_category":0,"footnotes":""},"featured_image_src":null,"_links":{"self":[{"href":"https:\/\/kidtrauma.org\/index.php?rest_route=\/wp\/v2\/pages\/100"}],"collection":[{"href":"https:\/\/kidtrauma.org\/index.php?rest_route=\/wp\/v2\/pages"}],"about":[{"href":"https:\/\/kidtrauma.org\/index.php?rest_route=\/wp\/v2\/types\/page"}],"author":[{"embeddable":true,"href":"https:\/\/kidtrauma.org\/index.php?rest_route=\/wp\/v2\/users\/1"}],"replies":[{"embeddable":true,"href":"https:\/\/kidtrauma.org\/index.php?rest_route=%2Fwp%2Fv2%2Fcomments&post=100"}],"version-history":[{"count":15,"href":"https:\/\/kidtrauma.org\/index.php?rest_route=\/wp\/v2\/pages\/100\/revisions"}],"predecessor-version":[{"id":1338,"href":"https:\/\/kidtrauma.org\/index.php?rest_route=\/wp\/v2\/pages\/100\/revisions\/1338"}],"up":[{"embeddable":true,"href":"https:\/\/kidtrauma.org\/index.php?rest_route=\/wp\/v2\/pages\/92"}],"wp:attachment":[{"href":"https:\/\/kidtrauma.org\/index.php?rest_route=%2Fwp%2Fv2%2Fmedia&parent=100"}],"curies":[{"name":"wp","href":"https:\/\/api.w.org\/{rel}","templated":true}]}}