{"id":104,"date":"2019-04-17T10:26:08","date_gmt":"2019-04-17T09:26:08","guid":{"rendered":"http:\/\/vps31252.alfahosting-vps.de\/wordpress\/?page_id=104"},"modified":"2019-06-24T13:10:37","modified_gmt":"2019-06-24T12:10:37","slug":"acutedownloads_de","status":"publish","type":"page","link":"https:\/\/kidtrauma.org\/?page_id=104","title":{"rendered":"Downloads"},"content":{"rendered":"\n<p>Hier k\u00f6nnen Sie Informations-Brosch\u00fcren herunterladen:<\/p>\n<p>&nbsp;&nbsp;&nbsp;&nbsp;Verkehrsunfall &#8211; Tipps zur Bew\u00e4ltigung<br>&nbsp;&nbsp;&nbsp; Verbrennungsunfall &#8211; Tipps zur Bew\u00e4ltigung<\/p>\n","protected":false},"excerpt":{"rendered":"<p>Hier k\u00f6nnen Sie Informations-Brosch\u00fcren herunterladen: &nbsp;&nbsp;&nbsp;&nbsp;Verkehrsunfall &#8211; Tipps zur Bew\u00e4ltigung&nbsp;&nbsp;&nbsp; Verbrennungsunfall &#8211; Tipps zur Bew\u00e4ltigung<\/p>\n","protected":false},"author":1,"featured_media":0,"parent":92,"menu_order":0,"comment_status":"closed","ping_status":"closed","template":"","meta":{"ub_ctt_via":"","_mi_skip_tracking":false,"_monsterinsights_sitenote_active":false,"_monsterinsights_sitenote_note":"","_monsterinsights_sitenote_category":0,"footnotes":""},"featured_image_src":null,"_links":{"self":[{"href":"https:\/\/kidtrauma.org\/index.php?rest_route=\/wp\/v2\/pages\/104"}],"collection":[{"href":"https:\/\/kidtrauma.org\/index.php?rest_route=\/wp\/v2\/pages"}],"about":[{"href":"https:\/\/kidtrauma.org\/index.php?rest_route=\/wp\/v2\/types\/page"}],"author":[{"embeddable":true,"href":"https:\/\/kidtrauma.org\/index.php?rest_route=\/wp\/v2\/users\/1"}],"replies":[{"embeddable":true,"href":"https:\/\/kidtrauma.org\/index.php?rest_route=%2Fwp%2Fv2%2Fcomments&post=104"}],"version-history":[{"count":5,"href":"https:\/\/kidtrauma.org\/index.php?rest_route=\/wp\/v2\/pages\/104\/revisions"}],"predecessor-version":[{"id":3565,"href":"https:\/\/kidtrauma.org\/index.php?rest_route=\/wp\/v2\/pages\/104\/revisions\/3565"}],"up":[{"embeddable":true,"href":"https:\/\/kidtrauma.org\/index.php?rest_route=\/wp\/v2\/pages\/92"}],"wp:attachment":[{"href":"https:\/\/kidtrauma.org\/index.php?rest_route=%2Fwp%2Fv2%2Fmedia&parent=104"}],"curies":[{"name":"wp","href":"https:\/\/api.w.org\/{rel}","templated":true}]}}