{"id":1502,"date":"2019-08-12T13:43:48","date_gmt":"2019-08-12T12:43:48","guid":{"rendered":"http:\/\/vps31252.alfahosting-vps.de\/wordpress\/?page_id=1502"},"modified":"2020-06-04T15:00:42","modified_gmt":"2020-06-04T14:00:42","slug":"niedergeschlagenheit","status":"publish","type":"page","link":"https:\/\/kidtrauma.org\/?page_id=1502","title":{"rendered":"Niedergeschlagenheit"},"content":{"rendered":"\n<p>Im ersten Monat nach einem traumatischen Ereignis ist es normal, dass Kinder und Jugendliche niedergeschlagen sind. Beispielsweise sind sie oft traurig, empfinden keine Freude mehr an Dingen oder Aktivit\u00e4ten und sind oft m\u00fcde und ersch\u00f6pft. Versuche der Eltern ihre Kinder aufzuheitern gelingen in der Regel nicht oder sind nur kurzfristig erfolgreich.<\/p>\n<p>&nbsp;<\/p>\n<h3>Traurigkeit, h\u00e4ufiges Weinen<\/h3>\n<ul style=\"list-style-type: square;\">\n<li>Erkl\u00e4ren Sie Ihrem Kind, dass es normal ist, dass es nach einem schlimmen Erlebnis traurig ist.<\/li>\n<li>Tr\u00f6sten Sie es und versichern Sie Ihrem Kind, dass alles vorbei ist.<\/li>\n<li>Vermitteln Sie Ihrem Kind Sicherheit.<\/li>\n<li>Manchmal schweigen Kinder und Jugendliche oder haben Schwierigkeiten genau zu sagen, was sie bedr\u00fcckt. Beschreiben Sie Gef\u00fchle, wie Wut, Traurigkeit oder Sorge, die Kinder in dieser Situation haben k\u00f6nnen und fragen Sie Ihr Kind, welches auf es zutrifft.<\/li>\n<li>Zwingen Sie Ihr Kind nicht zum Reden, aber lassen Sie es wissen, dass es jederzeit mit Ihnen \u00fcber seine Sorgen und \u00c4ngste sprechen kann.<\/li>\n<\/ul>\n<p>&nbsp;<\/p>\n<h3>Verminderte Freizeitaktivit\u00e4t, sozialer R\u00fcckzug<\/h3>\n<ul style=\"list-style-type: square;\">\n<li>Zeigen Sie Verst\u00e4ndnis gegen\u00fcber Ihrem Kind, dass es lieber zuhause oder alleine sein m\u00f6chte.<\/li>\n<li>Versuchen Sie es aber schon m\u00f6glichst bald darin zu unterst\u00fctzen, sich wieder mit Freunden zu treffen und nach draussen zu gehen.<\/li>\n<li>Unterst\u00fctzen Sie Ihr Kind so schnell wie m\u00f6glich Hobbies (z.B. Sport, Pfadfinder, usw.) und ausserh\u00e4usliche Aktivit\u00e4ten wieder aufzunehmen.<\/li>\n<\/ul>\n","protected":false},"excerpt":{"rendered":"<p>Im ersten Monat nach einem traumatischen Ereignis ist es normal, dass Kinder und Jugendliche niedergeschlagen sind. Beispielsweise sind sie oft traurig, empfinden keine Freude mehr an Dingen oder Aktivit\u00e4ten und sind oft m\u00fcde und ersch\u00f6pft. Versuche der Eltern ihre Kinder aufzuheitern gelingen in der Regel nicht oder sind nur kurzfristig erfolgreich. &nbsp; Traurigkeit, h\u00e4ufiges Weinen [&hellip;]<\/p>\n","protected":false},"author":3,"featured_media":3419,"parent":0,"menu_order":0,"comment_status":"closed","ping_status":"closed","template":"","meta":{"ub_ctt_via":"","_mi_skip_tracking":false,"_monsterinsights_sitenote_active":false,"_monsterinsights_sitenote_note":"","_monsterinsights_sitenote_category":0,"footnotes":""},"featured_image_src":"https:\/\/kidtrauma.org\/wp-content\/uploads\/Niedergeschlagenheit.jpg","_links":{"self":[{"href":"https:\/\/kidtrauma.org\/index.php?rest_route=\/wp\/v2\/pages\/1502"}],"collection":[{"href":"https:\/\/kidtrauma.org\/index.php?rest_route=\/wp\/v2\/pages"}],"about":[{"href":"https:\/\/kidtrauma.org\/index.php?rest_route=\/wp\/v2\/types\/page"}],"author":[{"embeddable":true,"href":"https:\/\/kidtrauma.org\/index.php?rest_route=\/wp\/v2\/users\/3"}],"replies":[{"embeddable":true,"href":"https:\/\/kidtrauma.org\/index.php?rest_route=%2Fwp%2Fv2%2Fcomments&post=1502"}],"version-history":[{"count":9,"href":"https:\/\/kidtrauma.org\/index.php?rest_route=\/wp\/v2\/pages\/1502\/revisions"}],"predecessor-version":[{"id":6057,"href":"https:\/\/kidtrauma.org\/index.php?rest_route=\/wp\/v2\/pages\/1502\/revisions\/6057"}],"wp:featuredmedia":[{"embeddable":true,"href":"https:\/\/kidtrauma.org\/index.php?rest_route=\/wp\/v2\/media\/3419"}],"wp:attachment":[{"href":"https:\/\/kidtrauma.org\/index.php?rest_route=%2Fwp%2Fv2%2Fmedia&parent=1502"}],"curies":[{"name":"wp","href":"https:\/\/api.w.org\/{rel}","templated":true}]}}