{"id":1551,"date":"2019-08-21T10:30:02","date_gmt":"2019-08-21T09:30:02","guid":{"rendered":"http:\/\/vps31252.alfahosting-vps.de\/wordpress\/?page_id=1551"},"modified":"2020-06-10T13:00:21","modified_gmt":"2020-06-10T12:00:21","slug":"app_homepage_de","status":"publish","type":"page","link":"https:\/\/kidtrauma.org\/?page_id=1551","title":{"rendered":"Trauma-Check, Informationen und Tipps f\u00fcr Jugendliche und Eltern"},"content":{"rendered":"\n<div class=\"page-content\">\n<p>KidTrauma hilft Jugendlichen und Eltern nach traumatischen Ereignissen (wie z.B. Unf\u00e4llen, Naturkastrophen, Gewalt, sexueller Missbrauch, Flucht, usw.) herauszufinden:<\/p>\n<ul style=\"list-style-type: square;\">\n<li>\n<p>wie Jugendliche sich selber nach einem Trauma helfen k\u00f6nnen bzw. wie Eltern ihr Kind nach einem Trauma bestm\u00f6glich unterst\u00fctzen k\u00f6nnen (<strong>Informationen und Tipps<\/strong>)<\/p>\n<\/li>\n<li>\n<p>ob fachlicher Rat (z.B. Psychotherapie) empfehlenswert ist (<strong>Trauma-Check<\/strong>)<\/p>\n<\/li>\n<li>\n<p>wo Jugendliche und Eltern in ihrer unmittelbaren N\u00e4he fachliche Hilfe von Experten*innen im Bereich der Kinder- und Jugendpsychotraumatologie in Anspruch nehmen k\u00f6nnen (<strong>Therapiestellen<\/strong>)<\/p>\n<\/li>\n<\/ul>\n<br \/>\n<p>Psychische Reaktionen und Verhaltensauff\u00e4lligkeiten unterscheiden sich bei Kindern und Jugendlichen in Abh\u00e4ngigkeit von ihrem Alter und der Dauer seit der traumatischen Erfahrungen. Bitte nutze\/ nutzen Sie die Filterfunktion und klicken Sie anschliessend auf die gew\u00fcnschte Funktion (<strong>Trauma-Check<\/strong>, <strong>Informationen und Tipps<\/strong>, oder <strong>Therapiestellen<\/strong>).<\/p>\n<\/div>\n","protected":false},"excerpt":{"rendered":"<p>KidTrauma hilft Jugendlichen und Eltern nach traumatischen Ereignissen (wie z.B. Unf\u00e4llen, Naturkastrophen, Gewalt, sexueller Missbrauch, Flucht, usw.) herauszufinden: wie Jugendliche sich selber nach einem Trauma helfen k\u00f6nnen bzw. wie Eltern ihr Kind nach einem Trauma bestm\u00f6glich unterst\u00fctzen k\u00f6nnen (Informationen und Tipps) ob fachlicher Rat (z.B. Psychotherapie) empfehlenswert ist (Trauma-Check) wo Jugendliche und Eltern in ihrer [&hellip;]<\/p>\n","protected":false},"author":3,"featured_media":3298,"parent":0,"menu_order":0,"comment_status":"closed","ping_status":"closed","template":"","meta":{"ub_ctt_via":"","_mi_skip_tracking":false,"_monsterinsights_sitenote_active":false,"_monsterinsights_sitenote_note":"","_monsterinsights_sitenote_category":0,"footnotes":""},"featured_image_src":"https:\/\/kidtrauma.org\/wp-content\/uploads\/Startseite-1.jpg","_links":{"self":[{"href":"https:\/\/kidtrauma.org\/index.php?rest_route=\/wp\/v2\/pages\/1551"}],"collection":[{"href":"https:\/\/kidtrauma.org\/index.php?rest_route=\/wp\/v2\/pages"}],"about":[{"href":"https:\/\/kidtrauma.org\/index.php?rest_route=\/wp\/v2\/types\/page"}],"author":[{"embeddable":true,"href":"https:\/\/kidtrauma.org\/index.php?rest_route=\/wp\/v2\/users\/3"}],"replies":[{"embeddable":true,"href":"https:\/\/kidtrauma.org\/index.php?rest_route=%2Fwp%2Fv2%2Fcomments&post=1551"}],"version-history":[{"count":33,"href":"https:\/\/kidtrauma.org\/index.php?rest_route=\/wp\/v2\/pages\/1551\/revisions"}],"predecessor-version":[{"id":6156,"href":"https:\/\/kidtrauma.org\/index.php?rest_route=\/wp\/v2\/pages\/1551\/revisions\/6156"}],"wp:featuredmedia":[{"embeddable":true,"href":"https:\/\/kidtrauma.org\/index.php?rest_route=\/wp\/v2\/media\/3298"}],"wp:attachment":[{"href":"https:\/\/kidtrauma.org\/index.php?rest_route=%2Fwp%2Fv2%2Fmedia&parent=1551"}],"curies":[{"name":"wp","href":"https:\/\/api.w.org\/{rel}","templated":true}]}}