{"id":1559,"date":"2019-08-21T10:46:02","date_gmt":"2019-08-21T09:46:02","guid":{"rendered":"http:\/\/vps31252.alfahosting-vps.de\/wordpress\/?page_id=1559"},"modified":"2019-08-21T10:46:04","modified_gmt":"2019-08-21T09:46:04","slug":"app_traumacheck_tsk_teenager_de","status":"publish","type":"page","link":"https:\/\/kidtrauma.org\/?page_id=1559","title":{"rendered":"APP_TraumaCheck_TSK_Teenager_DE"},"content":{"rendered":"\n<p>Es ist normal, dass Kinder nach einem belastenden bzw. traumatischen Ereignis psychische Auff\u00e4lligkeiten zeigen. Bei den meisten Kindern klingen diese Auff\u00e4lligkeiten nach ein paar Wochen von alleine wieder ab.<\/p>\n<p>\u00dcberpr\u00fcfe anhand einiger Fragen, ob in deinem Fall fachlicher Rat empfohlen wird. Bitte beachte, dass der Trauma-Check fr\u00fchestens 1 Woche nach dem belastenden Ereignis ausgef\u00fcllt werden sollte.<\/p>\n<p>Falls Du Auff\u00e4lligkeiten zeigst, erh\u00e4lst Du zus\u00e4tzlich spezifische Tipps f\u00fcr den Umgang damit.<\/p>\n","protected":false},"excerpt":{"rendered":"<p>Es ist normal, dass Kinder nach einem belastenden bzw. traumatischen Ereignis psychische Auff\u00e4lligkeiten zeigen. Bei den meisten Kindern klingen diese Auff\u00e4lligkeiten nach ein paar Wochen von alleine wieder ab. \u00dcberpr\u00fcfe anhand einiger Fragen, ob in deinem Fall fachlicher Rat empfohlen wird. Bitte beachte, dass der Trauma-Check fr\u00fchestens 1 Woche nach dem belastenden Ereignis ausgef\u00fcllt werden [&hellip;]<\/p>\n","protected":false},"author":3,"featured_media":0,"parent":0,"menu_order":0,"comment_status":"closed","ping_status":"closed","template":"","meta":{"ub_ctt_via":"","_mi_skip_tracking":false,"_monsterinsights_sitenote_active":false,"_monsterinsights_sitenote_note":"","_monsterinsights_sitenote_category":0,"footnotes":""},"featured_image_src":null,"_links":{"self":[{"href":"https:\/\/kidtrauma.org\/index.php?rest_route=\/wp\/v2\/pages\/1559"}],"collection":[{"href":"https:\/\/kidtrauma.org\/index.php?rest_route=\/wp\/v2\/pages"}],"about":[{"href":"https:\/\/kidtrauma.org\/index.php?rest_route=\/wp\/v2\/types\/page"}],"author":[{"embeddable":true,"href":"https:\/\/kidtrauma.org\/index.php?rest_route=\/wp\/v2\/users\/3"}],"replies":[{"embeddable":true,"href":"https:\/\/kidtrauma.org\/index.php?rest_route=%2Fwp%2Fv2%2Fcomments&post=1559"}],"version-history":[{"count":1,"href":"https:\/\/kidtrauma.org\/index.php?rest_route=\/wp\/v2\/pages\/1559\/revisions"}],"predecessor-version":[{"id":1560,"href":"https:\/\/kidtrauma.org\/index.php?rest_route=\/wp\/v2\/pages\/1559\/revisions\/1560"}],"wp:attachment":[{"href":"https:\/\/kidtrauma.org\/index.php?rest_route=%2Fwp%2Fv2%2Fmedia&parent=1559"}],"curies":[{"name":"wp","href":"https:\/\/api.w.org\/{rel}","templated":true}]}}