{"id":1567,"date":"2019-08-21T10:56:53","date_gmt":"2019-08-21T09:56:53","guid":{"rendered":"http:\/\/vps31252.alfahosting-vps.de\/wordpress\/?page_id=1567"},"modified":"2019-08-30T17:25:58","modified_gmt":"2019-08-30T16:25:58","slug":"app_traumacheck_cries_parents_de","status":"publish","type":"page","link":"https:\/\/kidtrauma.org\/?page_id=1567","title":{"rendered":"Trauma-Check CRIES"},"content":{"rendered":"\n<p>Es ist normal, dass Kinder nach einem schwerwiegenden einmaligen Trauma oder wiederholt erlebten traumatischen Ereignissen noch lange danach psychische Auff\u00e4lligkeiten zeigen.<\/p>\n<p>\u00dcberpr\u00fcfen Sie anhand einiger Fragen, ob bei Ihrem Kind fachlicher Rat empfohlen wird. Bitte beachten Sie, dass der Trauma-Check fr\u00fchestens 5 Tage nach dem belastenden Ereignis ausgef\u00fcllt werden sollte.<\/p>\n<p>Falls Ihr Kind Auff\u00e4lligkeiten zeigt, erhalten Sie zus\u00e4tzlich spezifische Tipps f\u00fcr den Umgang damit.<\/p>\n","protected":false},"excerpt":{"rendered":"<p>Es ist normal, dass Kinder nach einem schwerwiegenden einmaligen Trauma oder wiederholt erlebten traumatischen Ereignissen noch lange danach psychische Auff\u00e4lligkeiten zeigen. \u00dcberpr\u00fcfen Sie anhand einiger Fragen, ob bei Ihrem Kind fachlicher Rat empfohlen wird. Bitte beachten Sie, dass der Trauma-Check fr\u00fchestens 5 Tage nach dem belastenden Ereignis ausgef\u00fcllt werden sollte. Falls Ihr Kind Auff\u00e4lligkeiten zeigt, [&hellip;]<\/p>\n","protected":false},"author":3,"featured_media":0,"parent":0,"menu_order":0,"comment_status":"closed","ping_status":"closed","template":"","meta":{"ub_ctt_via":"","_mi_skip_tracking":false,"_monsterinsights_sitenote_active":false,"_monsterinsights_sitenote_note":"","_monsterinsights_sitenote_category":0,"footnotes":""},"featured_image_src":null,"_links":{"self":[{"href":"https:\/\/kidtrauma.org\/index.php?rest_route=\/wp\/v2\/pages\/1567"}],"collection":[{"href":"https:\/\/kidtrauma.org\/index.php?rest_route=\/wp\/v2\/pages"}],"about":[{"href":"https:\/\/kidtrauma.org\/index.php?rest_route=\/wp\/v2\/types\/page"}],"author":[{"embeddable":true,"href":"https:\/\/kidtrauma.org\/index.php?rest_route=\/wp\/v2\/users\/3"}],"replies":[{"embeddable":true,"href":"https:\/\/kidtrauma.org\/index.php?rest_route=%2Fwp%2Fv2%2Fcomments&post=1567"}],"version-history":[{"count":1,"href":"https:\/\/kidtrauma.org\/index.php?rest_route=\/wp\/v2\/pages\/1567\/revisions"}],"predecessor-version":[{"id":1568,"href":"https:\/\/kidtrauma.org\/index.php?rest_route=\/wp\/v2\/pages\/1567\/revisions\/1568"}],"wp:attachment":[{"href":"https:\/\/kidtrauma.org\/index.php?rest_route=%2Fwp%2Fv2%2Fmedia&parent=1567"}],"curies":[{"name":"wp","href":"https:\/\/api.w.org\/{rel}","templated":true}]}}