{"id":1610,"date":"2019-09-02T09:29:24","date_gmt":"2019-09-02T08:29:24","guid":{"rendered":"http:\/\/vps31252.alfahosting-vps.de\/wordpress\/?page_id=1610"},"modified":"2020-05-25T13:05:01","modified_gmt":"2020-05-25T12:05:01","slug":"app_acute_dissociations_0-5_de","status":"publish","type":"page","link":"https:\/\/kidtrauma.org\/?page_id=1610","title":{"rendered":"St\u00f6rungen des Bewusstseins"},"content":{"rendered":"\n<p>Schwere Traumatisierungen k\u00f6nnen bei Kindern Entfremdungserleben ausl\u00f6sen. Solche Erlebniszust\u00e4nde sind als ein unbewusster Schutz vor schmerzhaften Erinnerungen zu verstehen und treten insbesondere dann auf, wenn die Kinder mit etwas konfrontiert werden, was sie an die traumatischen Ereignisse erinnert. Nachfolgend aufgelistet sind Verhaltensauff\u00e4lligkeiten bzw. Reaktionen, die Kinder nach traumatischen Ereignissen h\u00e4ufig zeigen und Tipps, wie Sie und Ihr Kind mit diesen umgehen k\u00f6nnen.<\/p>\n<ul style=\"list-style-type: square;\">\n<li>\n<h4>Gef\u00fchl, \u201eneben sich zu stehen\u201c<\/h4>\n<\/li>\n<li>\n<h4>Unempfindlichkeit gegen\u00fcber sensorischen Reizen (wie z.B. T\u00f6ne, Farben, Ger\u00fcche)<\/h4>\n<\/li>\n<li>\n<h4>Erleben von andere Personen, Gegenst\u00e4nde oder Umgebung als unwirklich oder fremdartig<\/h4>\n<\/li>\n<\/ul>\n<p>\u00a0<\/p>\n<h4>Reaktionen, die mit St\u00f6rungen des Bewusstseins einhergehen<\/h4>\n<ul style=\"list-style-type: square;\">\n<li>Schwierigkeiten, das Erlebte in Worte zu fassen und die Bef\u00fcrchtung nicht verstanden zu werden.<\/li>\n<li>Angst, die Kontrolle \u00fcber sich zu verlieren.<\/li>\n<li>Diffuse k\u00f6rperliche Beschwerden (z.B. Kopfdruck, Kribbeln, Schwindel, Benommenheit).<\/li>\n<\/ul>\n<p>\u00a0<\/p>\n<h3>Tipps<\/h3>\n<h4>Realit\u00e4tskontrolle<\/h4>\n<ul style=\"list-style-type: square;\">\n<li>Wenn Sie das Gef\u00fchl haben Ihr Kind \u201esteht neben sich\u201c, versuchen Sie Ihrem Kind dabei zu helfen den Kontakt mit dem Hier und Jetzt wieder herzustellen. Stellen Sie Ihrem Kind Fragen zu der Umgebung (\u201eWo befindest Du dich gerade?\u201c \u201eWas siehst, h\u00f6rst, riechst, sp\u00fcrst Du?\u201c \u201eWer ist anwesend?\u201c).<\/li>\n<\/ul>\n<h4>Weitere Tipps<\/h4>\n<ul style=\"list-style-type: square;\">\n<li>Geben Sie Ihrem Kind etwas Saures essen (z.B.: Saure Bonbons, Zitrone).<\/li>\n<li>Drehen Sie laute Musik auf oder klatschen Sie.<\/li>\n<li>Lassen Sie Ihr Kind an Duft\u00f6len oder Tigerbalsam riechen (in der Drogerie erh\u00e4ltlich).<\/li>\n<li>Schicken Sie Ihr Kind kalt duschen.<\/li>\n<li>Versuchen Sie Ihr Kind in k\u00f6rperliche Bewegung zu bringen (z.B.: Trampeln, Treppen laufen).<\/li>\n<li>Wichtig ist, dass Sie all diese Strategien im Vorfeld mit Ihrem Kind besprechen und abmachen, was sich Ihr Kind von Ihnen w\u00fcnscht.<\/li>\n<\/ul>\n","protected":false},"excerpt":{"rendered":"<p>Schwere Traumatisierungen k\u00f6nnen bei Kindern Entfremdungserleben ausl\u00f6sen. Solche Erlebniszust\u00e4nde sind als ein unbewusster Schutz vor schmerzhaften Erinnerungen zu verstehen und treten insbesondere dann auf, wenn die Kinder mit etwas konfrontiert werden, was sie an die traumatischen Ereignisse erinnert. Nachfolgend aufgelistet sind Verhaltensauff\u00e4lligkeiten bzw. Reaktionen, die Kinder nach traumatischen Ereignissen h\u00e4ufig zeigen und Tipps, wie Sie [&hellip;]<\/p>\n","protected":false},"author":3,"featured_media":3769,"parent":0,"menu_order":0,"comment_status":"closed","ping_status":"closed","template":"","meta":{"ub_ctt_via":"","_mi_skip_tracking":false,"_monsterinsights_sitenote_active":false,"_monsterinsights_sitenote_note":"","_monsterinsights_sitenote_category":0,"footnotes":""},"featured_image_src":"https:\/\/kidtrauma.org\/wp-content\/uploads\/Dissoziationen.jpg","_links":{"self":[{"href":"https:\/\/kidtrauma.org\/index.php?rest_route=\/wp\/v2\/pages\/1610"}],"collection":[{"href":"https:\/\/kidtrauma.org\/index.php?rest_route=\/wp\/v2\/pages"}],"about":[{"href":"https:\/\/kidtrauma.org\/index.php?rest_route=\/wp\/v2\/types\/page"}],"author":[{"embeddable":true,"href":"https:\/\/kidtrauma.org\/index.php?rest_route=\/wp\/v2\/users\/3"}],"replies":[{"embeddable":true,"href":"https:\/\/kidtrauma.org\/index.php?rest_route=%2Fwp%2Fv2%2Fcomments&post=1610"}],"version-history":[{"count":26,"href":"https:\/\/kidtrauma.org\/index.php?rest_route=\/wp\/v2\/pages\/1610\/revisions"}],"predecessor-version":[{"id":5488,"href":"https:\/\/kidtrauma.org\/index.php?rest_route=\/wp\/v2\/pages\/1610\/revisions\/5488"}],"wp:featuredmedia":[{"embeddable":true,"href":"https:\/\/kidtrauma.org\/index.php?rest_route=\/wp\/v2\/media\/3769"}],"wp:attachment":[{"href":"https:\/\/kidtrauma.org\/index.php?rest_route=%2Fwp%2Fv2%2Fmedia&parent=1610"}],"curies":[{"name":"wp","href":"https:\/\/api.w.org\/{rel}","templated":true}]}}