{"id":1643,"date":"2019-09-02T09:51:44","date_gmt":"2019-09-02T08:51:44","guid":{"rendered":"http:\/\/vps31252.alfahosting-vps.de\/wordpress\/?page_id=1643"},"modified":"2020-05-25T10:32:45","modified_gmt":"2020-05-25T09:32:45","slug":"app_chronic_memoriesnightmares_0-5_de","status":"publish","type":"page","link":"https:\/\/kidtrauma.org\/?page_id=1643","title":{"rendered":"Belastende Erinnerungen\/Albtr\u00e4ume"},"content":{"rendered":"\n<p>Bei Kindern, die einmalig schwerwiegende oder langanhaltende bzw. wiederholte Traumatisierungen erlebt haben, k\u00f6nnen sich auch lange danach belastende Erinnerungen an das Erlebte aufdr\u00e4ngen. Nachfolgend aufgelistet sind Verhaltensauff\u00e4lligkeiten bzw. Probleme, die Kinder in diesem Zusammenhang h\u00e4ufig zeigen und Tipps, wie Sie und Ihr Kind mit diesen umgehen k\u00f6nnen.<\/p>\n<h4>Albtr\u00e4ume<\/h4>\n<ul style=\"list-style-type: square;\">\n<li>Helfen Sie Ihrem Kind zu verstehen, dass Albtr\u00e4ume nach traumatischen Erfahrungen sehr h\u00e4ufig und eine nat\u00fcrliche Antwort auf belastende Situationen sind.<\/li>\n<li>Wenn Ihr Kind mitten in der Nacht durch einen Albtraum erwacht, schauen Sie, dass es richtig wach wird, beruhigen Sie es dann. Vermitteln Sie ihm, dass es in Sicherheit ist und helfen Sie ihm anschliessend wieder einzuschlafen, indem Sie mit ihm \u00fcberlegen, was es Sch\u00f6nes tr\u00e4umen k\u00f6nnte.<\/li>\n<li>Manchmal hilft es auch, ein kleines Licht brennen zu lassen, dem Kind sein Lieblings-Pl\u00fcschtierchen ins Bett zu geben oder einen Traumf\u00e4nger zu basteln.<\/li>\n<li>Wenn das Kind sich am Morgen noch an den Albtraum erinnert, ist es hilfreich, wenn Sie mit ihm dar\u00fcber sprechen und es beruhigen.<\/li>\n<\/ul>\n<h4>H\u00e4ufiges Nachspielen von traumatischen Erfahrungen und belastenden Szenen<\/h4>\n<ul style=\"list-style-type: square;\">\n<li class=\"Fliesstext\">Wenn Ihr Kind immer wieder belastende Szenen spielt, spielen Sie mit und helfen Sie, die Spielszenen zu einem guten Ende zu bringen (z.B. bedrohte Figuren sch\u00fctzen).<\/li>\n<li class=\"Fliesstext\">Ermuntern Sie das Kind, sich auch auf andere Spiele einzulassen.<\/li>\n<\/ul>\n<h4>H\u00e4ufiges Erw\u00e4hnen der traumatischen Erfahrungen<\/h4>\n<ul style=\"list-style-type: square;\">\n<li class=\"Fliesstext\">Es ist gut, wenn Ihr Kind \u00fcber die traumatische Ereignisse sprechen m\u00f6chte. H\u00f6ren Sie ihm deshalb gut zu und reden Sie mit ihm \u00fcber seine Erfahrungen.<\/li>\n<li class=\"Fliesstext\">Achten Sie auf die Befindlichkeit Ihres Kindes und fragen Sie es nach seinen Gedanken und Gef\u00fchlen, wenn es besorgt wirkt.<\/li>\n<li class=\"Fliesstext\">Achten Sie darauf, dass Sie Ihre eigenen \u00c4ngste und Sorgen nicht auf das Kind \u00fcbertragen und diese nicht mit dem Kind besprechen.<\/li>\n<\/ul>\n<h4>\u00c4ngstlichkeit <\/h4>\n<ul style=\"list-style-type: square;\">\n<li class=\"Fliesstext\">Vereinbaren Sie mit Ihrem Kind ein bestimmtes Zeichen, bei welchem Sie dann wissen, dass das Kind Angst hat und mit Ihnen reden m\u00f6chte.<\/li>\n<li class=\"Fliesstext\">Seien Sie Ihrem Kind gegen\u00fcber so gelassen wie m\u00f6glich.<\/li>\n<li class=\"Fliesstext\">Vermitteln Sie Ihrem Kind Sicherheit und Geborgenheit.<\/li>\n<li class=\"Fliesstext\">Achten Sie darauf, dass Sie die \u00c4ngste des Kindes nicht verst\u00e4rken. Ermuntern Sie es soweit wie m\u00f6glich, angstausl\u00f6sende Situationen zu ertragen und loben Sie es, wenn es das schafft. Ermuntern und belohnen Sie mutiges Verhalten!<\/li>\n<li class=\"Fliesstext\">Versuchen Sie, Ihre eigenen \u00c4ngste nicht vor Ihrem Kind zum Ausdruck zu bringen.<\/li>\n<li class=\"Fliesstext\">Falls Sie einmal fortgehen m\u00fcssen, informieren Sie Ihr Kind genau und sagen Sie, wann Sie wieder kommen werden. Seien Sie dann p\u00fcnktlich.<\/li>\n<\/ul>\n","protected":false},"excerpt":{"rendered":"<p>Bei Kindern, die einmalig schwerwiegende oder langanhaltende bzw. wiederholte Traumatisierungen erlebt haben, k\u00f6nnen sich auch lange danach belastende Erinnerungen an das Erlebte aufdr\u00e4ngen. Nachfolgend aufgelistet sind Verhaltensauff\u00e4lligkeiten bzw. Probleme, die Kinder in diesem Zusammenhang h\u00e4ufig zeigen und Tipps, wie Sie und Ihr Kind mit diesen umgehen k\u00f6nnen. Albtr\u00e4ume Helfen Sie Ihrem Kind zu verstehen, dass [&hellip;]<\/p>\n","protected":false},"author":3,"featured_media":3613,"parent":0,"menu_order":0,"comment_status":"closed","ping_status":"closed","template":"","meta":{"ub_ctt_via":"","_mi_skip_tracking":false,"_monsterinsights_sitenote_active":false,"_monsterinsights_sitenote_note":"","_monsterinsights_sitenote_category":0,"footnotes":""},"featured_image_src":"https:\/\/kidtrauma.org\/wp-content\/uploads\/albtr\u00e4ume-app.jpg","_links":{"self":[{"href":"https:\/\/kidtrauma.org\/index.php?rest_route=\/wp\/v2\/pages\/1643"}],"collection":[{"href":"https:\/\/kidtrauma.org\/index.php?rest_route=\/wp\/v2\/pages"}],"about":[{"href":"https:\/\/kidtrauma.org\/index.php?rest_route=\/wp\/v2\/types\/page"}],"author":[{"embeddable":true,"href":"https:\/\/kidtrauma.org\/index.php?rest_route=\/wp\/v2\/users\/3"}],"replies":[{"embeddable":true,"href":"https:\/\/kidtrauma.org\/index.php?rest_route=%2Fwp%2Fv2%2Fcomments&post=1643"}],"version-history":[{"count":13,"href":"https:\/\/kidtrauma.org\/index.php?rest_route=\/wp\/v2\/pages\/1643\/revisions"}],"predecessor-version":[{"id":5459,"href":"https:\/\/kidtrauma.org\/index.php?rest_route=\/wp\/v2\/pages\/1643\/revisions\/5459"}],"wp:featuredmedia":[{"embeddable":true,"href":"https:\/\/kidtrauma.org\/index.php?rest_route=\/wp\/v2\/media\/3613"}],"wp:attachment":[{"href":"https:\/\/kidtrauma.org\/index.php?rest_route=%2Fwp%2Fv2%2Fmedia&parent=1643"}],"curies":[{"name":"wp","href":"https:\/\/api.w.org\/{rel}","templated":true}]}}