{"id":1655,"date":"2019-09-02T09:54:18","date_gmt":"2019-09-02T08:54:18","guid":{"rendered":"http:\/\/vps31252.alfahosting-vps.de\/wordpress\/?page_id=1655"},"modified":"2020-05-25T13:08:52","modified_gmt":"2020-05-25T12:08:52","slug":"app_chronic_attachmentproblems_0-5_de","status":"publish","type":"page","link":"https:\/\/kidtrauma.org\/?page_id=1655","title":{"rendered":"Bindungsprobleme"},"content":{"rendered":"\n<p>Bindungsprobleme bei Kindern sind oftmals die Folge von unsicheren und instabilen Bindungen zu ihren Eltern bzw. Hauptbezugspersonen in den ersten Lebensjahren. Unangemessene Reaktionen auf den Kummer eines Kindes, mangelnde Zuneigung, das Fehlen von Bezugspersonen und Missbrauch sind f\u00fcr Kinder traumatische Erfahrungen und k\u00f6nnen die Entwicklung gesunder Beziehungen im weiteren Lebensverlauf beeintr\u00e4chtigen. Nachfolgend aufgelistet sind Verhaltensauff\u00e4lligkeiten bzw. Probleme, die Kinder in diesem Zusammenhang h\u00e4ufig zeigen und Tipps, wie Sie und Ihr Kind mit diesen umgehen k\u00f6nnen.<\/p>\n<ul style=\"list-style-type: square;\">\n<li>\n<h4>Seltene und\/ oder geringf\u00fcgige Suche nach Trost und Reaktion auf Trost bei Bedr\u00fccktheit<\/h4>\n<\/li>\n<li>\n<h4>Kein L\u00e4cheln\/ keine Reaktion bei Interaktion mit Erwachsenem*r<\/h4>\n<\/li>\n<li>\n<h4>Das Kind zeigt wenig Zuneigung gegen\u00fcber Ihnen als Eltern<\/h4>\n<\/li>\n<li>\n<h4>Gereiztheit, Traurigkeit, Furcht<\/h4>\n<\/li>\n<li>\n<h4>\u00dcbertriebene Freundlichkeit gegen\u00fcber Unbekannten<\/h4>\n<\/li>\n<li>\n<h4>Unangemessenes k\u00f6rperliches oder verbales Verhalten gegen\u00fcber anderen (z.B. Umarmungen von Fremden)<\/h4>\n<\/li>\n<li>\n<h4>Mangelndes Misstrauen gegen\u00fcber Fremden<\/h4>\n<\/li>\n<\/ul>\n<h3>Tipps<\/h3>\n<ul style=\"list-style-type: square;\">\n<li>Vermitteln Sie Ihrem Kind Sicherheit in seinem Alltag.<\/li>\n<li>Zeigen Sie dem Kind, dass Sie es lieben.<\/li>\n<li>Loben Sie Ihr Kind regelm\u00e4ssig.<\/li>\n<li>Sagen Sie Ihrem Kind, wenn Sie weggehen und wenn Sie wieder zur\u00fcckkommen. Halten Sie sich unbedingt an die vereinbarten Zeiten.<\/li>\n<li>Gestalten Sie den Alltag Ihres Kindes, so dass er m\u00f6glichst vorhersehbar ist.<\/li>\n<li>Wichtig zu wissen ist, dass es gute Behandlungsm\u00f6glichkeit gibt, um mit einem schlimmen Ereignis und daraus resultierenden Auff\u00e4lligkeiten klarzukommen. Erkundigen Sie sich als Eltern nach Therapieangeboten. Via der KidTrauma-Webseite und -App (Therapiestellen) k\u00f6nnen Sie nach Expert*innen im Bereich der Kinder- und Jugendpsychotraumatolgie suchen. Beziehen Sie Ihr Kind mit ein.<\/li>\n<\/ul>\n","protected":false},"excerpt":{"rendered":"<p>Bindungsprobleme bei Kindern sind oftmals die Folge von unsicheren und instabilen Bindungen zu ihren Eltern bzw. Hauptbezugspersonen in den ersten Lebensjahren. Unangemessene Reaktionen auf den Kummer eines Kindes, mangelnde Zuneigung, das Fehlen von Bezugspersonen und Missbrauch sind f\u00fcr Kinder traumatische Erfahrungen und k\u00f6nnen die Entwicklung gesunder Beziehungen im weiteren Lebensverlauf beeintr\u00e4chtigen. Nachfolgend aufgelistet sind Verhaltensauff\u00e4lligkeiten [&hellip;]<\/p>\n","protected":false},"author":3,"featured_media":3821,"parent":0,"menu_order":0,"comment_status":"closed","ping_status":"closed","template":"","meta":{"ub_ctt_via":"","_mi_skip_tracking":false,"_monsterinsights_sitenote_active":false,"_monsterinsights_sitenote_note":"","_monsterinsights_sitenote_category":0,"footnotes":""},"featured_image_src":"https:\/\/kidtrauma.org\/wp-content\/uploads\/Bindungsprobleme.jpg","_links":{"self":[{"href":"https:\/\/kidtrauma.org\/index.php?rest_route=\/wp\/v2\/pages\/1655"}],"collection":[{"href":"https:\/\/kidtrauma.org\/index.php?rest_route=\/wp\/v2\/pages"}],"about":[{"href":"https:\/\/kidtrauma.org\/index.php?rest_route=\/wp\/v2\/types\/page"}],"author":[{"embeddable":true,"href":"https:\/\/kidtrauma.org\/index.php?rest_route=\/wp\/v2\/users\/3"}],"replies":[{"embeddable":true,"href":"https:\/\/kidtrauma.org\/index.php?rest_route=%2Fwp%2Fv2%2Fcomments&post=1655"}],"version-history":[{"count":11,"href":"https:\/\/kidtrauma.org\/index.php?rest_route=\/wp\/v2\/pages\/1655\/revisions"}],"predecessor-version":[{"id":5440,"href":"https:\/\/kidtrauma.org\/index.php?rest_route=\/wp\/v2\/pages\/1655\/revisions\/5440"}],"wp:featuredmedia":[{"embeddable":true,"href":"https:\/\/kidtrauma.org\/index.php?rest_route=\/wp\/v2\/media\/3821"}],"wp:attachment":[{"href":"https:\/\/kidtrauma.org\/index.php?rest_route=%2Fwp%2Fv2%2Fmedia&parent=1655"}],"curies":[{"name":"wp","href":"https:\/\/api.w.org\/{rel}","templated":true}]}}