{"id":1663,"date":"2019-09-02T09:56:02","date_gmt":"2019-09-02T08:56:02","guid":{"rendered":"http:\/\/vps31252.alfahosting-vps.de\/wordpress\/?page_id=1663"},"modified":"2020-05-25T13:03:25","modified_gmt":"2020-05-25T12:03:25","slug":"app_chronic_othersymptoms_0-5_de","status":"publish","type":"page","link":"https:\/\/kidtrauma.org\/?page_id=1663","title":{"rendered":"Andere Symptome"},"content":{"rendered":"\n<p>Nach einmalig schwerwiegenden oder langanhaltenden bzw. wiederholten Traumatisierungen ist es normal, dass Kinder \u00f6fters niedergeschlagen sind. Manche Kinder zeigen auch Entwicklungsr\u00fcckschritte. Nachfolgend aufgelistet sind Verhaltensauff\u00e4lligkeiten bzw. Probleme, die Kinder in diesem Zusammenhang h\u00e4ufig zeigen und Tipps, wie Sie und Ihr Kind mit diesen umgehen k\u00f6nnen.<\/p>\n<h4>Traurigkeit, h\u00e4ufiges Weinen<\/h4>\n<ul style=\"list-style-type: square;\">\n<li>Tr\u00f6sten Sie Ihr Kind und versichern Sie Ihrem Kind, dass es in Sicherheit ist.<\/li>\n<li>Helfen Sie Ihrem Kind, Sorgen und Gef\u00fchle auszudr\u00fccken (z.B. mit Emojis).<\/li>\n<\/ul>\n<h4>Sozialer R\u00fcckzug<\/h4>\n<ul style=\"list-style-type: square;\">\n<li>Versuchen Sie Ihr Kind sobald wie m\u00f6glich darin zu unterst\u00fctzen, sich wieder mit Freunden zu treffen und nach draussen zu gehen.<\/li>\n<\/ul>\n<h4>Entwicklungsr\u00fcckschritte (z.B. Daumenlutschen, Bettn\u00e4ssen, Babysprache)<\/h4>\n<ul style=\"list-style-type: square;\">\n<li>Verhalten Sie sich so neutral wie m\u00f6glich und schimpfen Sie nicht mit Ihrem Kind.<\/li>\n<li>Wechseln Sie die Kleidung und die Bettw\u00e4sche ohne Kommentar, wenn Ihr Kind einn\u00e4sst.<\/li>\n<li>Erkl\u00e4ren Sie Ihrem Kind und Personen in Ihrer Umgebung, dass solche R\u00fcckschritte nach traumatischen Erfahrungen vorkommen k\u00f6nnen und dass sie wieder vorbeigehen.<\/li>\n<li>Lassen Sie nicht zu, dass jemand Ihr Kind durch Kommentare wie \u201eDu bist ja wie ein Baby\u201c kritisiert oder besch\u00e4mt.<\/li>\n<li>Loben Sie Ihr Kind f\u00fcr alle Anstrengungen, die es macht, um diese Entwicklungsr\u00fcckschritte zu \u00fcberwinden.<\/li>\n<\/ul>\n","protected":false},"excerpt":{"rendered":"<p>Nach einmalig schwerwiegenden oder langanhaltenden bzw. wiederholten Traumatisierungen ist es normal, dass Kinder \u00f6fters niedergeschlagen sind. Manche Kinder zeigen auch Entwicklungsr\u00fcckschritte. Nachfolgend aufgelistet sind Verhaltensauff\u00e4lligkeiten bzw. Probleme, die Kinder in diesem Zusammenhang h\u00e4ufig zeigen und Tipps, wie Sie und Ihr Kind mit diesen umgehen k\u00f6nnen. Traurigkeit, h\u00e4ufiges Weinen Tr\u00f6sten Sie Ihr Kind und versichern Sie [&hellip;]<\/p>\n","protected":false},"author":3,"featured_media":3591,"parent":0,"menu_order":0,"comment_status":"closed","ping_status":"closed","template":"","meta":{"ub_ctt_via":"","_mi_skip_tracking":false,"_monsterinsights_sitenote_active":false,"_monsterinsights_sitenote_note":"","_monsterinsights_sitenote_category":0,"footnotes":""},"featured_image_src":"https:\/\/kidtrauma.org\/wp-content\/uploads\/andere-symptome-app.jpg","_links":{"self":[{"href":"https:\/\/kidtrauma.org\/index.php?rest_route=\/wp\/v2\/pages\/1663"}],"collection":[{"href":"https:\/\/kidtrauma.org\/index.php?rest_route=\/wp\/v2\/pages"}],"about":[{"href":"https:\/\/kidtrauma.org\/index.php?rest_route=\/wp\/v2\/types\/page"}],"author":[{"embeddable":true,"href":"https:\/\/kidtrauma.org\/index.php?rest_route=\/wp\/v2\/users\/3"}],"replies":[{"embeddable":true,"href":"https:\/\/kidtrauma.org\/index.php?rest_route=%2Fwp%2Fv2%2Fcomments&post=1663"}],"version-history":[{"count":13,"href":"https:\/\/kidtrauma.org\/index.php?rest_route=\/wp\/v2\/pages\/1663\/revisions"}],"predecessor-version":[{"id":5484,"href":"https:\/\/kidtrauma.org\/index.php?rest_route=\/wp\/v2\/pages\/1663\/revisions\/5484"}],"wp:featuredmedia":[{"embeddable":true,"href":"https:\/\/kidtrauma.org\/index.php?rest_route=\/wp\/v2\/media\/3591"}],"wp:attachment":[{"href":"https:\/\/kidtrauma.org\/index.php?rest_route=%2Fwp%2Fv2%2Fmedia&parent=1663"}],"curies":[{"name":"wp","href":"https:\/\/api.w.org\/{rel}","templated":true}]}}