{"id":1679,"date":"2019-09-02T10:06:36","date_gmt":"2019-09-02T09:06:36","guid":{"rendered":"http:\/\/vps31252.alfahosting-vps.de\/wordpress\/?page_id=1679"},"modified":"2020-05-25T13:08:03","modified_gmt":"2020-05-25T12:08:03","slug":"app_chronic_cognitionmood_%e2%89%a56_de","status":"publish","type":"page","link":"https:\/\/kidtrauma.org\/?page_id=1679","title":{"rendered":"Denken\/Stimmung"},"content":{"rendered":"\n<p>Einmalig schwerwiegende oder langanhaltende bzw. wiederholte Traumatisierungen k\u00f6nnen langfristig beeinflussen, wie Kinder und Jugendliche \u00fcber sich selbst, andere oder die Welt denken. Zudem sind Kinder und Jugendliche oftmals niedergeschlagen und bedr\u00fcckt. Nachfolgend aufgelistet sind Verhaltensauff\u00e4lligkeiten bzw. Probleme, die Kinder und Jugendliche in diesem Zusammenhang h\u00e4ufig zeigen und Tipps, wie Sie und Ihr Kind mit diesen umgehen k\u00f6nnen.<\/p>\n<h4>Unf\u00e4higkeit, wichtige Aspekte der traumatischen Ereignisse zu erinnern<\/h4>\n<ul style=\"list-style-type: square;\">\n<li>Versuchen Sie herauszufinden, ob es Ihr Kind belastet, dass es sich (teilweise) nicht erinnern an.<\/li>\n<li>Zwingen Sie Ihr Kind nicht sich an das Geschehene zu erinnern.<\/li>\n<li>Falls Ihr Kind sich an Teile des Geschehens erinnern kann, ermuntern Sie Ihr Kind die Erinnerungen mit Ihnen zu teilen und reden Sie offen mit Ihrem Kind dar\u00fcber.<\/li>\n<\/ul>\n<h4>Andauernde, negative \u00dcberzeugungen von sich selbst, anderen Personen und\/ oder der \u201eWelt\u201c<\/h4>\n<ul style=\"list-style-type: square;\">\n<li>Es kann helfen diese \u00dcberzeugungen zu \u00fcberpr\u00fcfen. Fragen Sie ihr Kind welche M\u00f6glichkeiten es gibt anders dar\u00fcber zu denken? Was w\u00fcrde ein*e Freund*in in der gleichen Situation denken? Was k\u00f6nnte Ihr Kind einem Freund*in raten? Hilft es so zu denken?<\/li>\n<\/ul>\n<h4 class=\"Fliesstext\">Verzerrte Selbstvorw\u00fcrfe oder falsche Beschuldigung anderer Personen<\/h4>\n<ul style=\"list-style-type: square;\">\n<li>Wichtig zu wissen ist, dass es gute Behandlungsm\u00f6glichkeit gibt, um mit einem schlimmen Ereignis und daraus resultierenden Auff\u00e4lligkeiten klarzukommen. Erkundigen Sie sich als Eltern nach Therapieangeboten. Via der KidTrauma-Webseite und -App (<strong>Therapiestellen<\/strong>) k\u00f6nnen Sie nach Expert*innen im Bereich der Kinder- und Jugendpsychotraumatolgie suchen. Beziehen Sie Ihr Kind mit ein.<\/li>\n<\/ul>\n<h4>Anhaltend negatives Gef\u00fchlserleben (Scham, Schuld, \u00c4rger, Hoffunungslosigkeit)<\/h4>\n<ul style=\"list-style-type: square;\">\n<li>Sprechen Sie Ihr Kind aktiv auf diese Gef\u00fchle an und versuchen Sie diese, falls m\u00f6glich, zu relativieren.<\/li>\n<li>Wichtig zu wissen ist, dass es gute Behandlungsm\u00f6glichkeit gibt, um mit einem schlimmen Ereignis und daraus resultierenden Gef\u00fchlen klarzukommen. Erkundigen Sie sich als Eltern nach Therapieangeboten. Via der KidTrauma-Webseite und -App (<strong>Therapiestellen<\/strong>) k\u00f6nnen Sie nach Expert*innen im Bereich der Kinder- und Jugendpsychotraumatolgie suchen. Beziehen Sie Ihr Kind mit ein.<\/li>\n<\/ul>\n<h4>Vermindertes Interesse an Aktivit\u00e4ten, die vor dem Trauma Freude bereitet haben<\/h4>\n<ul style=\"list-style-type: square;\">\n<li>Versuchen Sie Ihr Kind darin zu ermutigen, sich mit Freunden zu treffen und nach draussen zu gehen.<\/li>\n<li>Unterst\u00fctzen Sie Ihr Kind, Hobbies (z.B. Sport, Musikinstrument spielen, Pfadfinder, etc.) und ausserh\u00e4usliche Aktivit\u00e4ten wieder aufzunehmen.<\/li>\n<\/ul>\n<h4>R\u00fcckzug von Freunden und Familie<\/h4>\n<ul style=\"list-style-type: square;\">\n<li>Zeigen Sie Verst\u00e4ndnis gegen\u00fcber Ihrem Kind, dass es lieber zuhause oder alleine sein m\u00f6chte.<\/li>\n<li>Versuchen Sie Ihr Kind darin zu unterst\u00fctzen, sich mit Freunden zu treffen und nach draussen zu gehen.<\/li>\n<\/ul>\n<h4>Schwierigkeiten positive Gef\u00fchle zu empfinden (z.B. Gl\u00fcck oder Liebe)<\/h4>\n<ul style=\"list-style-type: square;\">\n<li>Vielen Kindern Jugendlichen geht es nach einem traumatischen Ereignis so. Falls Sie merken, dass es nicht besser wird, oder Ihr Kind sehr belastet, erkundigen Sie sich gemeinsam nach Therapiem\u00f6glichkeiten.Helfen Sie Ihrem Kind, auch positive Dinge in seinem Leben bzw. seinem Alltag zu sehen. Via der KidTrauma-Webseite und -App (<strong>Therapiestellen<\/strong>) k\u00f6nnen Sie nach Expert*innen im Bereich der Kinder- und Jugendpsychotraumatolgie suchen.<\/li>\n<li>Es ist wichtig, dass Sie Ihrem Kind versichern, dass es trotz der traumatischen Erfahrungen, weiter Freude an Dingen haben darf und z.B. weiterhin seinen Hobbies nachgeht.<\/li>\n<\/ul>\n","protected":false},"excerpt":{"rendered":"<p>Einmalig schwerwiegende oder langanhaltende bzw. wiederholte Traumatisierungen k\u00f6nnen langfristig beeinflussen, wie Kinder und Jugendliche \u00fcber sich selbst, andere oder die Welt denken. Zudem sind Kinder und Jugendliche oftmals niedergeschlagen und bedr\u00fcckt. Nachfolgend aufgelistet sind Verhaltensauff\u00e4lligkeiten bzw. Probleme, die Kinder und Jugendliche in diesem Zusammenhang h\u00e4ufig zeigen und Tipps, wie Sie und Ihr Kind mit diesen [&hellip;]<\/p>\n","protected":false},"author":3,"featured_media":3600,"parent":0,"menu_order":0,"comment_status":"closed","ping_status":"closed","template":"","meta":{"ub_ctt_via":"","_mi_skip_tracking":false,"_monsterinsights_sitenote_active":false,"_monsterinsights_sitenote_note":"","_monsterinsights_sitenote_category":0,"footnotes":""},"featured_image_src":"https:\/\/kidtrauma.org\/wp-content\/uploads\/APP_gro\u00df_Feeling-down_DE.jpg","_links":{"self":[{"href":"https:\/\/kidtrauma.org\/index.php?rest_route=\/wp\/v2\/pages\/1679"}],"collection":[{"href":"https:\/\/kidtrauma.org\/index.php?rest_route=\/wp\/v2\/pages"}],"about":[{"href":"https:\/\/kidtrauma.org\/index.php?rest_route=\/wp\/v2\/types\/page"}],"author":[{"embeddable":true,"href":"https:\/\/kidtrauma.org\/index.php?rest_route=\/wp\/v2\/users\/3"}],"replies":[{"embeddable":true,"href":"https:\/\/kidtrauma.org\/index.php?rest_route=%2Fwp%2Fv2%2Fcomments&post=1679"}],"version-history":[{"count":22,"href":"https:\/\/kidtrauma.org\/index.php?rest_route=\/wp\/v2\/pages\/1679\/revisions"}],"predecessor-version":[{"id":5499,"href":"https:\/\/kidtrauma.org\/index.php?rest_route=\/wp\/v2\/pages\/1679\/revisions\/5499"}],"wp:featuredmedia":[{"embeddable":true,"href":"https:\/\/kidtrauma.org\/index.php?rest_route=\/wp\/v2\/media\/3600"}],"wp:attachment":[{"href":"https:\/\/kidtrauma.org\/index.php?rest_route=%2Fwp%2Fv2%2Fmedia&parent=1679"}],"curies":[{"name":"wp","href":"https:\/\/api.w.org\/{rel}","templated":true}]}}