{"id":1687,"date":"2019-09-02T10:08:42","date_gmt":"2019-09-02T09:08:42","guid":{"rendered":"http:\/\/vps31252.alfahosting-vps.de\/wordpress\/?page_id=1687"},"modified":"2020-05-25T12:59:35","modified_gmt":"2020-05-25T11:59:35","slug":"app_depressionselfesteem_%e2%89%a56_de","status":"publish","type":"page","link":"https:\/\/kidtrauma.org\/?page_id=1687","title":{"rendered":"Depression\/Selbstwert"},"content":{"rendered":"\n<p>Einmalig schwerwiegende oder langanhaltende bzw. wiederholte Traumatisierungen wirken sich bei vielen betroffenen Kindern und Jugendlichen noch lange danach auf deren Stimmung und Empfinden aus. Beispielsweise sind die Kinder und Jugendliche oft traurig, empfinden keine Freude mehr an Dingen oder Aktivit\u00e4ten und sind oft m\u00fcde und ersch\u00f6pft. Versuche der Eltern ihre Kinder aufzuheitern gelingen in der Regel nicht oder sind nur ganz kurzfristig erfolgreich. Viele Kinder und Jugendliche denken auch schlecht von sich selbst und trauen sich nichts zu. Sie f\u00fchlen sich:<\/p>\n<ul style=\"list-style-type: square;\">\n<li>\n<h4>wertlos<\/h4>\n<\/li>\n<li>\n<h4>hoffnungslos und fehlerhaft<\/h4>\n<\/li>\n<li>\n<h4>sehen sich als eine \u201eschlechte\u201c Person<\/h4>\n<\/li>\n<li>\n<h4>als verachtenswert<\/h4>\n<\/li>\n<li>\n<h4>als dauerhaft seelisch gesch\u00e4digt<\/h4>\n<\/li>\n<li>\n<h4>als unerw\u00fcnscht<\/h4>\n<\/li>\n<\/ul>\n<h3>Tipps<\/h3>\n<ul style=\"list-style-type: square;\">\n<li>Zeigen Sie ihrem Kind gegen\u00fcber Interesse und geben Sie ihm von Zeit zu Zeit Ihre ungeteilte Aufmerksamkeit.<\/li>\n<li>Nehmen Sie die Anliegen\/ Sorgen Ihres Kindes ernst und gehen Sie auf seine\/ihre Gef\u00fchle ein.<\/li>\n<li>Unterst\u00fctzen Sie Ihr Kind dabei ein Hobby (wieder) aufzunehmen und sich (wieder) mit Freunden zu treffen.<\/li>\n<li>Unterst\u00fctzen Sie mutiges Verhalten bei Ihrem Kind und verst\u00e4rken Sie dieses, wenn es auftritt.<\/li>\n<li>Loben Sie ihr Kind mehrmals am Tag, auch f\u00fcr Kleinigkeiten.<\/li>\n<li>Wichtig zu wissen ist, dass es gute Behandlungsm\u00f6glichkeit gibt, um mit einem schlimmen Ereignis und daraus resultierenden Depression und Selbstwertgef\u00fchl klarzukommen. Erkundigen Sie sich als Eltern nach Therapieangeboten. Via der KidTrauma-Webseite und -App (<strong>Therapistellen<\/strong>) k\u00f6nnen Sie nach Expert*innen im Bereich der Kinder- und Jugendpsychotraumatolgie suchen. Beziehen Sie Ihr Kind mit ein.<\/li>\n<\/ul>\n","protected":false},"excerpt":{"rendered":"<p>Einmalig schwerwiegende oder langanhaltende bzw. wiederholte Traumatisierungen wirken sich bei vielen betroffenen Kindern und Jugendlichen noch lange danach auf deren Stimmung und Empfinden aus. Beispielsweise sind die Kinder und Jugendliche oft traurig, empfinden keine Freude mehr an Dingen oder Aktivit\u00e4ten und sind oft m\u00fcde und ersch\u00f6pft. Versuche der Eltern ihre Kinder aufzuheitern gelingen in der [&hellip;]<\/p>\n","protected":false},"author":3,"featured_media":3605,"parent":0,"menu_order":0,"comment_status":"closed","ping_status":"closed","template":"","meta":{"ub_ctt_via":"","_mi_skip_tracking":false,"_monsterinsights_sitenote_active":false,"_monsterinsights_sitenote_note":"","_monsterinsights_sitenote_category":0,"footnotes":""},"featured_image_src":"https:\/\/kidtrauma.org\/wp-content\/uploads\/APP_gro\u00df_Feeling-down-4.jpg","_links":{"self":[{"href":"https:\/\/kidtrauma.org\/index.php?rest_route=\/wp\/v2\/pages\/1687"}],"collection":[{"href":"https:\/\/kidtrauma.org\/index.php?rest_route=\/wp\/v2\/pages"}],"about":[{"href":"https:\/\/kidtrauma.org\/index.php?rest_route=\/wp\/v2\/types\/page"}],"author":[{"embeddable":true,"href":"https:\/\/kidtrauma.org\/index.php?rest_route=\/wp\/v2\/users\/3"}],"replies":[{"embeddable":true,"href":"https:\/\/kidtrauma.org\/index.php?rest_route=%2Fwp%2Fv2%2Fcomments&post=1687"}],"version-history":[{"count":15,"href":"https:\/\/kidtrauma.org\/index.php?rest_route=\/wp\/v2\/pages\/1687\/revisions"}],"predecessor-version":[{"id":5480,"href":"https:\/\/kidtrauma.org\/index.php?rest_route=\/wp\/v2\/pages\/1687\/revisions\/5480"}],"wp:featuredmedia":[{"embeddable":true,"href":"https:\/\/kidtrauma.org\/index.php?rest_route=\/wp\/v2\/media\/3605"}],"wp:attachment":[{"href":"https:\/\/kidtrauma.org\/index.php?rest_route=%2Fwp%2Fv2%2Fmedia&parent=1687"}],"curies":[{"name":"wp","href":"https:\/\/api.w.org\/{rel}","templated":true}]}}