{"id":1702,"date":"2019-09-02T10:16:12","date_gmt":"2019-09-02T09:16:12","guid":{"rendered":"http:\/\/vps31252.alfahosting-vps.de\/wordpress\/?page_id=1702"},"modified":"2020-05-25T13:03:55","modified_gmt":"2020-05-25T12:03:55","slug":"app_chronic_somatic_%e2%89%a56_de","status":"publish","type":"page","link":"https:\/\/kidtrauma.org\/?page_id=1702","title":{"rendered":"K\u00f6rperliche Probleme"},"content":{"rendered":"\n<p>Einmalig schwerwiegende oder langanhaltende bzw. wiederholte Traumatisierungen k\u00f6nnen bei Kindern und Jugendlichen auch zu k\u00f6rperlichen Symptomen f\u00fchren, f\u00fcr die keine k\u00f6rperliche Ursachen gefunden werden k\u00f6nnen. Diese passiert insbesondere angesichts von Gedanken an das traumatische Ereignis oder Dingen, die daran erinnern. Nachfolgend aufgelistet sind k\u00f6rperliche Beschwerden, die Kinder und Jugendliche in diesem Zusammenhang h\u00e4ufig zeigen und Tipps, wie Sie und Ihr Kind mit diesen umgehen k\u00f6nnen.<\/p>\n<h4>H\u00e4ufige k\u00f6rperliche Probleme<\/h4>\n<ul style=\"list-style-type: square;\">\n<li>Herzklopfen, Stechen in der Herzgegend, Engegef\u00fchl in der Brust<\/li>\n<li>Atemnot, Zittern, Schwindel<\/li>\n<li>Vermehrtes Schwitzen<\/li>\n<li>\u00dcbelkeit, Bauchschmerzen<\/li>\n<li>Kopfschmerzen, R\u00fcckenschmerzen<\/li>\n<\/ul>\n<h3>Tipps<\/h3>\n<ul style=\"list-style-type: square;\">\n<li>Versuchen Sie herauszufinden, ob die Schmerzen eine k\u00f6rperliche Ursache haben (\u00e4rztliche Abkl\u00e4rung).<\/li>\n<li>Lenken Sie Ihr Kind mit angenehmen Sachen ab (z.B. Spielen, Freizeitaktivit\u00e4ten)<\/li>\n<li>Versuchen Sie den k\u00f6rperlichen Symptomen nicht zu viel Aufmerksamkeit zu schenken.<\/li>\n<li>Sie k\u00f6nnen Ihrem Kind bei Bauchschmerzen auch einen warmen Wickel machen oder bei Kopfschmerzen einen k\u00fchlen Waschlappen auf den Kopf tun.<\/li>\n<li>Verwenden Sie auch Strategien, die vor dem traumatischen Ereignis schon hilfreich waren.<\/li>\n<\/ul>\n","protected":false},"excerpt":{"rendered":"<p>Einmalig schwerwiegende oder langanhaltende bzw. wiederholte Traumatisierungen k\u00f6nnen bei Kindern und Jugendlichen auch zu k\u00f6rperlichen Symptomen f\u00fchren, f\u00fcr die keine k\u00f6rperliche Ursachen gefunden werden k\u00f6nnen. Diese passiert insbesondere angesichts von Gedanken an das traumatische Ereignis oder Dingen, die daran erinnern. Nachfolgend aufgelistet sind k\u00f6rperliche Beschwerden, die Kinder und Jugendliche in diesem Zusammenhang h\u00e4ufig zeigen und [&hellip;]<\/p>\n","protected":false},"author":3,"featured_media":3620,"parent":0,"menu_order":0,"comment_status":"closed","ping_status":"closed","template":"","meta":{"ub_ctt_via":"","_mi_skip_tracking":false,"_monsterinsights_sitenote_active":false,"_monsterinsights_sitenote_note":"","_monsterinsights_sitenote_category":0,"footnotes":""},"featured_image_src":"https:\/\/kidtrauma.org\/wp-content\/uploads\/k\u00f6rperl-probleme-app.jpg","_links":{"self":[{"href":"https:\/\/kidtrauma.org\/index.php?rest_route=\/wp\/v2\/pages\/1702"}],"collection":[{"href":"https:\/\/kidtrauma.org\/index.php?rest_route=\/wp\/v2\/pages"}],"about":[{"href":"https:\/\/kidtrauma.org\/index.php?rest_route=\/wp\/v2\/types\/page"}],"author":[{"embeddable":true,"href":"https:\/\/kidtrauma.org\/index.php?rest_route=\/wp\/v2\/users\/3"}],"replies":[{"embeddable":true,"href":"https:\/\/kidtrauma.org\/index.php?rest_route=%2Fwp%2Fv2%2Fcomments&post=1702"}],"version-history":[{"count":12,"href":"https:\/\/kidtrauma.org\/index.php?rest_route=\/wp\/v2\/pages\/1702\/revisions"}],"predecessor-version":[{"id":5485,"href":"https:\/\/kidtrauma.org\/index.php?rest_route=\/wp\/v2\/pages\/1702\/revisions\/5485"}],"wp:featuredmedia":[{"embeddable":true,"href":"https:\/\/kidtrauma.org\/index.php?rest_route=\/wp\/v2\/media\/3620"}],"wp:attachment":[{"href":"https:\/\/kidtrauma.org\/index.php?rest_route=%2Fwp%2Fv2%2Fmedia&parent=1702"}],"curies":[{"name":"wp","href":"https:\/\/api.w.org\/{rel}","templated":true}]}}