{"id":1763,"date":"2019-09-02T10:49:14","date_gmt":"2019-09-02T09:49:14","guid":{"rendered":"http:\/\/vps31252.alfahosting-vps.de\/wordpress\/?page_id=1763"},"modified":"2020-05-25T08:43:37","modified_gmt":"2020-05-25T07:43:37","slug":"app_acute_overview_generalinformation_support-0-5_de","status":"publish","type":"page","link":"https:\/\/kidtrauma.org\/?page_id=1763","title":{"rendered":"Informationen und Tipps"},"content":{"rendered":"\n<p>Ihr Kind hat <strong>in den letzten 4 Wochen<\/strong> ein traumatisches Ereignis erlebt.<\/p>\n<h4>Grunds\u00e4tzlich gilt:<\/h4>\n<ul style=\"list-style-type: square;\">\n<li>Vermitteln Sie Ihrem Kind Ruhe und Sicherheit.<\/li>\n<li>Bieten Sie Ihrem Kind M\u00f6glichkeiten, \u00fcber seine Gef\u00fchle und Sorgen zu reden.<\/li>\n<li>Gehen Sie so schnell wie m\u00f6glich in die allt\u00e4gliche Routine zur\u00fcck (z.B. Schule, Hobbies, usw.).<\/li>\n<li>Verbringen Sie viel gemeinsame Zeit mit der Familie und mit Freunden.<\/li>\n<li>Nehmen Sie sich Zeit f\u00fcr sich und Ihre Gef\u00fchle.<\/li>\n<\/ul>\n<h4>Informationen und Tipps<\/h4>\n<p>Jedes Kind reagiert unterschiedlich auf traumatische Ereignisse. Die Reaktionen und Probleme, welche Kinder nach einer traumatischen Erfahrung zeigen k\u00f6nnen, werden in folgende f\u00fcnf Bereiche eingeteilt: belastende Gedanken\/Albtr\u00e4ume, Angst, Nervosit\u00e4t, St\u00f6rungen des Bewusstseins und andere Symptome. Zus\u00e4tzlich k\u00f6nnen traumatische Ereignisse, die Kindern wiederfahren auch Schuldgef\u00fchle bei den Eltern ausl\u00f6sen.<\/p>\n<p>Durch Anw\u00e4hlen der einzelnen Bereiche erfahren Sie mehr \u00fcber die entsprechenden Reaktionen nach einem traumatischen Ereignis und \u00fcber M\u00f6glichkeiten, wie Sie Ihr Kind unterst\u00fctzen k\u00f6nnen mit diesen umzugehen.<\/p>\n","protected":false},"excerpt":{"rendered":"<p>Ihr Kind hat in den letzten 4 Wochen ein traumatisches Ereignis erlebt. Grunds\u00e4tzlich gilt: Vermitteln Sie Ihrem Kind Ruhe und Sicherheit. Bieten Sie Ihrem Kind M\u00f6glichkeiten, \u00fcber seine Gef\u00fchle und Sorgen zu reden. Gehen Sie so schnell wie m\u00f6glich in die allt\u00e4gliche Routine zur\u00fcck (z.B. Schule, Hobbies, usw.). Verbringen Sie viel gemeinsame Zeit mit der [&hellip;]<\/p>\n","protected":false},"author":3,"featured_media":3773,"parent":0,"menu_order":0,"comment_status":"closed","ping_status":"closed","template":"","meta":{"ub_ctt_via":"","_mi_skip_tracking":false,"_monsterinsights_sitenote_active":false,"_monsterinsights_sitenote_note":"","_monsterinsights_sitenote_category":0,"footnotes":""},"featured_image_src":"https:\/\/kidtrauma.org\/wp-content\/uploads\/allgemeine-Info-klein.jpg","_links":{"self":[{"href":"https:\/\/kidtrauma.org\/index.php?rest_route=\/wp\/v2\/pages\/1763"}],"collection":[{"href":"https:\/\/kidtrauma.org\/index.php?rest_route=\/wp\/v2\/pages"}],"about":[{"href":"https:\/\/kidtrauma.org\/index.php?rest_route=\/wp\/v2\/types\/page"}],"author":[{"embeddable":true,"href":"https:\/\/kidtrauma.org\/index.php?rest_route=\/wp\/v2\/users\/3"}],"replies":[{"embeddable":true,"href":"https:\/\/kidtrauma.org\/index.php?rest_route=%2Fwp%2Fv2%2Fcomments&post=1763"}],"version-history":[{"count":22,"href":"https:\/\/kidtrauma.org\/index.php?rest_route=\/wp\/v2\/pages\/1763\/revisions"}],"predecessor-version":[{"id":5395,"href":"https:\/\/kidtrauma.org\/index.php?rest_route=\/wp\/v2\/pages\/1763\/revisions\/5395"}],"wp:featuredmedia":[{"embeddable":true,"href":"https:\/\/kidtrauma.org\/index.php?rest_route=\/wp\/v2\/media\/3773"}],"wp:attachment":[{"href":"https:\/\/kidtrauma.org\/index.php?rest_route=%2Fwp%2Fv2%2Fmedia&parent=1763"}],"curies":[{"name":"wp","href":"https:\/\/api.w.org\/{rel}","templated":true}]}}