{"id":1786,"date":"2019-09-02T12:41:13","date_gmt":"2019-09-02T11:41:13","guid":{"rendered":"http:\/\/vps31252.alfahosting-vps.de\/wordpress\/?page_id=1786"},"modified":"2020-05-25T08:59:04","modified_gmt":"2020-05-25T07:59:04","slug":"app_teenager_acute_overview_generalinformation_support_6_de","status":"publish","type":"page","link":"https:\/\/kidtrauma.org\/?page_id=1786","title":{"rendered":"Informationen und Tipps"},"content":{"rendered":"\n<p>Du hast besonders schwere oder langanhaltende bzw. wiederholte Traumatisierungen erlebt, die <strong>l\u00e4nger als 1 Monat<\/strong> zur\u00fcck liegen.<\/p>\n<p>Wichtig zu wissen ist, dass es gute Behandlungsm\u00f6glichkeit gibt, um mit schlimmen Ereignissen und daraus resultierenden Problemen klarzukommen. Deshalb wende Dich in so einem Fall an deine Eltern, Klassenlehrer*in oder direkt an eine*n Therapeut*in und besprich, ob und welche Therapieangebote f\u00fcr dich passen k\u00f6nnten. Via KidTrauma (Webseite oder App) kannst Du in Deiner N\u00e4he nach Experten*innen im Bereich der Kinder- und Jugendlichenpsychotraumatologie suchen.<\/p>\n<h4>Informationen und Tipps<\/h4>\n<p>Jede*r Jugendliche reagiert unterschiedlich auf traumatische Ereignisse. Die Auff\u00e4lligkeiten und Probleme, welche Jugendleiche nach traumatischen Ereignissen zeigen k\u00f6nnen, werden in folgende neun Bereiche eingeteilt: Belastende Erinnerungen\/Albtr\u00e4ume, Angst, Nervosit\u00e4t\/Hyperaktivit\u00e4t, Denken\/Stimmung, St\u00f6rungen des Bewusstseins, Depression\/Selbstwert, k\u00f6rperliche Probleme, aggressives\/aufs\u00e4ssiges Verhalten und komplexe Probleme.<\/p>\n<p>Durch Anw\u00e4hlen der einzelnen Bereiche erf\u00e4hrst Du mehr \u00fcber die entsprechenden Auff\u00e4lligkeiten und Probleme und \u00fcber M\u00f6glichkeiten, wie Du mit diesen umgehen kannst.<\/p>\n","protected":false},"excerpt":{"rendered":"<p>Du hast besonders schwere oder langanhaltende bzw. wiederholte Traumatisierungen erlebt, die l\u00e4nger als 1 Monat zur\u00fcck liegen. Wichtig zu wissen ist, dass es gute Behandlungsm\u00f6glichkeit gibt, um mit schlimmen Ereignissen und daraus resultierenden Problemen klarzukommen. Deshalb wende Dich in so einem Fall an deine Eltern, Klassenlehrer*in oder direkt an eine*n Therapeut*in und besprich, ob und [&hellip;]<\/p>\n","protected":false},"author":3,"featured_media":3627,"parent":0,"menu_order":0,"comment_status":"closed","ping_status":"closed","template":"","meta":{"ub_ctt_via":"","_mi_skip_tracking":false,"_monsterinsights_sitenote_active":false,"_monsterinsights_sitenote_note":"","_monsterinsights_sitenote_category":0,"footnotes":""},"featured_image_src":"https:\/\/kidtrauma.org\/wp-content\/uploads\/info-app.jpg","_links":{"self":[{"href":"https:\/\/kidtrauma.org\/index.php?rest_route=\/wp\/v2\/pages\/1786"}],"collection":[{"href":"https:\/\/kidtrauma.org\/index.php?rest_route=\/wp\/v2\/pages"}],"about":[{"href":"https:\/\/kidtrauma.org\/index.php?rest_route=\/wp\/v2\/types\/page"}],"author":[{"embeddable":true,"href":"https:\/\/kidtrauma.org\/index.php?rest_route=\/wp\/v2\/users\/3"}],"replies":[{"embeddable":true,"href":"https:\/\/kidtrauma.org\/index.php?rest_route=%2Fwp%2Fv2%2Fcomments&post=1786"}],"version-history":[{"count":12,"href":"https:\/\/kidtrauma.org\/index.php?rest_route=\/wp\/v2\/pages\/1786\/revisions"}],"predecessor-version":[{"id":5406,"href":"https:\/\/kidtrauma.org\/index.php?rest_route=\/wp\/v2\/pages\/1786\/revisions\/5406"}],"wp:featuredmedia":[{"embeddable":true,"href":"https:\/\/kidtrauma.org\/index.php?rest_route=\/wp\/v2\/media\/3627"}],"wp:attachment":[{"href":"https:\/\/kidtrauma.org\/index.php?rest_route=%2Fwp%2Fv2%2Fmedia&parent=1786"}],"curies":[{"name":"wp","href":"https:\/\/api.w.org\/{rel}","templated":true}]}}