{"id":1792,"date":"2019-09-02T12:48:38","date_gmt":"2019-09-02T11:48:38","guid":{"rendered":"http:\/\/vps31252.alfahosting-vps.de\/wordpress\/?page_id=1792"},"modified":"2020-05-25T08:57:11","modified_gmt":"2020-05-25T07:57:11","slug":"app_teenager_acute_overview_generalinformation_support_6_de-2","status":"publish","type":"page","link":"https:\/\/kidtrauma.org\/?page_id=1792","title":{"rendered":"Informationen und Tipps"},"content":{"rendered":"\n<p>Du hast <strong>in den letzten 4 Wochen<\/strong> ein traumatisches Ereignis erlebt.<\/p>\n<p>Jede*r Jugendliche reagiert unterschiedlich auf traumatische Ereignisse. Die Reaktionen, welche Jugendliche nach einem traumatischen Ereignis zeigen k\u00f6nnen, werden in folgende f\u00fcnf Bereiche eingeteilt: Belastende Erinnerungen\/Albtr\u00e4ume, Angst, Nervosit\u00e4t, St\u00f6rungen des Bewusstseins und Niedergeschlagenheit.<\/p>\n<p>Durch Anw\u00e4hlen der einzelnen Bereiche erf\u00e4hrst Du mehr \u00fcber die entsprechenden Reaktionen und \u00fcber M\u00f6glichkeiten, wie Du mit diesen umgehen kannst.<\/p>\n","protected":false},"excerpt":{"rendered":"<p>Du hast in den letzten 4 Wochen ein traumatisches Ereignis erlebt. Jede*r Jugendliche reagiert unterschiedlich auf traumatische Ereignisse. Die Reaktionen, welche Jugendliche nach einem traumatischen Ereignis zeigen k\u00f6nnen, werden in folgende f\u00fcnf Bereiche eingeteilt: Belastende Erinnerungen\/Albtr\u00e4ume, Angst, Nervosit\u00e4t, St\u00f6rungen des Bewusstseins und Niedergeschlagenheit. Durch Anw\u00e4hlen der einzelnen Bereiche erf\u00e4hrst Du mehr \u00fcber die entsprechenden Reaktionen [&hellip;]<\/p>\n","protected":false},"author":3,"featured_media":3627,"parent":0,"menu_order":0,"comment_status":"closed","ping_status":"closed","template":"","meta":{"ub_ctt_via":"","_mi_skip_tracking":false,"_monsterinsights_sitenote_active":false,"_monsterinsights_sitenote_note":"","_monsterinsights_sitenote_category":0,"footnotes":""},"featured_image_src":"https:\/\/kidtrauma.org\/wp-content\/uploads\/info-app.jpg","_links":{"self":[{"href":"https:\/\/kidtrauma.org\/index.php?rest_route=\/wp\/v2\/pages\/1792"}],"collection":[{"href":"https:\/\/kidtrauma.org\/index.php?rest_route=\/wp\/v2\/pages"}],"about":[{"href":"https:\/\/kidtrauma.org\/index.php?rest_route=\/wp\/v2\/types\/page"}],"author":[{"embeddable":true,"href":"https:\/\/kidtrauma.org\/index.php?rest_route=\/wp\/v2\/users\/3"}],"replies":[{"embeddable":true,"href":"https:\/\/kidtrauma.org\/index.php?rest_route=%2Fwp%2Fv2%2Fcomments&post=1792"}],"version-history":[{"count":10,"href":"https:\/\/kidtrauma.org\/index.php?rest_route=\/wp\/v2\/pages\/1792\/revisions"}],"predecessor-version":[{"id":5405,"href":"https:\/\/kidtrauma.org\/index.php?rest_route=\/wp\/v2\/pages\/1792\/revisions\/5405"}],"wp:featuredmedia":[{"embeddable":true,"href":"https:\/\/kidtrauma.org\/index.php?rest_route=\/wp\/v2\/media\/3627"}],"wp:attachment":[{"href":"https:\/\/kidtrauma.org\/index.php?rest_route=%2Fwp%2Fv2%2Fmedia&parent=1792"}],"curies":[{"name":"wp","href":"https:\/\/api.w.org\/{rel}","templated":true}]}}