{"id":180,"date":"2019-04-17T15:30:14","date_gmt":"2019-04-17T14:30:14","guid":{"rendered":"http:\/\/vps31252.alfahosting-vps.de\/wordpress\/?page_id=180"},"modified":"2020-06-04T14:54:56","modified_gmt":"2020-06-04T13:54:56","slug":"acuteinfo-5","status":"publish","type":"page","link":"https:\/\/kidtrauma.org\/?page_id=180","title":{"rendered":"Weitere Symptome "},"content":{"rendered":"\n<p>Im ersten Monat nach einem traumatischen Ereignis ist es normal, dass kleine Kinder \u00f6fter weinen, traurig sind oder sich vermehrt zur\u00fcckziehen. Manche Kinder zeigen auch Entwicklungsr\u00fcckschritte. So kann es sein, dass das Kind wieder am Daumen lutscht, einn\u00e4sst oder die Babysprache wieder aufnimmt.<\/p>\n<p>\u00a0<\/p>\n<h3>Traurigkeit, h\u00e4ufiges Weinen<\/h3>\n<ul style=\"list-style-type: square;\">\n<li>Erkl\u00e4ren Sie Ihrem Kind, dass es normal ist, dass es nach einem traumatischen Erlebnis traurig ist.<\/li>\n<li>Tr\u00f6sten Sie es und versichern Sie Ihrem Kind, dass alles vorbei ist.<\/li>\n<li>Vermitteln Sie Ihrem Kind Sicherheit.<\/li>\n<li>Manchmal schweigen kleine Kinder oder haben Schwierigkeiten genau zu sagen, was sie bedr\u00fcckt. Beschreiben Sie Gef\u00fchle wie Wut, Traurigkeit oder Sorge, die Kinder in dieser Situation haben k\u00f6nnen und fragen Sie Ihr Kind, welches auf es zutrifft. Sie k\u00f6nnen dazu auch einfache Emojis f\u00fcr verschiedene Gef\u00fchle auf Papier zeichnen, wie Sie sie vielleicht von Ihrem Smartphone her kennen.<\/li>\n<li>Zwingen Sie Ihr Kind nicht \u00fcber das Ereignis zu reden, aber lassen Sie es wissen, dass es jederzeit mit Ihnen \u00fcber Sorgen und \u00c4ngste sprechen kann.<\/li>\n<\/ul>\n<p>\u00a0<\/p>\n<h3>Sozialer R\u00fcckzug<\/h3>\n<ul style=\"list-style-type: square;\">\n<li>Zeigen Sie gegen\u00fcber Ihrem Kind Verst\u00e4ndnis, dass es lieber zuhause oder alleine sein m\u00f6chte.<\/li>\n<li>Versuchen Sie es aber sobald wie m\u00f6glich darin zu unterst\u00fctzen, sich wieder mit Freund*innen zu treffen und nach draussen zu gehen.<\/li>\n<li>Versichern Sie Ihrem Kind, dass es mit Freund*innen an einem sicheren Ort spielen kann, wo es von Erwachsenen besch\u00fctzt wird.<\/li>\n<\/ul>\n<p>\u00a0<\/p>\n<h3>Entwicklungsr\u00fcckschritte<\/h3>\n<ul style=\"list-style-type: square;\">\n<li>R\u00fcckkehr zu fr\u00fcherem Verhalten kommt bei Kindern nach einem traumatischen Ereignis h\u00e4ufig vor. Kinder beginnen beispielsweise wieder mit Daumenlutschen, Bettn\u00e4ssen, Babysprache oder wollen \u00f6fter auf dem Schoss ihrer Eltern sitzen.<\/li>\n<li>Verhalten Sie sich so neutral wie m\u00f6glich und schimpfen Sie nicht mit Ihrem Kind.<\/li>\n<li>Wechseln Sie die Kleidung und die Bettw\u00e4sche ohne Kommentar, wenn Ihr Kind einn\u00e4sst. Beruhigen Sie das Kind und versichern Sie ihm, dass das Problem bald wieder verschwinden wird.<\/li>\n<li>Lassen Sie nicht zu, dass jemand Ihr Kind durch Kommentare wie \u201eDu bist ja wie ein Baby\u201c kritisiert oder besch\u00e4mt.<\/li>\n<li>Erkl\u00e4ren Sie Ihrem Kind und Personen in Ihrem Umfeld, dass solche R\u00fcckschritte nach einem traumatischen Ereignis vorkommen k\u00f6nnen und dass sie bald vorbeigehen.<\/li>\n<li>Loben Sie Ihr Kind f\u00fcr alle Anstrengungen, die es macht, um diese Entwicklungsr\u00fcckschritte zu \u00fcberwinden.<\/li>\n<\/ul>\n","protected":false},"excerpt":{"rendered":"<p>Im ersten Monat nach einem traumatischen Ereignis ist es normal, dass kleine Kinder \u00f6fter weinen, traurig sind oder sich vermehrt zur\u00fcckziehen. Manche Kinder zeigen auch Entwicklungsr\u00fcckschritte. So kann es sein, dass das Kind wieder am Daumen lutscht, einn\u00e4sst oder die Babysprache wieder aufnimmt. \u00a0 Traurigkeit, h\u00e4ufiges Weinen Erkl\u00e4ren Sie Ihrem Kind, dass es normal ist, [&hellip;]<\/p>\n","protected":false},"author":3,"featured_media":3512,"parent":191,"menu_order":0,"comment_status":"closed","ping_status":"closed","template":"","meta":{"ub_ctt_via":"","_mi_skip_tracking":false,"_monsterinsights_sitenote_active":false,"_monsterinsights_sitenote_note":"","_monsterinsights_sitenote_category":0,"footnotes":""},"featured_image_src":"https:\/\/kidtrauma.org\/wp-content\/uploads\/andere-symptome.jpg","_links":{"self":[{"href":"https:\/\/kidtrauma.org\/index.php?rest_route=\/wp\/v2\/pages\/180"}],"collection":[{"href":"https:\/\/kidtrauma.org\/index.php?rest_route=\/wp\/v2\/pages"}],"about":[{"href":"https:\/\/kidtrauma.org\/index.php?rest_route=\/wp\/v2\/types\/page"}],"author":[{"embeddable":true,"href":"https:\/\/kidtrauma.org\/index.php?rest_route=\/wp\/v2\/users\/3"}],"replies":[{"embeddable":true,"href":"https:\/\/kidtrauma.org\/index.php?rest_route=%2Fwp%2Fv2%2Fcomments&post=180"}],"version-history":[{"count":25,"href":"https:\/\/kidtrauma.org\/index.php?rest_route=\/wp\/v2\/pages\/180\/revisions"}],"predecessor-version":[{"id":6053,"href":"https:\/\/kidtrauma.org\/index.php?rest_route=\/wp\/v2\/pages\/180\/revisions\/6053"}],"up":[{"embeddable":true,"href":"https:\/\/kidtrauma.org\/index.php?rest_route=\/wp\/v2\/pages\/191"}],"wp:featuredmedia":[{"embeddable":true,"href":"https:\/\/kidtrauma.org\/index.php?rest_route=\/wp\/v2\/media\/3512"}],"wp:attachment":[{"href":"https:\/\/kidtrauma.org\/index.php?rest_route=%2Fwp%2Fv2%2Fmedia&parent=180"}],"curies":[{"name":"wp","href":"https:\/\/api.w.org\/{rel}","templated":true}]}}