{"id":1855,"date":"2019-10-08T11:17:16","date_gmt":"2019-10-08T10:17:16","guid":{"rendered":"http:\/\/vps31252.alfahosting-vps.de\/wordpress\/?page_id=1855"},"modified":"2020-06-12T13:00:42","modified_gmt":"2020-06-12T12:00:42","slug":"web_teenager_acute_overview","status":"publish","type":"page","link":"https:\/\/kidtrauma.org\/?page_id=1855","title":{"rendered":"Akut "},"content":{"rendered":"\n<h3 style=\"text-align: left;\">Trauma-Check<\/h3>\n<p>Du hast im letzten Monat ein traumatisches Ereignis erlebt.<\/p>\n<p>Im ersten Monat nach einem traumatischen Ereignis treten beispielsweise bei vielen Jugendliche ungewollte und belastende Erinnerungen an das Ereignis auf und Jugendliche vermeiden Dinge, die sie daran erinnern. Jugendliche k\u00f6nnen auch \u00c4ngste entwickeln, angespannt und nerv\u00f6s sein und M\u00fche haben, sich auf etwas zu konzentrieren.<\/p>\n<p><strong>Solche Reaktionen sind im ersten Monat v\u00f6llig normal und kein Grund zur Besorgnis.<\/strong><\/p>\n<p>Falls Du Dir Sorgen machst und nicht weisst, ob fachlicher Rat empfehlenswert ist, f\u00fclle den <strong>Trauma-Check<\/strong> aus (fr\u00fchestens 5 Tage nach dem traumatischen Ereignis).<\/p>\n\n\n<div class=\"ub-button\"  id=\"ub-button-7e9dc995-e824-48a5-ae5e-6e1a1683919f\"><div class=\"ub-button-container align-button-\" id=\"ub-button-7e9dc995-e824-48a5-ae5e-6e1a1683919f\">\n    <a href=\"https:\/\/survey.kidtrauma.org\/index.php?r=survey\/index&#038;sid=37437&#038;lang=de\" target=\"_blank\"\n    rel=\"noopener noreferrer\"\n    class=\"ub-button-block-main ub-button-large ub-button-flex-large\">\n    <div class=\"ub-button-content-holder\"><span class=\"ub-button-icon-holder\"><svg xmlns=\"http:\/\/www.w3.org\/2000\/svg\"\n        height=\"35\", width=\"35\"\n        viewBox=\"0, 0, 384, 512\"><path fill=\"currentColor\" d=\"M192 0c-41.8 0-77.4 26.7-90.5 64H64C28.7 64 0 92.7 0 128V448c0 35.3 28.7 64 64 64H320c35.3 0 64-28.7 64-64V128c0-35.3-28.7-64-64-64H282.5C269.4 26.7 233.8 0 192 0zm0 64a32 32 0 1 1 0 64 32 32 0 1 1 0-64zM305 273L177 401c-9.4 9.4-24.6 9.4-33.9 0L79 337c-9.4-9.4-9.4-24.6 0-33.9s24.6-9.4 33.9 0l47 47L271 239c9.4-9.4 24.6-9.4 33.9 0s9.4 24.6 0 33.9z\"><\/svg><\/span><span class=\"ub-button-block-btn\">Trauma-Check<\/span>\n    <\/div><\/a><\/div><\/div>\n\n\n<h3>&nbsp;<\/h3>\n<h3 style=\"text-align: left;\">Informationen und Tipps <\/h3>\n<p>Jede*r Jugendliche reagiert unterschiedlich auf belastende Ereignisse. Die Reaktionen, welche Jugendliche in Folge einer traumatischen Erfahrung zeigen k\u00f6nnen, werden in folgende f\u00fcnf Bereiche eingeteilt: Belastende Erinnerungen\/Albtr\u00e4ume, Angst, Nervosit\u00e4t, St\u00f6rungen des Bewusstseins, und Niedergeschlagenheit.<\/p>\n<p>Durch Anw\u00e4hlen der einzelnen Bereiche erf\u00e4hrst Du mehr \u00fcber die entsprechenden Reaktionen und Probleme und \u00fcber M\u00f6glichkeiten, wie Du selbst damit umgehen kannst.<\/p>\n\n\n\n<div class=\"wp-block-columns has-2-columns is-layout-flex wp-container-core-columns-layout-1 wp-block-columns-is-layout-flex\">\n<div class=\"wp-block-column is-layout-flow wp-block-column-is-layout-flow\">\n\n<div class=\"ub-button\"  id=\"ub-button-4a29faba-9f5a-4c64-8f40-ac2f309d61b1\"><div class=\"ub-button-container align-button-\" id=\"ub-button-4a29faba-9f5a-4c64-8f40-ac2f309d61b1\">\n    <a href=\"http:\/\/kidtrauma.org\/?page_id=1945\" target=\"_self\"\n    rel=\"noopener noreferrer\"\n    class=\"ub-button-block-main ub-button-large ub-button-flex-large\">\n    <div class=\"ub-button-content-holder\"><span class=\"ub-button-icon-holder\"><svg xmlns=\"http:\/\/www.w3.org\/2000\/svg\"\n        height=\"35\", width=\"35\"\n        viewBox=\"0, 0, 512, 512\"><path fill=\"currentColor\" d=\"M256 512A256 256 0 1 0 256 0a256 256 0 1 0 0 512zM216 336h24V272H216c-13.3 0-24-10.7-24-24s10.7-24 24-24h48c13.3 0 24 10.7 24 24v88h8c13.3 0 24 10.7 24 24s-10.7 24-24 24H216c-13.3 0-24-10.7-24-24s10.7-24 24-24zm40-208a32 32 0 1 1 0 64 32 32 0 1 1 0-64z\"><\/svg><\/span><span class=\"ub-button-block-btn\">Belastende Erinnerungen\/Albtr\u00e4ume<\/span>\n    <\/div><\/a><\/div><\/div>\n\n<div class=\"ub-button\"  id=\"ub-button-9ea8b9d6-5515-4e8c-bdf9-cfe26ba6884d\"><div class=\"ub-button-container align-button-\" id=\"ub-button-9ea8b9d6-5515-4e8c-bdf9-cfe26ba6884d\">\n    <a href=\"http:\/\/kidtrauma.org\/?page_id=1900\" target=\"_self\"\n    rel=\"noopener noreferrer\"\n    class=\"ub-button-block-main ub-button-large ub-button-flex-large\">\n    <div class=\"ub-button-content-holder\"><span class=\"ub-button-icon-holder\"><svg xmlns=\"http:\/\/www.w3.org\/2000\/svg\"\n        height=\"35\", width=\"35\"\n        viewBox=\"0, 0, 512, 512\"><path fill=\"currentColor\" d=\"M256 512A256 256 0 1 0 256 0a256 256 0 1 0 0 512zM216 336h24V272H216c-13.3 0-24-10.7-24-24s10.7-24 24-24h48c13.3 0 24 10.7 24 24v88h8c13.3 0 24 10.7 24 24s-10.7 24-24 24H216c-13.3 0-24-10.7-24-24s10.7-24 24-24zm40-208a32 32 0 1 1 0 64 32 32 0 1 1 0-64z\"><\/svg><\/span><span class=\"ub-button-block-btn\">Angst<\/span>\n    <\/div><\/a><\/div><\/div>\n\n<div class=\"ub-button\"  id=\"ub-button-bc4f8729-138a-4ac8-9e83-99d7565be981\"><div class=\"ub-button-container align-button-\" id=\"ub-button-bc4f8729-138a-4ac8-9e83-99d7565be981\">\n    <a href=\"http:\/\/kidtrauma.org\/?page_id=1905\" target=\"_self\"\n    rel=\"noopener noreferrer\"\n    class=\"ub-button-block-main ub-button-large ub-button-flex-large\">\n    <div class=\"ub-button-content-holder\"><span class=\"ub-button-icon-holder\"><svg xmlns=\"http:\/\/www.w3.org\/2000\/svg\"\n        height=\"35\", width=\"35\"\n        viewBox=\"0, 0, 512, 512\"><path fill=\"currentColor\" d=\"M256 512A256 256 0 1 0 256 0a256 256 0 1 0 0 512zM216 336h24V272H216c-13.3 0-24-10.7-24-24s10.7-24 24-24h48c13.3 0 24 10.7 24 24v88h8c13.3 0 24 10.7 24 24s-10.7 24-24 24H216c-13.3 0-24-10.7-24-24s10.7-24 24-24zm40-208a32 32 0 1 1 0 64 32 32 0 1 1 0-64z\"><\/svg><\/span><span class=\"ub-button-block-btn\">Nervosit\u00e4t<\/span>\n    <\/div><\/a><\/div><\/div><\/div>\n\n\n\n<div class=\"wp-block-column is-layout-flow wp-block-column-is-layout-flow\">\n\n<div class=\"ub-button\"  id=\"ub-button-37215074-2cc5-4c37-b056-c71649b3aa0e\"><div class=\"ub-button-container align-button-\" id=\"ub-button-37215074-2cc5-4c37-b056-c71649b3aa0e\">\n    <a href=\"http:\/\/kidtrauma.org\/?page_id=1909\" target=\"_self\"\n    rel=\"noopener noreferrer\"\n    class=\"ub-button-block-main ub-button-large ub-button-flex-large\">\n    <div class=\"ub-button-content-holder\"><span class=\"ub-button-icon-holder\"><svg xmlns=\"http:\/\/www.w3.org\/2000\/svg\"\n        height=\"35\", width=\"35\"\n        viewBox=\"0, 0, 512, 512\"><path fill=\"currentColor\" d=\"M256 512A256 256 0 1 0 256 0a256 256 0 1 0 0 512zM216 336h24V272H216c-13.3 0-24-10.7-24-24s10.7-24 24-24h48c13.3 0 24 10.7 24 24v88h8c13.3 0 24 10.7 24 24s-10.7 24-24 24H216c-13.3 0-24-10.7-24-24s10.7-24 24-24zm40-208a32 32 0 1 1 0 64 32 32 0 1 1 0-64z\"><\/svg><\/span><span class=\"ub-button-block-btn\">St\u00f6rungen des Bewusstseins<\/span>\n    <\/div><\/a><\/div><\/div>\n\n<div class=\"ub-button\"  id=\"ub-button-42b5f3d7-d215-4a0e-afbf-fd8e9daaf5de\"><div class=\"ub-button-container align-button-\" id=\"ub-button-42b5f3d7-d215-4a0e-afbf-fd8e9daaf5de\">\n    <a href=\"http:\/\/kidtrauma.org\/?page_id=1502\" target=\"_self\"\n    rel=\"noopener noreferrer\"\n    class=\"ub-button-block-main ub-button-large ub-button-flex-large\">\n    <div class=\"ub-button-content-holder\"><span class=\"ub-button-icon-holder\"><svg xmlns=\"http:\/\/www.w3.org\/2000\/svg\"\n        height=\"35\", width=\"35\"\n        viewBox=\"0, 0, 512, 512\"><path fill=\"currentColor\" d=\"M256 512A256 256 0 1 0 256 0a256 256 0 1 0 0 512zM216 336h24V272H216c-13.3 0-24-10.7-24-24s10.7-24 24-24h48c13.3 0 24 10.7 24 24v88h8c13.3 0 24 10.7 24 24s-10.7 24-24 24H216c-13.3 0-24-10.7-24-24s10.7-24 24-24zm40-208a32 32 0 1 1 0 64 32 32 0 1 1 0-64z\"><\/svg><\/span><span class=\"ub-button-block-btn\">Niedergeschlagenheit<\/span>\n    <\/div><\/a><\/div><\/div><\/div>\n<\/div>\n\n\n\n<h3>\u00a0<\/h3>\n<h3 style=\"text-align: left;\">Fachlicher Rat<\/h3>\n<p>Falls Dir im Anschluss an den <strong>Trauma-Check<\/strong> fachlicher Rat empfohlen wird, kannst Du mit Hilfe der Funktion <strong>Therapiestellen<\/strong> direkt nach Experten*innen im Bereich der Kinder- und Jugendpsychotraumatologie in Deiner N\u00e4he suchen.<\/p>\n\n\n<div class=\"ub-button\"  id=\"ub-button-2c00481a-b56a-4e27-9a63-5d001709ed6a\"><div class=\"ub-button-container align-button-\" id=\"ub-button-2c00481a-b56a-4e27-9a63-5d001709ed6a\">\n    <a href=\"https:\/\/kidtrauma.org\/?page_id=74\" target=\"_blank\"\n    rel=\"noopener noreferrer\"\n    class=\"ub-button-block-main ub-button-large ub-button-flex-large\">\n    <div class=\"ub-button-content-holder\"><span class=\"ub-button-icon-holder\"><svg xmlns=\"http:\/\/www.w3.org\/2000\/svg\"\n        height=\"35\", width=\"35\"\n        viewBox=\"0, 0, 640, 512\"><path fill=\"currentColor\" d=\"M480 416h96c35.3 0 64-28.7 64-64V160c0-35.3-28.7-64-64-64H480V416zM448 96H192V416H448V96zM64 96C28.7 96 0 124.7 0 160V352c0 35.3 28.7 64 64 64h96V96H64zM248 208a24 24 0 1 1 48 0 24 24 0 1 1 -48 0zm120-24a24 24 0 1 1 0 48 24 24 0 1 1 0-48zM248 304a24 24 0 1 1 48 0 24 24 0 1 1 -48 0zm120-24a24 24 0 1 1 0 48 24 24 0 1 1 0-48z\"><\/svg><\/span><span class=\"ub-button-block-btn\">Therapiestellen<\/span>\n    <\/div><\/a><\/div><\/div>\n\n\n<h3>\u00a0<\/h3>\n<h3>Downloads\/Links<\/h3>\n<p>Hier kannst Du Informations-Brosch\u00fcren herunterladen und findest Links zu weiterf\u00fchrenden Informationen.<\/p>\n\n\n<div class=\"ub-button\"  id=\"ub-button-06a31401-96f1-406e-9d15-90d5bbe4824a\"><div class=\"ub-button-container align-button-\" id=\"ub-button-06a31401-96f1-406e-9d15-90d5bbe4824a\">\n    <a href=\"http:\/\/kidtrauma.org\/?page_id=1876\" target=\"_self\"\n    rel=\"noopener noreferrer\"\n    class=\"ub-button-block-main ub-button-large ub-button-flex-large\">\n    <div class=\"ub-button-content-holder\"><span class=\"ub-button-icon-holder\"><svg xmlns=\"http:\/\/www.w3.org\/2000\/svg\"\n        height=\"35\", width=\"35\"\n        viewBox=\"0, 0, 512, 512\"><path fill=\"currentColor\" d=\"M288 32c0-17.7-14.3-32-32-32s-32 14.3-32 32V274.7l-73.4-73.4c-12.5-12.5-32.8-12.5-45.3 0s-12.5 32.8 0 45.3l128 128c12.5 12.5 32.8 12.5 45.3 0l128-128c12.5-12.5 12.5-32.8 0-45.3s-32.8-12.5-45.3 0L288 274.7V32zM64 352c-35.3 0-64 28.7-64 64v32c0 35.3 28.7 64 64 64H448c35.3 0 64-28.7 64-64V416c0-35.3-28.7-64-64-64H346.5l-45.3 45.3c-25 25-65.5 25-90.5 0L165.5 352H64zm368 56a24 24 0 1 1 0 48 24 24 0 1 1 0-48z\"><\/svg><\/span><span class=\"ub-button-block-btn\">Downloads\/Links<\/span>\n    <\/div><\/a><\/div><\/div>","protected":false},"excerpt":{"rendered":"<p>Trauma-Check Du hast im letzten Monat ein traumatisches Ereignis erlebt. Im ersten Monat nach einem traumatischen Ereignis treten beispielsweise bei vielen Jugendliche ungewollte und belastende Erinnerungen an das Ereignis auf und Jugendliche vermeiden Dinge, die sie daran erinnern. Jugendliche k\u00f6nnen auch \u00c4ngste entwickeln, angespannt und nerv\u00f6s sein und M\u00fche haben, sich auf etwas zu konzentrieren. [&hellip;]<\/p>\n","protected":false},"author":3,"featured_media":0,"parent":0,"menu_order":0,"comment_status":"closed","ping_status":"closed","template":"","meta":{"ub_ctt_via":"","_mi_skip_tracking":false,"_monsterinsights_sitenote_active":false,"_monsterinsights_sitenote_note":"","_monsterinsights_sitenote_category":0,"footnotes":""},"featured_image_src":null,"_links":{"self":[{"href":"https:\/\/kidtrauma.org\/index.php?rest_route=\/wp\/v2\/pages\/1855"}],"collection":[{"href":"https:\/\/kidtrauma.org\/index.php?rest_route=\/wp\/v2\/pages"}],"about":[{"href":"https:\/\/kidtrauma.org\/index.php?rest_route=\/wp\/v2\/types\/page"}],"author":[{"embeddable":true,"href":"https:\/\/kidtrauma.org\/index.php?rest_route=\/wp\/v2\/users\/3"}],"replies":[{"embeddable":true,"href":"https:\/\/kidtrauma.org\/index.php?rest_route=%2Fwp%2Fv2%2Fcomments&post=1855"}],"version-history":[{"count":56,"href":"https:\/\/kidtrauma.org\/index.php?rest_route=\/wp\/v2\/pages\/1855\/revisions"}],"predecessor-version":[{"id":6166,"href":"https:\/\/kidtrauma.org\/index.php?rest_route=\/wp\/v2\/pages\/1855\/revisions\/6166"}],"wp:attachment":[{"href":"https:\/\/kidtrauma.org\/index.php?rest_route=%2Fwp%2Fv2%2Fmedia&parent=1855"}],"curies":[{"name":"wp","href":"https:\/\/api.w.org\/{rel}","templated":true}]}}