{"id":1857,"date":"2019-10-08T11:17:57","date_gmt":"2019-10-08T10:17:57","guid":{"rendered":"http:\/\/vps31252.alfahosting-vps.de\/wordpress\/?page_id=1857"},"modified":"2020-06-12T13:10:00","modified_gmt":"2020-06-12T12:10:00","slug":"web_teenager_chronic_overview_de","status":"publish","type":"page","link":"https:\/\/kidtrauma.org\/?page_id=1857","title":{"rendered":"Chronisch"},"content":{"rendered":"\n<h3>Trauma-Check<\/h3>\n<p>Du hast in der Vergangenheit (<strong>l\u00e4nger als 1 Monat zur\u00fcckliegend<\/strong>) eine schwere traumatische Erfahrung gemacht oder langanhaltend bzw. wiederholt Traumatisierungen (z.B. Misshandlung, Gewalt, Flucht, usw.) erlebt.<\/p>\n<p>Jugendliche, die in fr\u00fcheren Jahren besonders schwere oder langanhaltend bzw. wiederholt Traumatisierungen erlebt haben, k\u00f6nnen auch noch lange Zeit danach psychische Probleme haben. \u00dcber die Zeit k\u00f6nnen solche Erfahrungen die Entwicklung eines*r Jugendlichen beeintr\u00e4chtigen. Beispielsweise kann es zu einem Verlust von Vertrauen in andere Personen und in sich selbst kommen. Jugendliche f\u00fchlen sich nicht mehr sicher und geborgen, sie k\u00f6nnen \u00c4ngste und Verhaltensauff\u00e4lligkeiten (z.B. sozialer R\u00fcckzug, aggressives Verhalten, usw.) entwickeln.<\/p>\n<p>Falls Du Dir Sorgen machst und nicht weisst, ob fachlicher Rat empfehlenswert ist, f\u00fclle den <strong>Trauma-Check<\/strong> aus.<\/p>\n\n\n<div class=\"ub-button\"  id=\"ub-button-c2285101-6230-4eb7-9d1d-b78a3971d8da\"><div class=\"ub-button-container align-button-\" id=\"ub-button-c2285101-6230-4eb7-9d1d-b78a3971d8da\">\n    <a href=\"http:\/\/vps31252.alfahosting-vps.de\/limesurvey\/index.php?r=survey\/index&#038;sid=18465&#038;lang=de\" target=\"_blank\"\n    rel=\"noopener noreferrer\"\n    class=\"ub-button-block-main ub-button-large ub-button-flex-large\">\n    <div class=\"ub-button-content-holder\"><span class=\"ub-button-icon-holder\"><svg xmlns=\"http:\/\/www.w3.org\/2000\/svg\"\n        height=\"35\", width=\"35\"\n        viewBox=\"0, 0, 384, 512\"><path fill=\"currentColor\" d=\"M192 0c-41.8 0-77.4 26.7-90.5 64H64C28.7 64 0 92.7 0 128V448c0 35.3 28.7 64 64 64H320c35.3 0 64-28.7 64-64V128c0-35.3-28.7-64-64-64H282.5C269.4 26.7 233.8 0 192 0zm0 64a32 32 0 1 1 0 64 32 32 0 1 1 0-64zM305 273L177 401c-9.4 9.4-24.6 9.4-33.9 0L79 337c-9.4-9.4-9.4-24.6 0-33.9s24.6-9.4 33.9 0l47 47L271 239c9.4-9.4 24.6-9.4 33.9 0s9.4 24.6 0 33.9z\"><\/svg><\/span><span class=\"ub-button-block-btn\">Trauma-Check<\/span>\n    <\/div><\/a><\/div><\/div>\n\n\n<h3>\u00a0<\/h3>\n<h3>Informationen und Tipps<\/h3>\n<p>Jede*r Jugendliche reagiert unterschiedlich auf traumatische Ereignisse. Die Auff\u00e4lligkeiten und Probleme, welche Jugendliche nach besonders schweren oder wiederholten bzw. langanhaltenden Traumatisierungen zeigen k\u00f6nnen, werden in folgende neun Bereiche eingeteilt: Belastende Erinnerungen &amp; Albtr\u00e4ume, Angst, Nervosit\u00e4t &amp; Hyperaktivit\u00e4t, Denken &amp; Stimmung, St\u00f6rungen des Bewusstseins, Depression &amp; Selbstwert, k\u00f6rperliche Probleme, aggressives\/aufs\u00e4ssiges Verhalten und komplexe Probleme.<\/p>\n<p>Durch Anw\u00e4hlen der einzelnen Bereiche erf\u00e4hrst Du mehr \u00fcber die entsprechenden Auff\u00e4lligkeiten und Probleme und \u00fcber M\u00f6glichkeiten, wie Du selbst mit diesen umgehen kannst.<\/p>\n\n\n\n<div class=\"wp-block-columns has-2-columns is-layout-flex wp-container-core-columns-layout-1 wp-block-columns-is-layout-flex\">\n<div class=\"wp-block-column is-layout-flow wp-block-column-is-layout-flow\">\n\n<div class=\"ub-button\"  id=\"ub-button-f2d373ee-143f-4828-b812-a97b0b24f581\"><div class=\"ub-button-container align-button-\" id=\"ub-button-f2d373ee-143f-4828-b812-a97b0b24f581\">\n    <a href=\"http:\/\/kidtrauma.org\/?page_id=1896\" target=\"_self\"\n    rel=\"noopener noreferrer\"\n    class=\"ub-button-block-main ub-button-large ub-button-flex-large\">\n    <div class=\"ub-button-content-holder\"><span class=\"ub-button-icon-holder\"><svg xmlns=\"http:\/\/www.w3.org\/2000\/svg\"\n        height=\"35\", width=\"35\"\n        viewBox=\"0, 0, 512, 512\"><path fill=\"currentColor\" d=\"M256 512A256 256 0 1 0 256 0a256 256 0 1 0 0 512zM216 336h24V272H216c-13.3 0-24-10.7-24-24s10.7-24 24-24h48c13.3 0 24 10.7 24 24v88h8c13.3 0 24 10.7 24 24s-10.7 24-24 24H216c-13.3 0-24-10.7-24-24s10.7-24 24-24zm40-208a32 32 0 1 1 0 64 32 32 0 1 1 0-64z\"><\/svg><\/span><span class=\"ub-button-block-btn\">Belastende Erinnerungen\/Albtr\u00e4ume<\/span>\n    <\/div><\/a><\/div><\/div>\n\n<div class=\"ub-button\"  id=\"ub-button-2d01cdb6-a12d-4536-91d7-3256e1d67c72\"><div class=\"ub-button-container align-button-\" id=\"ub-button-2d01cdb6-a12d-4536-91d7-3256e1d67c72\">\n    <a href=\"http:\/\/kidtrauma.org\/?page_id=2856\" target=\"_self\"\n    rel=\"noopener noreferrer\"\n    class=\"ub-button-block-main ub-button-large ub-button-flex-large\">\n    <div class=\"ub-button-content-holder\"><span class=\"ub-button-icon-holder\"><svg xmlns=\"http:\/\/www.w3.org\/2000\/svg\"\n        height=\"35\", width=\"35\"\n        viewBox=\"0, 0, 512, 512\"><path fill=\"currentColor\" d=\"M256 512A256 256 0 1 0 256 0a256 256 0 1 0 0 512zM216 336h24V272H216c-13.3 0-24-10.7-24-24s10.7-24 24-24h48c13.3 0 24 10.7 24 24v88h8c13.3 0 24 10.7 24 24s-10.7 24-24 24H216c-13.3 0-24-10.7-24-24s10.7-24 24-24zm40-208a32 32 0 1 1 0 64 32 32 0 1 1 0-64z\"><\/svg><\/span><span class=\"ub-button-block-btn\">Angst<\/span>\n    <\/div><\/a><\/div><\/div>\n\n<div class=\"ub-button\"  id=\"ub-button-59104adb-6c5b-47ed-a7e5-6739509b37a2\"><div class=\"ub-button-container align-button-\" id=\"ub-button-59104adb-6c5b-47ed-a7e5-6739509b37a2\">\n    <a href=\"http:\/\/kidtrauma.org\/?page_id=2864\" target=\"_self\"\n    rel=\"noopener noreferrer\"\n    class=\"ub-button-block-main ub-button-large ub-button-flex-large\">\n    <div class=\"ub-button-content-holder\"><span class=\"ub-button-icon-holder\"><svg xmlns=\"http:\/\/www.w3.org\/2000\/svg\"\n        height=\"35\", width=\"35\"\n        viewBox=\"0, 0, 512, 512\"><path fill=\"currentColor\" d=\"M256 512A256 256 0 1 0 256 0a256 256 0 1 0 0 512zM216 336h24V272H216c-13.3 0-24-10.7-24-24s10.7-24 24-24h48c13.3 0 24 10.7 24 24v88h8c13.3 0 24 10.7 24 24s-10.7 24-24 24H216c-13.3 0-24-10.7-24-24s10.7-24 24-24zm40-208a32 32 0 1 1 0 64 32 32 0 1 1 0-64z\"><\/svg><\/span><span class=\"ub-button-block-btn\">Nervosit\u00e4t\/Hyperaktivit\u00e4t<\/span>\n    <\/div><\/a><\/div><\/div>\n\n<div class=\"ub-button\"  id=\"ub-button-709130bd-3669-4ee3-ae75-c95cd14a1a0c\"><div class=\"ub-button-container align-button-\" id=\"ub-button-709130bd-3669-4ee3-ae75-c95cd14a1a0c\">\n    <a href=\"https:\/\/kidtrauma.org\/?page_id=2881\" target=\"_self\"\n    rel=\"noopener noreferrer\"\n    class=\"ub-button-block-main ub-button-large ub-button-flex-large\">\n    <div class=\"ub-button-content-holder\"><span class=\"ub-button-icon-holder\"><svg xmlns=\"http:\/\/www.w3.org\/2000\/svg\"\n        height=\"35\", width=\"35\"\n        viewBox=\"0, 0, 512, 512\"><path fill=\"currentColor\" d=\"M256 512A256 256 0 1 0 256 0a256 256 0 1 0 0 512zM216 336h24V272H216c-13.3 0-24-10.7-24-24s10.7-24 24-24h48c13.3 0 24 10.7 24 24v88h8c13.3 0 24 10.7 24 24s-10.7 24-24 24H216c-13.3 0-24-10.7-24-24s10.7-24 24-24zm40-208a32 32 0 1 1 0 64 32 32 0 1 1 0-64z\"><\/svg><\/span><span class=\"ub-button-block-btn\">Denken\/Stimmung<\/span>\n    <\/div><\/a><\/div><\/div>\n\n<div class=\"ub-button\"  id=\"ub-button-f7f2f26f-a892-4e79-a4e3-73d898dbf32c\"><div class=\"ub-button-container align-button-\" id=\"ub-button-f7f2f26f-a892-4e79-a4e3-73d898dbf32c\">\n    <a href=\"http:\/\/kidtrauma.org\/?page_id=2893\" target=\"_self\"\n    rel=\"noopener noreferrer\"\n    class=\"ub-button-block-main ub-button-large ub-button-flex-large\">\n    <div class=\"ub-button-content-holder\"><span class=\"ub-button-icon-holder\"><svg xmlns=\"http:\/\/www.w3.org\/2000\/svg\"\n        height=\"35\", width=\"35\"\n        viewBox=\"0, 0, 512, 512\"><path fill=\"currentColor\" d=\"M256 512A256 256 0 1 0 256 0a256 256 0 1 0 0 512zM216 336h24V272H216c-13.3 0-24-10.7-24-24s10.7-24 24-24h48c13.3 0 24 10.7 24 24v88h8c13.3 0 24 10.7 24 24s-10.7 24-24 24H216c-13.3 0-24-10.7-24-24s10.7-24 24-24zm40-208a32 32 0 1 1 0 64 32 32 0 1 1 0-64z\"><\/svg><\/span><span class=\"ub-button-block-btn\">St\u00f6rungen des Bewusstseins<\/span>\n    <\/div><\/a><\/div><\/div><\/div>\n\n\n\n<div class=\"wp-block-column is-layout-flow wp-block-column-is-layout-flow\">\n\n<div class=\"ub-button\"  id=\"ub-button-8cf864e6-bdf6-4391-8192-90cf4cc6716d\"><div class=\"ub-button-container align-button-\" id=\"ub-button-8cf864e6-bdf6-4391-8192-90cf4cc6716d\">\n    <a href=\"http:\/\/kidtrauma.org\/?page_id=2901\" target=\"_self\"\n    rel=\"noopener noreferrer\"\n    class=\"ub-button-block-main ub-button-large ub-button-flex-large\">\n    <div class=\"ub-button-content-holder\"><span class=\"ub-button-icon-holder\"><svg xmlns=\"http:\/\/www.w3.org\/2000\/svg\"\n        height=\"35\", width=\"35\"\n        viewBox=\"0, 0, 512, 512\"><path fill=\"currentColor\" d=\"M256 512A256 256 0 1 0 256 0a256 256 0 1 0 0 512zM216 336h24V272H216c-13.3 0-24-10.7-24-24s10.7-24 24-24h48c13.3 0 24 10.7 24 24v88h8c13.3 0 24 10.7 24 24s-10.7 24-24 24H216c-13.3 0-24-10.7-24-24s10.7-24 24-24zm40-208a32 32 0 1 1 0 64 32 32 0 1 1 0-64z\"><\/svg><\/span><span class=\"ub-button-block-btn\">Depression\/Selbstwert<\/span>\n    <\/div><\/a><\/div><\/div>\n\n<div class=\"ub-button\"  id=\"ub-button-c72098e5-0915-4ff1-8f33-3beb5ac15c8c\"><div class=\"ub-button-container align-button-\" id=\"ub-button-c72098e5-0915-4ff1-8f33-3beb5ac15c8c\">\n    <a href=\"http:\/\/kidtrauma.org\/?page_id=2911\" target=\"_self\"\n    rel=\"noopener noreferrer\"\n    class=\"ub-button-block-main ub-button-large ub-button-flex-large\">\n    <div class=\"ub-button-content-holder\"><span class=\"ub-button-icon-holder\"><svg xmlns=\"http:\/\/www.w3.org\/2000\/svg\"\n        height=\"35\", width=\"35\"\n        viewBox=\"0, 0, 512, 512\"><path fill=\"currentColor\" d=\"M256 512A256 256 0 1 0 256 0a256 256 0 1 0 0 512zM216 336h24V272H216c-13.3 0-24-10.7-24-24s10.7-24 24-24h48c13.3 0 24 10.7 24 24v88h8c13.3 0 24 10.7 24 24s-10.7 24-24 24H216c-13.3 0-24-10.7-24-24s10.7-24 24-24zm40-208a32 32 0 1 1 0 64 32 32 0 1 1 0-64z\"><\/svg><\/span><span class=\"ub-button-block-btn\">K\u00f6rperliche Probleme<\/span>\n    <\/div><\/a><\/div><\/div>\n\n<div class=\"ub-button\"  id=\"ub-button-0f7f64a7-f8b8-40b7-b2e9-283902401b1f\"><div class=\"ub-button-container align-button-\" id=\"ub-button-0f7f64a7-f8b8-40b7-b2e9-283902401b1f\">\n    <a href=\"http:\/\/kidtrauma.org\/?page_id=2922\" target=\"_self\"\n    rel=\"noopener noreferrer\"\n    class=\"ub-button-block-main ub-button-large ub-button-flex-large\">\n    <div class=\"ub-button-content-holder\"><span class=\"ub-button-icon-holder\"><svg xmlns=\"http:\/\/www.w3.org\/2000\/svg\"\n        height=\"35\", width=\"35\"\n        viewBox=\"0, 0, 512, 512\"><path fill=\"currentColor\" d=\"M256 512A256 256 0 1 0 256 0a256 256 0 1 0 0 512zM216 336h24V272H216c-13.3 0-24-10.7-24-24s10.7-24 24-24h48c13.3 0 24 10.7 24 24v88h8c13.3 0 24 10.7 24 24s-10.7 24-24 24H216c-13.3 0-24-10.7-24-24s10.7-24 24-24zm40-208a32 32 0 1 1 0 64 32 32 0 1 1 0-64z\"><\/svg><\/span><span class=\"ub-button-block-btn\">Aggressives\/aufs\u00e4ssiges Verhalten<\/span>\n    <\/div><\/a><\/div><\/div>\n\n<div class=\"ub-button\"  id=\"ub-button-a7079dab-489b-4851-9b3b-6109dfbfb949\"><div class=\"ub-button-container align-button-\" id=\"ub-button-a7079dab-489b-4851-9b3b-6109dfbfb949\">\n    <a href=\"http:\/\/kidtrauma.org\/?page_id=2930\" target=\"_self\"\n    rel=\"noopener noreferrer\"\n    class=\"ub-button-block-main ub-button-large ub-button-flex-large\">\n    <div class=\"ub-button-content-holder\"><span class=\"ub-button-icon-holder\"><svg xmlns=\"http:\/\/www.w3.org\/2000\/svg\"\n        height=\"35\", width=\"35\"\n        viewBox=\"0, 0, 512, 512\"><path fill=\"currentColor\" d=\"M256 512A256 256 0 1 0 256 0a256 256 0 1 0 0 512zM216 336h24V272H216c-13.3 0-24-10.7-24-24s10.7-24 24-24h48c13.3 0 24 10.7 24 24v88h8c13.3 0 24 10.7 24 24s-10.7 24-24 24H216c-13.3 0-24-10.7-24-24s10.7-24 24-24zm40-208a32 32 0 1 1 0 64 32 32 0 1 1 0-64z\"><\/svg><\/span><span class=\"ub-button-block-btn\">Komplexe Probleme<\/span>\n    <\/div><\/a><\/div><\/div>\n\n<\/div>\n<\/div>\n\n\n\n<h3>&nbsp;<\/h3>\n<h3>Fachlicher Rat<\/h3>\n<p>Falls Dir im Anschluss an den <strong>Trauma-Check<\/strong> fachlicher Rat empfohlen wird, kannst Du mit Hilfe der Funktion <strong>Therapiestellen<\/strong> direkt nach Experten*innen im Bereich der Kinder- und Jugendpsychotraumatologie in Deiner N\u00e4he suchen.<\/p>\n\n\n<div class=\"ub-button\"  id=\"ub-button-20e0c2bd-6acc-42a7-a91b-d8340a4d9246\"><div class=\"ub-button-container align-button-\" id=\"ub-button-20e0c2bd-6acc-42a7-a91b-d8340a4d9246\">\n    <a href=\"https:\/\/kidtrauma.org\/?page_id=74\" target=\"_blank\"\n    rel=\"noopener noreferrer\"\n    class=\"ub-button-block-main ub-button-large ub-button-flex-large\">\n    <div class=\"ub-button-content-holder\"><span class=\"ub-button-icon-holder\"><svg xmlns=\"http:\/\/www.w3.org\/2000\/svg\"\n        height=\"35\", width=\"35\"\n        viewBox=\"0, 0, 640, 512\"><path fill=\"currentColor\" d=\"M480 416h96c35.3 0 64-28.7 64-64V160c0-35.3-28.7-64-64-64H480V416zM448 96H192V416H448V96zM64 96C28.7 96 0 124.7 0 160V352c0 35.3 28.7 64 64 64h96V96H64zM248 208a24 24 0 1 1 48 0 24 24 0 1 1 -48 0zm120-24a24 24 0 1 1 0 48 24 24 0 1 1 0-48zM248 304a24 24 0 1 1 48 0 24 24 0 1 1 -48 0zm120-24a24 24 0 1 1 0 48 24 24 0 1 1 0-48z\"><\/svg><\/span><span class=\"ub-button-block-btn\">Therapiestellen<\/span>\n    <\/div><\/a><\/div><\/div>\n\n\n<h3>&nbsp;<\/h3>\n<h3>Downloads\/Links<\/h3>\n<p>Hier kannst Du Informations-Brosch\u00fcren herunterladen und findest Links zu weiterf\u00fchrenden Informationen.<\/p>\n\n\n<div class=\"ub-button\"  id=\"ub-button-5c7a76ae-4cc3-4a78-b975-823db8f5f329\"><div class=\"ub-button-container align-button-\" id=\"ub-button-5c7a76ae-4cc3-4a78-b975-823db8f5f329\">\n    <a href=\"https:\/\/kidtrauma.org\/?page_id=1889\" target=\"_self\"\n    rel=\"noopener noreferrer\"\n    class=\"ub-button-block-main ub-button-large ub-button-flex-large\">\n    <div class=\"ub-button-content-holder\"><span class=\"ub-button-icon-holder\"><svg xmlns=\"http:\/\/www.w3.org\/2000\/svg\"\n        height=\"35\", width=\"35\"\n        viewBox=\"0, 0, 512, 512\"><path fill=\"currentColor\" d=\"M288 32c0-17.7-14.3-32-32-32s-32 14.3-32 32V274.7l-73.4-73.4c-12.5-12.5-32.8-12.5-45.3 0s-12.5 32.8 0 45.3l128 128c12.5 12.5 32.8 12.5 45.3 0l128-128c12.5-12.5 12.5-32.8 0-45.3s-32.8-12.5-45.3 0L288 274.7V32zM64 352c-35.3 0-64 28.7-64 64v32c0 35.3 28.7 64 64 64H448c35.3 0 64-28.7 64-64V416c0-35.3-28.7-64-64-64H346.5l-45.3 45.3c-25 25-65.5 25-90.5 0L165.5 352H64zm368 56a24 24 0 1 1 0 48 24 24 0 1 1 0-48z\"><\/svg><\/span><span class=\"ub-button-block-btn\">Downloads\/Links<\/span>\n    <\/div><\/a><\/div><\/div>","protected":false},"excerpt":{"rendered":"<p>Trauma-Check Du hast in der Vergangenheit (l\u00e4nger als 1 Monat zur\u00fcckliegend) eine schwere traumatische Erfahrung gemacht oder langanhaltend bzw. wiederholt Traumatisierungen (z.B. Misshandlung, Gewalt, Flucht, usw.) erlebt. Jugendliche, die in fr\u00fcheren Jahren besonders schwere oder langanhaltend bzw. wiederholt Traumatisierungen erlebt haben, k\u00f6nnen auch noch lange Zeit danach psychische Probleme haben. \u00dcber die Zeit k\u00f6nnen solche [&hellip;]<\/p>\n","protected":false},"author":3,"featured_media":0,"parent":0,"menu_order":0,"comment_status":"closed","ping_status":"closed","template":"","meta":{"ub_ctt_via":"","_mi_skip_tracking":false,"_monsterinsights_sitenote_active":false,"_monsterinsights_sitenote_note":"","_monsterinsights_sitenote_category":0,"footnotes":""},"featured_image_src":null,"_links":{"self":[{"href":"https:\/\/kidtrauma.org\/index.php?rest_route=\/wp\/v2\/pages\/1857"}],"collection":[{"href":"https:\/\/kidtrauma.org\/index.php?rest_route=\/wp\/v2\/pages"}],"about":[{"href":"https:\/\/kidtrauma.org\/index.php?rest_route=\/wp\/v2\/types\/page"}],"author":[{"embeddable":true,"href":"https:\/\/kidtrauma.org\/index.php?rest_route=\/wp\/v2\/users\/3"}],"replies":[{"embeddable":true,"href":"https:\/\/kidtrauma.org\/index.php?rest_route=%2Fwp%2Fv2%2Fcomments&post=1857"}],"version-history":[{"count":71,"href":"https:\/\/kidtrauma.org\/index.php?rest_route=\/wp\/v2\/pages\/1857\/revisions"}],"predecessor-version":[{"id":6172,"href":"https:\/\/kidtrauma.org\/index.php?rest_route=\/wp\/v2\/pages\/1857\/revisions\/6172"}],"wp:attachment":[{"href":"https:\/\/kidtrauma.org\/index.php?rest_route=%2Fwp%2Fv2%2Fmedia&parent=1857"}],"curies":[{"name":"wp","href":"https:\/\/api.w.org\/{rel}","templated":true}]}}