{"id":1867,"date":"2019-10-08T11:23:24","date_gmt":"2019-10-08T10:23:24","guid":{"rendered":"http:\/\/vps31252.alfahosting-vps.de\/wordpress\/?page_id=1867"},"modified":"2020-05-14T10:27:00","modified_gmt":"2020-05-14T09:27:00","slug":"web_teenager_acute_overview_traumacheck_de","status":"publish","type":"page","link":"https:\/\/kidtrauma.org\/?page_id=1867","title":{"rendered":"Trauma-Check"},"content":{"rendered":"\n<p>Im ersten Monat nach einem traumatischen Ereignis treten beispielsweise bei vielen Jugendliche ungewollte und belastende Erinnerungen an das Ereignis auf und Jugendliche vermeiden Dinge, die sie daran erinnern. Jugendliche k\u00f6nnen auch \u00c4ngste entwickeln, angespannt und nerv\u00f6s sein und M\u00fche haben, sich auf etwas zu konzentrieren.<\/p>\n<p><strong>Solche Reaktionen sind im ersten Monat v\u00f6llig normal und kein Grund zur Besorgnis.<\/strong><\/p>\n<p>Falls Du Dir Sorgen machst und nicht weisst, ob fachlicher Rat empfehlenswert ist, f\u00fclle den <strong>Trauma-Check<\/strong> (fr\u00fchestens 5 Tage nach dem traumatischen Ereignis) aus.<\/p>\n<p>Falls Dir im Anschluss des <strong>Trauma-Checks<\/strong> fachlicher Rat empfohlen wird, kannst mit Hilfe der Funktion <strong>Therapiestellen<\/strong> nach Hilfe in Deiner N\u00e4he suchen.<\/p>\n<p>Zus\u00e4tzlich erh\u00e4ltst Du bei Auff\u00e4lligkeiten spezifische Tipps, wie Du mit diesen umgehen kannst.<\/p>\n\n\n<div class=\"ub-button\"  id=\"ub-button-250d5871-c1a5-4680-83cd-e6b5297f6422\"><div class=\"ub-button-container align-button-\" id=\"ub-button-250d5871-c1a5-4680-83cd-e6b5297f6422\">\n    <a href=\"https:\/\/survey.kidtrauma.org\/index.php?r=survey\/index&#038;sid=37437&#038;lang=de\" target=\"_blank\"\n    rel=\"noopener noreferrer\"\n    class=\"ub-button-block-main ub-button-large\">\n    <div class=\"ub-button-content-holder\"><span class=\"ub-button-icon-holder\"><svg xmlns=\"http:\/\/www.w3.org\/2000\/svg\"\n        height=\"35\", width=\"35\"\n        viewBox=\"0, 0, 384, 512\"><path fill=\"currentColor\" d=\"M192 0c-41.8 0-77.4 26.7-90.5 64H64C28.7 64 0 92.7 0 128V448c0 35.3 28.7 64 64 64H320c35.3 0 64-28.7 64-64V128c0-35.3-28.7-64-64-64H282.5C269.4 26.7 233.8 0 192 0zm0 64a32 32 0 1 1 0 64 32 32 0 1 1 0-64zM305 273L177 401c-9.4 9.4-24.6 9.4-33.9 0L79 337c-9.4-9.4-9.4-24.6 0-33.9s24.6-9.4 33.9 0l47 47L271 239c9.4-9.4 24.6-9.4 33.9 0s9.4 24.6 0 33.9z\"><\/svg><\/span><span class=\"ub-button-block-btn\">Trauma-Check<\/span>\n    <\/div><\/a><\/div><\/div>","protected":false},"excerpt":{"rendered":"<p>Im ersten Monat nach einem traumatischen Ereignis treten beispielsweise bei vielen Jugendliche ungewollte und belastende Erinnerungen an das Ereignis auf und Jugendliche vermeiden Dinge, die sie daran erinnern. Jugendliche k\u00f6nnen auch \u00c4ngste entwickeln, angespannt und nerv\u00f6s sein und M\u00fche haben, sich auf etwas zu konzentrieren. Solche Reaktionen sind im ersten Monat v\u00f6llig normal und kein [&hellip;]<\/p>\n","protected":false},"author":3,"featured_media":3555,"parent":0,"menu_order":0,"comment_status":"closed","ping_status":"closed","template":"","meta":{"ub_ctt_via":"","_mi_skip_tracking":false,"_monsterinsights_sitenote_active":false,"_monsterinsights_sitenote_note":"","_monsterinsights_sitenote_category":0,"footnotes":""},"featured_image_src":"https:\/\/kidtrauma.org\/wp-content\/uploads\/download-jugendliche.jpg","_links":{"self":[{"href":"https:\/\/kidtrauma.org\/index.php?rest_route=\/wp\/v2\/pages\/1867"}],"collection":[{"href":"https:\/\/kidtrauma.org\/index.php?rest_route=\/wp\/v2\/pages"}],"about":[{"href":"https:\/\/kidtrauma.org\/index.php?rest_route=\/wp\/v2\/types\/page"}],"author":[{"embeddable":true,"href":"https:\/\/kidtrauma.org\/index.php?rest_route=\/wp\/v2\/users\/3"}],"replies":[{"embeddable":true,"href":"https:\/\/kidtrauma.org\/index.php?rest_route=%2Fwp%2Fv2%2Fcomments&post=1867"}],"version-history":[{"count":23,"href":"https:\/\/kidtrauma.org\/index.php?rest_route=\/wp\/v2\/pages\/1867\/revisions"}],"predecessor-version":[{"id":5125,"href":"https:\/\/kidtrauma.org\/index.php?rest_route=\/wp\/v2\/pages\/1867\/revisions\/5125"}],"wp:featuredmedia":[{"embeddable":true,"href":"https:\/\/kidtrauma.org\/index.php?rest_route=\/wp\/v2\/media\/3555"}],"wp:attachment":[{"href":"https:\/\/kidtrauma.org\/index.php?rest_route=%2Fwp%2Fv2%2Fmedia&parent=1867"}],"curies":[{"name":"wp","href":"https:\/\/api.w.org\/{rel}","templated":true}]}}