{"id":1870,"date":"2019-10-08T11:24:52","date_gmt":"2019-10-08T10:24:52","guid":{"rendered":"http:\/\/vps31252.alfahosting-vps.de\/wordpress\/?page_id=1870"},"modified":"2020-06-12T13:04:45","modified_gmt":"2020-06-12T12:04:45","slug":"web_teenager_acute_overview_information_de","status":"publish","type":"page","link":"https:\/\/kidtrauma.org\/?page_id=1870","title":{"rendered":"Informationen und Tipps"},"content":{"rendered":"\n<p>Jede*r Jugendliche reagiert unterschiedlich auf traumatische Ereignisse. Die Reaktionen, welche Jugendliche nach einem traumatischen Ereignis zeigen k\u00f6nnen, werden in folgende f\u00fcnf Bereiche eingeteilt: Belastende Erinnerungen\/Albtr\u00e4ume, Angst, Nervosit\u00e4t, St\u00f6rungen des Bewusstseins und Niedergeschlagenheit.<\/p>\n<p>Durch Anw\u00e4hlen der einzelnen Bereiche erf\u00e4hrst Du mehr \u00fcber die entsprechenden Reaktionen und \u00fcber M\u00f6glichkeiten, wie Du selbst mit diesen umgehen kannst.<\/p>\n\n\n\n<div class=\"wp-block-columns has-2-columns is-layout-flex wp-container-core-columns-layout-1 wp-block-columns-is-layout-flex\">\n<div class=\"wp-block-column is-layout-flow wp-block-column-is-layout-flow\"><div class=\"ub-button\"  id=\"ub-button-db49d30b-71d8-46b5-b551-5d7a4843acdc\"><div class=\"ub-button-container align-button-\" id=\"ub-button-db49d30b-71d8-46b5-b551-5d7a4843acdc\">\n    <a href=\"http:\/\/kidtrauma.org\/?page_id=1945\" target=\"_self\"\n    rel=\"noopener noreferrer\"\n    class=\"ub-button-block-main ub-button-large ub-button-flex-large\">\n    <div class=\"ub-button-content-holder\"><span class=\"ub-button-icon-holder\"><svg xmlns=\"http:\/\/www.w3.org\/2000\/svg\"\n        height=\"35\", width=\"35\"\n        viewBox=\"0, 0, 512, 512\"><path fill=\"currentColor\" d=\"M256 512A256 256 0 1 0 256 0a256 256 0 1 0 0 512zM216 336h24V272H216c-13.3 0-24-10.7-24-24s10.7-24 24-24h48c13.3 0 24 10.7 24 24v88h8c13.3 0 24 10.7 24 24s-10.7 24-24 24H216c-13.3 0-24-10.7-24-24s10.7-24 24-24zm40-208a32 32 0 1 1 0 64 32 32 0 1 1 0-64z\"><\/svg><\/span><span class=\"ub-button-block-btn\">Belastende Erinnerungen\/Albtr\u00e4ume<\/span>\n    <\/div><\/a><\/div><\/div>\n\n<div class=\"ub-button\"  id=\"ub-button-220a23f8-3aa3-436e-a849-385e0285168f\"><div class=\"ub-button-container align-button-\" id=\"ub-button-220a23f8-3aa3-436e-a849-385e0285168f\">\n    <a href=\"http:\/\/kidtrauma.org\/?page_id=1900\" target=\"_self\"\n    rel=\"noopener noreferrer\"\n    class=\"ub-button-block-main ub-button-large ub-button-flex-large\">\n    <div class=\"ub-button-content-holder\"><span class=\"ub-button-icon-holder\"><svg xmlns=\"http:\/\/www.w3.org\/2000\/svg\"\n        height=\"35\", width=\"35\"\n        viewBox=\"0, 0, 512, 512\"><path fill=\"currentColor\" d=\"M256 512A256 256 0 1 0 256 0a256 256 0 1 0 0 512zM216 336h24V272H216c-13.3 0-24-10.7-24-24s10.7-24 24-24h48c13.3 0 24 10.7 24 24v88h8c13.3 0 24 10.7 24 24s-10.7 24-24 24H216c-13.3 0-24-10.7-24-24s10.7-24 24-24zm40-208a32 32 0 1 1 0 64 32 32 0 1 1 0-64z\"><\/svg><\/span><span class=\"ub-button-block-btn\">Angst<\/span>\n    <\/div><\/a><\/div><\/div>\n\n<div class=\"ub-button\"  id=\"ub-button-7db2e51b-ce05-46fc-ab11-1e580436b181\"><div class=\"ub-button-container align-button-\" id=\"ub-button-7db2e51b-ce05-46fc-ab11-1e580436b181\">\n    <a href=\"http:\/\/kidtrauma.org\/?page_id=1905\" target=\"_self\"\n    rel=\"noopener noreferrer\"\n    class=\"ub-button-block-main ub-button-large ub-button-flex-large\">\n    <div class=\"ub-button-content-holder\"><span class=\"ub-button-icon-holder\"><svg xmlns=\"http:\/\/www.w3.org\/2000\/svg\"\n        height=\"35\", width=\"35\"\n        viewBox=\"0, 0, 512, 512\"><path fill=\"currentColor\" d=\"M256 512A256 256 0 1 0 256 0a256 256 0 1 0 0 512zM216 336h24V272H216c-13.3 0-24-10.7-24-24s10.7-24 24-24h48c13.3 0 24 10.7 24 24v88h8c13.3 0 24 10.7 24 24s-10.7 24-24 24H216c-13.3 0-24-10.7-24-24s10.7-24 24-24zm40-208a32 32 0 1 1 0 64 32 32 0 1 1 0-64z\"><\/svg><\/span><span class=\"ub-button-block-btn\">Nervosit\u00e4t<\/span>\n    <\/div><\/a><\/div><\/div><\/div>\n\n\n\n<div class=\"wp-block-column is-layout-flow wp-block-column-is-layout-flow\"><div class=\"ub-button\"  id=\"ub-button-489bdc4c-6147-487b-b67c-e6035225f188\"><div class=\"ub-button-container align-button-\" id=\"ub-button-489bdc4c-6147-487b-b67c-e6035225f188\">\n    <a href=\"http:\/\/kidtrauma.org\/?page_id=1909\" target=\"_self\"\n    rel=\"noopener noreferrer\"\n    class=\"ub-button-block-main ub-button-large ub-button-flex-large\">\n    <div class=\"ub-button-content-holder\"><span class=\"ub-button-icon-holder\"><svg xmlns=\"http:\/\/www.w3.org\/2000\/svg\"\n        height=\"35\", width=\"35\"\n        viewBox=\"0, 0, 512, 512\"><path fill=\"currentColor\" d=\"M256 512A256 256 0 1 0 256 0a256 256 0 1 0 0 512zM216 336h24V272H216c-13.3 0-24-10.7-24-24s10.7-24 24-24h48c13.3 0 24 10.7 24 24v88h8c13.3 0 24 10.7 24 24s-10.7 24-24 24H216c-13.3 0-24-10.7-24-24s10.7-24 24-24zm40-208a32 32 0 1 1 0 64 32 32 0 1 1 0-64z\"><\/svg><\/span><span class=\"ub-button-block-btn\">St\u00f6rungen des Bewusstseins<\/span>\n    <\/div><\/a><\/div><\/div>\n\n<div class=\"ub-button\"  id=\"ub-button-59464623-e42f-48bb-a06b-30ca00908cb1\"><div class=\"ub-button-container align-button-\" id=\"ub-button-59464623-e42f-48bb-a06b-30ca00908cb1\">\n    <a href=\"http:\/\/kidtrauma.org\/?page_id=1502\" target=\"_self\"\n    rel=\"noopener noreferrer\"\n    class=\"ub-button-block-main ub-button-large ub-button-flex-large\">\n    <div class=\"ub-button-content-holder\"><span class=\"ub-button-icon-holder\"><svg xmlns=\"http:\/\/www.w3.org\/2000\/svg\"\n        height=\"35\", width=\"35\"\n        viewBox=\"0, 0, 512, 512\"><path fill=\"currentColor\" d=\"M256 512A256 256 0 1 0 256 0a256 256 0 1 0 0 512zM216 336h24V272H216c-13.3 0-24-10.7-24-24s10.7-24 24-24h48c13.3 0 24 10.7 24 24v88h8c13.3 0 24 10.7 24 24s-10.7 24-24 24H216c-13.3 0-24-10.7-24-24s10.7-24 24-24zm40-208a32 32 0 1 1 0 64 32 32 0 1 1 0-64z\"><\/svg><\/span><span class=\"ub-button-block-btn\">Niedergeschlagenheit<\/span>\n    <\/div><\/a><\/div><\/div><\/div>\n<\/div>\n\n\n","protected":false},"excerpt":{"rendered":"<p>Jede*r Jugendliche reagiert unterschiedlich auf traumatische Ereignisse. Die Reaktionen, welche Jugendliche nach einem traumatischen Ereignis zeigen k\u00f6nnen, werden in folgende f\u00fcnf Bereiche eingeteilt: Belastende Erinnerungen\/Albtr\u00e4ume, Angst, Nervosit\u00e4t, St\u00f6rungen des Bewusstseins und Niedergeschlagenheit. Durch Anw\u00e4hlen der einzelnen Bereiche erf\u00e4hrst Du mehr \u00fcber die entsprechenden Reaktionen und \u00fcber M\u00f6glichkeiten, wie Du selbst mit diesen umgehen kannst.<\/p>\n","protected":false},"author":3,"featured_media":3451,"parent":0,"menu_order":0,"comment_status":"closed","ping_status":"closed","template":"","meta":{"ub_ctt_via":"","_mi_skip_tracking":false,"_monsterinsights_sitenote_active":false,"_monsterinsights_sitenote_note":"","_monsterinsights_sitenote_category":0,"footnotes":""},"featured_image_src":"https:\/\/kidtrauma.org\/wp-content\/uploads\/info.jpg","_links":{"self":[{"href":"https:\/\/kidtrauma.org\/index.php?rest_route=\/wp\/v2\/pages\/1870"}],"collection":[{"href":"https:\/\/kidtrauma.org\/index.php?rest_route=\/wp\/v2\/pages"}],"about":[{"href":"https:\/\/kidtrauma.org\/index.php?rest_route=\/wp\/v2\/types\/page"}],"author":[{"embeddable":true,"href":"https:\/\/kidtrauma.org\/index.php?rest_route=\/wp\/v2\/users\/3"}],"replies":[{"embeddable":true,"href":"https:\/\/kidtrauma.org\/index.php?rest_route=%2Fwp%2Fv2%2Fcomments&post=1870"}],"version-history":[{"count":43,"href":"https:\/\/kidtrauma.org\/index.php?rest_route=\/wp\/v2\/pages\/1870\/revisions"}],"predecessor-version":[{"id":6169,"href":"https:\/\/kidtrauma.org\/index.php?rest_route=\/wp\/v2\/pages\/1870\/revisions\/6169"}],"wp:featuredmedia":[{"embeddable":true,"href":"https:\/\/kidtrauma.org\/index.php?rest_route=\/wp\/v2\/media\/3451"}],"wp:attachment":[{"href":"https:\/\/kidtrauma.org\/index.php?rest_route=%2Fwp%2Fv2%2Fmedia&parent=1870"}],"curies":[{"name":"wp","href":"https:\/\/api.w.org\/{rel}","templated":true}]}}