{"id":1881,"date":"2019-10-08T12:20:58","date_gmt":"2019-10-08T11:20:58","guid":{"rendered":"http:\/\/vps31252.alfahosting-vps.de\/wordpress\/?page_id=1881"},"modified":"2020-05-14T16:28:49","modified_gmt":"2020-05-14T15:28:49","slug":"web_teenager_chronic_overview_traumacheck_de","status":"publish","type":"page","link":"https:\/\/kidtrauma.org\/?page_id=1881","title":{"rendered":"Trauma-Check"},"content":{"rendered":"\n<p>Du hast in der Vergangenheit (<strong>l\u00e4nger als 1 Monat zur\u00fcckliegend<\/strong>) eine schwere traumatische Erfahrung gemacht oder anhaltend bzw. wiederholt Traumatisierungen (z.B. Misshandlung, Gewalt, Flucht, usw.) erlebt.<\/p>\n<p>Jugendliche, die besonders schwere oder wiederholt bzw. langanhaltend Traumatisierungen erlebt haben, k\u00f6nnen auch noch lange Zeit danach psychische Probleme haben. \u00dcber die Zeit k\u00f6nnen solche Erfahrungen die Entwicklung eines*r Jugendlichen*r beeintr\u00e4chtigen. Beispielsweise kann es zu einem Verlust von Vertrauen in andere Personen und in sich selbst kommen. Jugendliche f\u00fchlen sich nicht mehr sicher und geborgen, sie k\u00f6nnen \u00c4ngste und Verhaltensauff\u00e4lligkeiten (z.B. sozialer R\u00fcckzug, aggressives Verhalten) entwickeln.<\/p>\n<p>Falls Du Dir gro\u00dfe Sorgen machst und nicht weisst, ob fachlicher Rat empfehlenswert ist, f\u00fclle den <strong>Trauma-Check<\/strong> (fr\u00fchestens 1 Monat nach dem\/n Ereignis\/sen) aus .<\/p>\n<p>Falls Dir im Anschluss des <strong>Trauma-Checks<\/strong> fachlicher Rat empfohlen wird, kannst mit Hilfe der Funktion <strong>Therapiestellen<\/strong> nach Hilfe in Deiner N\u00e4he suchen.<\/p>\n<p>Zus\u00e4tzlich erh\u00e4ltst Du bei Auff\u00e4lligkeiten spezifische Tipps, wie Du mit diesen umgehen kannst.<\/p>\n\n\n<div class=\"ub-button\"  id=\"ub-button-78d66116-b353-43d9-a6a8-e464a16f4eb8\"><div class=\"ub-button-container align-button-\" id=\"ub-button-78d66116-b353-43d9-a6a8-e464a16f4eb8\">\n    <a href=\"http:\/\/vps31252.alfahosting-vps.de\/limesurvey\/index.php?r=survey\/index&#038;sid=18465&#038;lang=de\" target=\"_blank\"\n    rel=\"noopener noreferrer\"\n    class=\"ub-button-block-main ub-button-large\">\n    <div class=\"ub-button-content-holder\"><span class=\"ub-button-icon-holder\"><svg xmlns=\"http:\/\/www.w3.org\/2000\/svg\"\n        height=\"35\", width=\"35\"\n        viewBox=\"0, 0, 384, 512\"><path fill=\"currentColor\" d=\"M192 0c-41.8 0-77.4 26.7-90.5 64H64C28.7 64 0 92.7 0 128V448c0 35.3 28.7 64 64 64H320c35.3 0 64-28.7 64-64V128c0-35.3-28.7-64-64-64H282.5C269.4 26.7 233.8 0 192 0zm0 64a32 32 0 1 1 0 64 32 32 0 1 1 0-64zM305 273L177 401c-9.4 9.4-24.6 9.4-33.9 0L79 337c-9.4-9.4-9.4-24.6 0-33.9s24.6-9.4 33.9 0l47 47L271 239c9.4-9.4 24.6-9.4 33.9 0s9.4 24.6 0 33.9z\"><\/svg><\/span><span class=\"ub-button-block-btn\">Trauma-Check<\/span>\n    <\/div><\/a><\/div><\/div>","protected":false},"excerpt":{"rendered":"<p>Du hast in der Vergangenheit (l\u00e4nger als 1 Monat zur\u00fcckliegend) eine schwere traumatische Erfahrung gemacht oder anhaltend bzw. wiederholt Traumatisierungen (z.B. Misshandlung, Gewalt, Flucht, usw.) erlebt. Jugendliche, die besonders schwere oder wiederholt bzw. langanhaltend Traumatisierungen erlebt haben, k\u00f6nnen auch noch lange Zeit danach psychische Probleme haben. \u00dcber die Zeit k\u00f6nnen solche Erfahrungen die Entwicklung eines*r [&hellip;]<\/p>\n","protected":false},"author":3,"featured_media":3555,"parent":0,"menu_order":0,"comment_status":"closed","ping_status":"closed","template":"","meta":{"ub_ctt_via":"","_mi_skip_tracking":false,"_monsterinsights_sitenote_active":false,"_monsterinsights_sitenote_note":"","_monsterinsights_sitenote_category":0,"footnotes":""},"featured_image_src":"https:\/\/kidtrauma.org\/wp-content\/uploads\/download-jugendliche.jpg","_links":{"self":[{"href":"https:\/\/kidtrauma.org\/index.php?rest_route=\/wp\/v2\/pages\/1881"}],"collection":[{"href":"https:\/\/kidtrauma.org\/index.php?rest_route=\/wp\/v2\/pages"}],"about":[{"href":"https:\/\/kidtrauma.org\/index.php?rest_route=\/wp\/v2\/types\/page"}],"author":[{"embeddable":true,"href":"https:\/\/kidtrauma.org\/index.php?rest_route=\/wp\/v2\/users\/3"}],"replies":[{"embeddable":true,"href":"https:\/\/kidtrauma.org\/index.php?rest_route=%2Fwp%2Fv2%2Fcomments&post=1881"}],"version-history":[{"count":23,"href":"https:\/\/kidtrauma.org\/index.php?rest_route=\/wp\/v2\/pages\/1881\/revisions"}],"predecessor-version":[{"id":5171,"href":"https:\/\/kidtrauma.org\/index.php?rest_route=\/wp\/v2\/pages\/1881\/revisions\/5171"}],"wp:featuredmedia":[{"embeddable":true,"href":"https:\/\/kidtrauma.org\/index.php?rest_route=\/wp\/v2\/media\/3555"}],"wp:attachment":[{"href":"https:\/\/kidtrauma.org\/index.php?rest_route=%2Fwp%2Fv2%2Fmedia&parent=1881"}],"curies":[{"name":"wp","href":"https:\/\/api.w.org\/{rel}","templated":true}]}}