{"id":1896,"date":"2019-10-08T12:33:19","date_gmt":"2019-10-08T11:33:19","guid":{"rendered":"http:\/\/vps31252.alfahosting-vps.de\/wordpress\/?page_id=1896"},"modified":"2020-06-03T12:39:26","modified_gmt":"2020-06-03T11:39:26","slug":"web_teenager_chronic_overview_intrusionen_de","status":"publish","type":"page","link":"https:\/\/kidtrauma.org\/?page_id=1896","title":{"rendered":"Belastende Erinnerungen\/Albtr\u00e4ume"},"content":{"rendered":"\n<p>In Folge von einmalig schwerwiegenden oder langanhaltenden bzw. wiederholten Traumatisierungen, k\u00f6nnen sich auch lange danach noch belastende Erinnerungen (Bilder, Ger\u00e4usche, Gedanken, Albtr\u00e4ume, usw.) an das Erlebte aufdr\u00e4ngen.<\/p>\n<p>\u00a0<\/p>\n<h3>Albtr\u00e4ume<\/h3>\n<ul style=\"list-style-type: square;\">\n<li>Nach traumatischen Ereignissen kommen Albtr\u00e4ume h\u00e4ufig vor.<\/li>\n<li>Die Inhalte der Albtr\u00e4ume m\u00fcssen thematisch nicht unbedingt mit dem traumatischen Ereignis zusammenh\u00e4ngen.<\/li>\n<li>Wenn Du mitten in der Nacht durch einen Albtraum erwachst, schaue, dass Du richtig wach wirst, damit der Traum aufh\u00f6rt. Zur Beruhigung und um wieder einschlafen zu k\u00f6nnen, kannst du ein H\u00f6rbuch, ein Podcast oder leise Musik h\u00f6ren. Manchmal hilft es auch, ein kleines Licht brennen zu lassen.<\/li>\n<li>Zur Beruhigung k\u00f6nnen Dir einfache Atem\u00fcbungen wie Z\u00e4hlen auf 3 beim Einatmen und Z\u00e4hlen auf 5 beim Ausatmen helfen. Wiederhole 10-20 mal.<\/li>\n<\/ul>\n<p>\u00a0<\/p>\n<h3>Belastende Gedanken oder Bilder an das Trauma<\/h3>\n<ul style=\"list-style-type: square;\">\n<li>H\u00e4ufig wird man immer wieder an das traumatische Ereignis erinnert und ist dadurch belastet.<\/li>\n<li>Es ist normal, dass belastende Erinnerungen Angst machen.<\/li>\n<li>Versuche herauszufinden, welche Situationen Erinnerungen an das Trauma hervorrufen (z. B. Menschen, Orte, Ger\u00e4usche, Ger\u00fcche, Gef\u00fchle, Tageszeiten).<\/li>\n<li>Es heisst nicht, dass wenn Du an das Erlebte erinnert wirst, dass es dann wieder geschieht.<\/li>\n<li>Versuche mutig zu sein und angstausl\u00f6sende Situationen auszuhalten. Belohne Dich selbst wenn du das schaffst (z.B. ins Kino gehen, mit Freunde*innen treffen, usw.).<\/li>\n<li>Versuche verschiedene Dinge aus, um Dich von den belastenden Erinnerungen abzulenken (z.B. an etwas Sch\u00f6nes wie die letzte Geburtstagsparty denken, mit Freund*innen treffen, usw.).<\/li>\n<li>Unternimm etwas Sch\u00f6nes mit Deinen Freund*innen oder gehe einer Besch\u00e4ftigung nach, welche Dir Spass macht.<\/li>\n<\/ul>\n<p>\u00a0<\/p>\n<h3>K\u00f6rperliche Beschwerden bei Erinnerungen an das Trauma<\/h3>\n<ul style=\"list-style-type: square;\">\n<li>Erinnerungen und Gedanken an traumatische Ereignisse l\u00f6sen manchmal auch k\u00f6rperliche Reaktionen aus (Herzklopfen, Bauchweh, usw.).<\/li>\n<li>Versuche herauszufinden, ob die Schmerzen eine k\u00f6rperliche Ursache haben. Manchmal haben Menschen n\u00e4mlich auch Schmerzen wenn sie etwas seelisch stark belastet. Das heisst nicht, dass man krank ist. Diese Schmerzen gehen ohne Medikamente wieder weg.<\/li>\n<li>Versuche Dich mit angenehmen Dingen abzulenken (z.B. Lieblingsserie schauen, usw.) Versuche den k\u00f6rperlichen Beschwerden nicht zu viel Aufmerksamkeit zu schenken.<\/li>\n<li>Du kannst dir im Fall von Bauchschmerzen z.B. auch einen warmen Wickel machen oder bei Kopfschmerzen einen k\u00fchlen Waschlappen auf den Kopf legen.<\/li>\n<li>Verwende auch Strategien, die vor dem traumatischen Ereignis schon hilfreich waren.<\/li>\n<\/ul>\n<p>\u00a0<\/p>\n<h3>Bei Erinnerungen leicht aus der Fassung geraten<\/h3>\n<ul style=\"list-style-type: square;\">\n<li>Es ist normal, dass man durch verschiedene Dinge immer wieder an das Erlebte erinnert wird und dadurch leicht aus der Fassung ger\u00e4t.<\/li>\n<li>Versuche Deine Sorgen und \u00c4ngste Deiner Familien oder Deinen Freund*innen mitzuteilen. Dar\u00fcber reden hilft oftmals bereits.<\/li>\n<\/ul>\n<p>\u00a0<\/p>\n<h3>Verhalten als w\u00fcrde das Trauma wieder passieren<\/h3>\n<ul style=\"list-style-type: square;\">\n<li>Nach traumatischen Ereignissen hat man oftmals Angst, es nochmals zu erleben und verh\u00e4lt sich dann manchmal auch so.<\/li>\n<li>Es ist normal, dass wenn Du an das Erlebte erinnert wirst, dass Du dich dadurch traurig, \u00e4ngstlich oder w\u00fctend f\u00fchlst.<\/li>\n<li>Schreibe Deine Sorgen auf und\/oder besprich diese mit Deiner Familie oder Freund*innen. Dar\u00fcber reden hilft oftmals bereits.<\/li>\n<li>Kurze Entspannungs\u00fcbungen wie einfache Atem\u00fcbungen mit Z\u00e4hlen auf 3 beim Einatmen und Z\u00e4hlen auf 5 beim Ausatmen helfen, wenn sie mehrmals wiederholt werden (wiederhole 10-20 mal).<\/li>\n<\/ul>\n","protected":false},"excerpt":{"rendered":"<p>In Folge von einmalig schwerwiegenden oder langanhaltenden bzw. wiederholten Traumatisierungen, k\u00f6nnen sich auch lange danach noch belastende Erinnerungen (Bilder, Ger\u00e4usche, Gedanken, Albtr\u00e4ume, usw.) an das Erlebte aufdr\u00e4ngen. \u00a0 Albtr\u00e4ume Nach traumatischen Ereignissen kommen Albtr\u00e4ume h\u00e4ufig vor. Die Inhalte der Albtr\u00e4ume m\u00fcssen thematisch nicht unbedingt mit dem traumatischen Ereignis zusammenh\u00e4ngen. Wenn Du mitten in der Nacht [&hellip;]<\/p>\n","protected":false},"author":3,"featured_media":3479,"parent":0,"menu_order":0,"comment_status":"closed","ping_status":"closed","template":"","meta":{"ub_ctt_via":"","_mi_skip_tracking":false,"_monsterinsights_sitenote_active":false,"_monsterinsights_sitenote_note":"","_monsterinsights_sitenote_category":0,"footnotes":""},"featured_image_src":"https:\/\/kidtrauma.org\/wp-content\/uploads\/Albtr\u00e4ume-3.jpg","_links":{"self":[{"href":"https:\/\/kidtrauma.org\/index.php?rest_route=\/wp\/v2\/pages\/1896"}],"collection":[{"href":"https:\/\/kidtrauma.org\/index.php?rest_route=\/wp\/v2\/pages"}],"about":[{"href":"https:\/\/kidtrauma.org\/index.php?rest_route=\/wp\/v2\/types\/page"}],"author":[{"embeddable":true,"href":"https:\/\/kidtrauma.org\/index.php?rest_route=\/wp\/v2\/users\/3"}],"replies":[{"embeddable":true,"href":"https:\/\/kidtrauma.org\/index.php?rest_route=%2Fwp%2Fv2%2Fcomments&post=1896"}],"version-history":[{"count":16,"href":"https:\/\/kidtrauma.org\/index.php?rest_route=\/wp\/v2\/pages\/1896\/revisions"}],"predecessor-version":[{"id":6005,"href":"https:\/\/kidtrauma.org\/index.php?rest_route=\/wp\/v2\/pages\/1896\/revisions\/6005"}],"wp:featuredmedia":[{"embeddable":true,"href":"https:\/\/kidtrauma.org\/index.php?rest_route=\/wp\/v2\/media\/3479"}],"wp:attachment":[{"href":"https:\/\/kidtrauma.org\/index.php?rest_route=%2Fwp%2Fv2%2Fmedia&parent=1896"}],"curies":[{"name":"wp","href":"https:\/\/api.w.org\/{rel}","templated":true}]}}