{"id":191,"date":"2019-04-18T09:32:34","date_gmt":"2019-04-18T08:32:34","guid":{"rendered":"http:\/\/vps31252.alfahosting-vps.de\/wordpress\/?page_id=191"},"modified":"2020-01-05T21:14:52","modified_gmt":"2020-01-05T20:14:52","slug":"acutegeneralinformationsupport","status":"publish","type":"page","link":"https:\/\/kidtrauma.org\/?page_id=191","title":{"rendered":"Wie k\u00f6nnen wir als Eltern unser Kind unterst\u00fctzen?"},"content":{"rendered":"\n<p>Jedes Kind reagiert unterschiedlich auf belastende Ereignisse. Die Reaktionen, welche Kinder nach einem Trauma zeigen k\u00f6nnen, werden in folgende vier Bereiche eingeteilt: Unfallbilder und Albtr\u00e4ume, Angst, Nervosit\u00e4t, St\u00f6rung des Bewusstseins, andere Symptome und elterliche Schuldgef\u00fchle.<\/p>\n<p>Durch Anw\u00e4hlen der einzelnen Bereiche erfahren Sie mehr \u00fcber die entsprechenden Reaktionen und \u00fcber M\u00f6glichkeiten, wie Sie Ihr Kind unterst\u00fctzen k\u00f6nnen.<\/p>\n\n\n\n<div class=\"wp-block-columns has-2-columns is-layout-flex wp-container-core-columns-layout-1 wp-block-columns-is-layout-flex\">\n<div class=\"wp-block-column is-layout-flow wp-block-column-is-layout-flow\">\n<p style=\"text-align: center;\"><a class=\"maxbutton-1 maxbutton maxbutton-button250\" href=\"http:\/\/yoururl\"><span class='mb-text'>BELASTENDE ERINNERUNGEN UND ALBTR\u00c4UME<\/span><\/a><\/p>\n<\/div>\n\n\n\n<div class=\"wp-block-column is-layout-flow wp-block-column-is-layout-flow\">\n<p style=\"text-align: center;\"><a class=\"maxbutton-1 maxbutton maxbutton-button250\" href=\"http:\/\/yoururl\"><span class='mb-text'>ST\u00d6RUNGEN DES BEWUSSTSEINS<\/span><\/a><\/p>\n<\/div>\n<\/div>\n\n\n\n<div class=\"wp-block-columns has-2-columns is-layout-flex wp-container-core-columns-layout-3 wp-block-columns-is-layout-flex\">\n<div class=\"wp-block-column is-layout-flow wp-block-column-is-layout-flow\">\n<p style=\"text-align: center;\"><a class=\"maxbutton-1 maxbutton maxbutton-button250\" href=\"http:\/\/yoururl\"><span class='mb-text'>ANGST<\/span><\/a><\/p>\n<\/div>\n\n\n\n<div class=\"wp-block-column is-layout-flow wp-block-column-is-layout-flow\">\n<p style=\"text-align: center;\"><a class=\"maxbutton-1 maxbutton maxbutton-button250\" href=\"http:\/\/yoururl\"><span class='mb-text'>ANDERE SYMPTOME<\/span><\/a><\/p>\n\n\n\n<div class=\"wp-block-columns has-2-columns is-layout-flex wp-container-core-columns-layout-2 wp-block-columns-is-layout-flex\">\n<div class=\"wp-block-column is-layout-flow wp-block-column-is-layout-flow\"><\/div>\n\n\n\n<div class=\"wp-block-column is-layout-flow wp-block-column-is-layout-flow\"><\/div>\n<\/div>\n<\/div>\n<\/div>\n\n\n\n<div class=\"wp-block-columns has-2-columns is-layout-flex wp-container-core-columns-layout-4 wp-block-columns-is-layout-flex\">\n<div class=\"wp-block-column is-layout-flow wp-block-column-is-layout-flow\">\n<p style=\"text-align: center;\"><a class=\"maxbutton-1 maxbutton maxbutton-button250\" href=\"http:\/\/yoururl\"><span class='mb-text'>NERVOSIT\u00c4T<\/span><\/a><\/p>\n<\/div>\n\n\n\n<div class=\"wp-block-column is-layout-flow wp-block-column-is-layout-flow\">\n<p style=\"text-align: center;\"><a class=\"maxbutton-1 maxbutton maxbutton-button250\" href=\"http:\/\/yoururl\"><span class='mb-text'>ELTERLICHE SCHULDGEF\u00dcHLE<\/span><\/a><\/p>\n<\/div>\n<\/div>\n","protected":false},"excerpt":{"rendered":"<p>Jedes Kind reagiert unterschiedlich auf belastende Ereignisse. Die Reaktionen, welche Kinder nach einem Trauma zeigen k\u00f6nnen, werden in folgende vier Bereiche eingeteilt: Unfallbilder und Albtr\u00e4ume, Angst, Nervosit\u00e4t, St\u00f6rung des Bewusstseins, andere Symptome und elterliche Schuldgef\u00fchle. Durch Anw\u00e4hlen der einzelnen Bereiche erfahren Sie mehr \u00fcber die entsprechenden Reaktionen und \u00fcber M\u00f6glichkeiten, wie Sie Ihr Kind unterst\u00fctzen [&hellip;]<\/p>\n","protected":false},"author":3,"featured_media":0,"parent":96,"menu_order":0,"comment_status":"closed","ping_status":"closed","template":"","meta":{"ub_ctt_via":"","_mi_skip_tracking":false,"_monsterinsights_sitenote_active":false,"_monsterinsights_sitenote_note":"","_monsterinsights_sitenote_category":0,"footnotes":""},"featured_image_src":null,"_links":{"self":[{"href":"https:\/\/kidtrauma.org\/index.php?rest_route=\/wp\/v2\/pages\/191"}],"collection":[{"href":"https:\/\/kidtrauma.org\/index.php?rest_route=\/wp\/v2\/pages"}],"about":[{"href":"https:\/\/kidtrauma.org\/index.php?rest_route=\/wp\/v2\/types\/page"}],"author":[{"embeddable":true,"href":"https:\/\/kidtrauma.org\/index.php?rest_route=\/wp\/v2\/users\/3"}],"replies":[{"embeddable":true,"href":"https:\/\/kidtrauma.org\/index.php?rest_route=%2Fwp%2Fv2%2Fcomments&post=191"}],"version-history":[{"count":13,"href":"https:\/\/kidtrauma.org\/index.php?rest_route=\/wp\/v2\/pages\/191\/revisions"}],"predecessor-version":[{"id":2295,"href":"https:\/\/kidtrauma.org\/index.php?rest_route=\/wp\/v2\/pages\/191\/revisions\/2295"}],"up":[{"embeddable":true,"href":"https:\/\/kidtrauma.org\/index.php?rest_route=\/wp\/v2\/pages\/96"}],"wp:attachment":[{"href":"https:\/\/kidtrauma.org\/index.php?rest_route=%2Fwp%2Fv2%2Fmedia&parent=191"}],"curies":[{"name":"wp","href":"https:\/\/api.w.org\/{rel}","templated":true}]}}