{"id":21,"date":"2019-04-14T10:00:57","date_gmt":"2019-04-14T09:00:57","guid":{"rendered":"http:\/\/vps31252.alfahosting-vps.de\/wordpress\/?page_id=21"},"modified":"2020-06-12T13:25:02","modified_gmt":"2020-06-12T12:25:02","slug":"willkommen-auf-unserer-website","status":"publish","type":"page","link":"https:\/\/kidtrauma.org\/","title":{"rendered":"Traumatisiert? Trauma-Check, Informationen und Tipps f\u00fcr traumatisierte Jugendliche und Eltern traumatisierter Kinder"},"content":{"rendered":"\n<p>Viele Kinder und Jugendliche erleben jedes Jahr traumatische Ereignisse. W\u00e4hrend sich die meisten von ihnen k\u00f6rperlich und seelisch von dem Trauma erholen, entwickeln einige Kinder und Jugendliche l\u00e4nger andauernde psychische Probleme. Die Kinder und Jugendlichen leiden z.B. unter belastenden Erinnerungen und Albtr\u00e4umen, werden pl\u00f6tzlich sehr \u00e4ngstlich, k\u00f6nnen sich nicht konzentrieren oder ziehen sich zur\u00fcck.<\/p>\n<p>&nbsp;<\/p>\n<p>KidTrauma hilft Jugendlichen und Eltern herauszufinden:<\/p>\n<ul style=\"list-style-type: square;\">\n<li>\n<p>welche Symptome nach Traumatisierungen auftreten k\u00f6nnen und wie man mit diesen umgehen kann (<strong>Informationen und Tipps<\/strong>),<\/p>\n<\/li>\n<li>\n<p>ob fachlicher Rat (z.B. Psychotherapie) empfehlenswert ist (<strong>Trauma-Check<\/strong>),<\/p>\n<\/li>\n<li>\n<p>wo Jugendliche und Eltern in ihrer unmittelbaren N\u00e4he fachliche Hilfe von Experten*innen im Bereich der Kinder- und Jugendpsychotraumatologie in Anspruch nehmen k\u00f6nnen (<strong>Therapiestellen<\/strong>).<\/p>\n<\/li>\n<\/ul>\n<p>&nbsp;<\/p>\n<p>Psychische Reaktionen und Verhaltenausff\u00e4lligkeiten unterscheiden sich bei Kindern und Jugendlichen in Abh\u00e4ngigkeit von ihrem Alter und der Dauer seit der traumatischen Erfahrung. Bitte auf die zutreffende Kategorie klicken, um mehr zu erfahren:<\/p>\n\n\n\n<h1>&nbsp;<\/h1>\n<h1 style=\"text-align: center;\">F\u00fcr Jugendliche (11 &#8211; 17 Jahre)<\/h1>\n\n\n\n<div class=\"wp-block-columns has-2-columns is-layout-flex wp-container-core-columns-layout-1 wp-block-columns-is-layout-flex\">\n<div class=\"wp-block-column is-layout-flow wp-block-column-is-layout-flow\">\n\n<div class=\"ub-button\"  id=\"ub-button-366f680d-74c3-4aae-9b71-3a5590f4cd17\"><div class=\"ub-button-container align-button-\" id=\"ub-button-366f680d-74c3-4aae-9b71-3a5590f4cd17\">\n    <a href=\"https:\/\/kidtrauma.org\/?page_id=1855\" target=\"_self\"\n    rel=\"noopener noreferrer\"\n    class=\"ub-button-block-main ub-button-large ub-button-flex-large\">\n    <div class=\"ub-button-content-holder\"><span class=\"ub-button-icon-holder\"><svg xmlns=\"http:\/\/www.w3.org\/2000\/svg\"\n        height=\"35\", width=\"35\"\n        viewBox=\"0, 0, 512, 512\"><path fill=\"currentColor\" d=\"M0 256a256 256 0 1 0 512 0A256 256 0 1 0 0 256zM294.6 135.1l99.9 107.1c3.5 3.8 5.5 8.7 5.5 13.8s-2 10.1-5.5 13.8L294.6 376.9c-4.2 4.5-10.1 7.1-16.3 7.1C266 384 256 374 256 361.7l0-57.7-96 0c-17.7 0-32-14.3-32-32l0-32c0-17.7 14.3-32 32-32l96 0 0-57.7c0-12.3 10-22.3 22.3-22.3c6.2 0 12.1 2.6 16.3 7.1z\"><\/svg><\/span><span class=\"ub-button-block-btn\">Akut<\/span>\n    <\/div><\/a><\/div><\/div>\n\n\n<p style=\"text-align: center;\"><strong>bis 1 Monat nach dem traumatischen Ereignis<\/strong><\/p>\n<\/div>\n\n\n\n<div class=\"wp-block-column is-layout-flow wp-block-column-is-layout-flow\">\n\n<div class=\"ub-button\"  id=\"ub-button-b5a19939-c36f-42dc-8544-657d73489af3\"><div class=\"ub-button-container align-button-\" id=\"ub-button-b5a19939-c36f-42dc-8544-657d73489af3\">\n    <a href=\"https:\/\/kidtrauma.org\/?page_id=1857\" target=\"_self\"\n    rel=\"noopener noreferrer\"\n    class=\"ub-button-block-main ub-button-large ub-button-flex-large\">\n    <div class=\"ub-button-content-holder\"><span class=\"ub-button-icon-holder\"><svg xmlns=\"http:\/\/www.w3.org\/2000\/svg\"\n        height=\"35\", width=\"35\"\n        viewBox=\"0, 0, 512, 512\"><path fill=\"currentColor\" d=\"M0 256a256 256 0 1 0 512 0A256 256 0 1 0 0 256zM294.6 135.1l99.9 107.1c3.5 3.8 5.5 8.7 5.5 13.8s-2 10.1-5.5 13.8L294.6 376.9c-4.2 4.5-10.1 7.1-16.3 7.1C266 384 256 374 256 361.7l0-57.7-96 0c-17.7 0-32-14.3-32-32l0-32c0-17.7 14.3-32 32-32l96 0 0-57.7c0-12.3 10-22.3 22.3-22.3c6.2 0 12.1 2.6 16.3 7.1z\"><\/svg><\/span><span class=\"ub-button-block-btn\">Chronisch<\/span>\n    <\/div><\/a><\/div><\/div>\n\n\n<p style=\"text-align: center;\"><strong>mehr als 1 Monat nach dem\/n traumatischen Ereignis\/sen<\/strong><\/p>\n<\/div>\n<\/div>\n\n\n\n<p>&nbsp;<\/p>\n<h1 style=\"text-align: center;\">F\u00fcr Eltern<\/h1>\n\n\n\n<div class=\"wp-block-columns has-2-columns is-layout-flex wp-container-core-columns-layout-2 wp-block-columns-is-layout-flex\">\n<div class=\"wp-block-column is-layout-flow wp-block-column-is-layout-flow\"><div class=\"ub-button\"  id=\"ub-button-379fe2b6-bdec-453f-abc0-861e4a695efe\"><div class=\"ub-button-container align-button-\" id=\"ub-button-379fe2b6-bdec-453f-abc0-861e4a695efe\">\n    <a href=\"https:\/\/kidtrauma.org\/?page_id=2034\" target=\"_self\"\n    rel=\"noopener noreferrer\"\n    class=\"ub-button-block-main ub-button-large ub-button-flex-large\">\n    <div class=\"ub-button-content-holder\"><span class=\"ub-button-icon-holder\"><svg xmlns=\"http:\/\/www.w3.org\/2000\/svg\"\n        height=\"35\", width=\"35\"\n        viewBox=\"0, 0, 512, 512\"><path fill=\"currentColor\" d=\"M0 256a256 256 0 1 0 512 0A256 256 0 1 0 0 256zM294.6 135.1l99.9 107.1c3.5 3.8 5.5 8.7 5.5 13.8s-2 10.1-5.5 13.8L294.6 376.9c-4.2 4.5-10.1 7.1-16.3 7.1C266 384 256 374 256 361.7l0-57.7-96 0c-17.7 0-32-14.3-32-32l0-32c0-17.7 14.3-32 32-32l96 0 0-57.7c0-12.3 10-22.3 22.3-22.3c6.2 0 12.1 2.6 16.3 7.1z\"><\/svg><\/span><span class=\"ub-button-block-btn\">Akut <br>Kinder 0-6 Jahre<\/span>\n    <\/div><\/a><\/div><\/div>\n\n<div class=\"ub-button\"  id=\"ub-button-716a824b-df3a-4ceb-98c9-e3bf67c6a0b6\"><div class=\"ub-button-container align-button-\" id=\"ub-button-716a824b-df3a-4ceb-98c9-e3bf67c6a0b6\">\n    <a href=\"https:\/\/kidtrauma.org\/?page_id=2226\" target=\"_self\"\n    rel=\"noopener noreferrer\"\n    class=\"ub-button-block-main ub-button-large ub-button-flex-large\">\n    <div class=\"ub-button-content-holder\"><span class=\"ub-button-icon-holder\"><svg xmlns=\"http:\/\/www.w3.org\/2000\/svg\"\n        height=\"35\", width=\"35\"\n        viewBox=\"0, 0, 512, 512\"><path fill=\"currentColor\" d=\"M0 256a256 256 0 1 0 512 0A256 256 0 1 0 0 256zM294.6 135.1l99.9 107.1c3.5 3.8 5.5 8.7 5.5 13.8s-2 10.1-5.5 13.8L294.6 376.9c-4.2 4.5-10.1 7.1-16.3 7.1C266 384 256 374 256 361.7l0-57.7-96 0c-17.7 0-32-14.3-32-32l0-32c0-17.7 14.3-32 32-32l96 0 0-57.7c0-12.3 10-22.3 22.3-22.3c6.2 0 12.1 2.6 16.3 7.1z\"><\/svg><\/span><span class=\"ub-button-block-btn\">Akut <br>Kinder \u00e4lter als 6 Jahre<\/span>\n    <\/div><\/a><\/div><\/div>\n\n\n<p style=\"text-align: center;\"><strong>bis 1 Monat nach dem traumatischen Ereignis<\/strong><\/p>\n<\/div>\n\n\n\n<div class=\"wp-block-column is-layout-flow wp-block-column-is-layout-flow\"><div class=\"ub-button\"  id=\"ub-button-ed621169-204e-48e9-bd18-c25edc4b2ac5\"><div class=\"ub-button-container align-button-\" id=\"ub-button-ed621169-204e-48e9-bd18-c25edc4b2ac5\">\n    <a href=\"https:\/\/kidtrauma.org\/?page_id=2222\" target=\"_self\"\n    rel=\"noopener noreferrer\"\n    class=\"ub-button-block-main ub-button-large ub-button-flex-large\">\n    <div class=\"ub-button-content-holder\"><span class=\"ub-button-icon-holder\"><svg xmlns=\"http:\/\/www.w3.org\/2000\/svg\"\n        height=\"35\", width=\"35\"\n        viewBox=\"0, 0, 512, 512\"><path fill=\"currentColor\" d=\"M0 256a256 256 0 1 0 512 0A256 256 0 1 0 0 256zM294.6 135.1l99.9 107.1c3.5 3.8 5.5 8.7 5.5 13.8s-2 10.1-5.5 13.8L294.6 376.9c-4.2 4.5-10.1 7.1-16.3 7.1C266 384 256 374 256 361.7l0-57.7-96 0c-17.7 0-32-14.3-32-32l0-32c0-17.7 14.3-32 32-32l96 0 0-57.7c0-12.3 10-22.3 22.3-22.3c6.2 0 12.1 2.6 16.3 7.1z\"><\/svg><\/span><span class=\"ub-button-block-btn\">Chronisch <br>Kinder 0-6 Jahre<\/span>\n    <\/div><\/a><\/div><\/div>\n\n<div class=\"ub-button\"  id=\"ub-button-b52f90a9-330c-4ad7-a231-01ec9734b397\"><div class=\"ub-button-container align-button-\" id=\"ub-button-b52f90a9-330c-4ad7-a231-01ec9734b397\">\n    <a href=\"https:\/\/kidtrauma.org\/?page_id=2052\" target=\"_self\"\n    rel=\"noopener noreferrer\"\n    class=\"ub-button-block-main ub-button-large ub-button-flex-large\">\n    <div class=\"ub-button-content-holder\"><span class=\"ub-button-icon-holder\"><svg xmlns=\"http:\/\/www.w3.org\/2000\/svg\"\n        height=\"35\", width=\"35\"\n        viewBox=\"0, 0, 512, 512\"><path fill=\"currentColor\" d=\"M0 256a256 256 0 1 0 512 0A256 256 0 1 0 0 256zM294.6 135.1l99.9 107.1c3.5 3.8 5.5 8.7 5.5 13.8s-2 10.1-5.5 13.8L294.6 376.9c-4.2 4.5-10.1 7.1-16.3 7.1C266 384 256 374 256 361.7l0-57.7-96 0c-17.7 0-32-14.3-32-32l0-32c0-17.7 14.3-32 32-32l96 0 0-57.7c0-12.3 10-22.3 22.3-22.3c6.2 0 12.1 2.6 16.3 7.1z\"><\/svg><\/span><span class=\"ub-button-block-btn\">Chronisch <br>Kinder \u00e4lter als 6 Jahre<\/span>\n    <\/div><\/a><\/div><\/div>\n\n\n<p style=\"text-align: center;\"><strong>mehr als 1 Monat nach dem\/n traumatischen Ereignis\/sen<\/strong><\/p>\n<\/div>\n<\/div>\n\n\n\n<p>&nbsp;<\/p>\n<h3>Lade\/ laden Sie hier unsere kostenlose KidTrauma-App herunter<\/h3>\n\n\n\n<div class=\"wp-block-columns has-2-columns is-layout-flex wp-container-core-columns-layout-3 wp-block-columns-is-layout-flex\">\n<div class=\"wp-block-column is-layout-flow wp-block-column-is-layout-flow\">\n<p><img loading=\"lazy\" decoding=\"async\" class=\"size-medium wp-image-5960 alignright\" src=\"http:\/\/kidtrauma.org\/wp-content\/uploads\/google-play-badge-german-300x116.png\" alt=\"\" width=\"300\" height=\"116\" srcset=\"https:\/\/kidtrauma.org\/wp-content\/uploads\/google-play-badge-german-300x116.png 300w, https:\/\/kidtrauma.org\/wp-content\/uploads\/google-play-badge-german.png 646w\" sizes=\"(max-width: 300px) 100vw, 300px\" \/><\/p>\n<\/div>\n\n\n\n<div class=\"wp-block-column is-layout-flow wp-block-column-is-layout-flow\">\n<p><img loading=\"lazy\" decoding=\"async\" class=\"size-medium wp-image-5961 alignleft\" src=\"http:\/\/kidtrauma.org\/wp-content\/uploads\/Download_on_the_App_Store_Badge_DE_RGB_blk_092917-300x116.png\" alt=\"\" width=\"300\" height=\"116\" srcset=\"https:\/\/kidtrauma.org\/wp-content\/uploads\/Download_on_the_App_Store_Badge_DE_RGB_blk_092917-300x116.png 300w, https:\/\/kidtrauma.org\/wp-content\/uploads\/Download_on_the_App_Store_Badge_DE_RGB_blk_092917.png 646w\" sizes=\"(max-width: 300px) 100vw, 300px\" \/><\/p>\n<\/div>\n<\/div>\n","protected":false},"excerpt":{"rendered":"<p>Viele Kinder und Jugendliche erleben jedes Jahr traumatische Ereignisse. W\u00e4hrend sich die meisten von ihnen k\u00f6rperlich und seelisch von dem Trauma erholen, entwickeln einige Kinder und Jugendliche l\u00e4nger andauernde psychische Probleme. Die Kinder und Jugendlichen leiden z.B. unter belastenden Erinnerungen und Albtr\u00e4umen, werden pl\u00f6tzlich sehr \u00e4ngstlich, k\u00f6nnen sich nicht konzentrieren oder ziehen sich zur\u00fcck. &nbsp; [&hellip;]<\/p>\n","protected":false},"author":1,"featured_media":0,"parent":0,"menu_order":0,"comment_status":"closed","ping_status":"closed","template":"","meta":{"ub_ctt_via":"","_mi_skip_tracking":false,"_monsterinsights_sitenote_active":false,"_monsterinsights_sitenote_note":"","_monsterinsights_sitenote_category":0,"footnotes":""},"featured_image_src":null,"_links":{"self":[{"href":"https:\/\/kidtrauma.org\/index.php?rest_route=\/wp\/v2\/pages\/21"}],"collection":[{"href":"https:\/\/kidtrauma.org\/index.php?rest_route=\/wp\/v2\/pages"}],"about":[{"href":"https:\/\/kidtrauma.org\/index.php?rest_route=\/wp\/v2\/types\/page"}],"author":[{"embeddable":true,"href":"https:\/\/kidtrauma.org\/index.php?rest_route=\/wp\/v2\/users\/1"}],"replies":[{"embeddable":true,"href":"https:\/\/kidtrauma.org\/index.php?rest_route=%2Fwp%2Fv2%2Fcomments&post=21"}],"version-history":[{"count":137,"href":"https:\/\/kidtrauma.org\/index.php?rest_route=\/wp\/v2\/pages\/21\/revisions"}],"predecessor-version":[{"id":6180,"href":"https:\/\/kidtrauma.org\/index.php?rest_route=\/wp\/v2\/pages\/21\/revisions\/6180"}],"wp:attachment":[{"href":"https:\/\/kidtrauma.org\/index.php?rest_route=%2Fwp%2Fv2%2Fmedia&parent=21"}],"curies":[{"name":"wp","href":"https:\/\/api.w.org\/{rel}","templated":true}]}}