{"id":2226,"date":"2019-12-19T09:28:45","date_gmt":"2019-12-19T08:28:45","guid":{"rendered":"http:\/\/vps31252.alfahosting-vps.de\/wordpress\/?page_id=2226"},"modified":"2020-06-12T13:39:27","modified_gmt":"2020-06-12T12:39:27","slug":"web_acute_parents_6_de-2","status":"publish","type":"page","link":"https:\/\/kidtrauma.org\/?page_id=2226","title":{"rendered":"Akut - Kinder \u00e4lter als 6 Jahre"},"content":{"rendered":"\n<h3>Trauma-Check<\/h3>\n<p>Im ersten Monat nach einem traumatischen Ereignis k\u00f6nnen bei betroffenen Kindern und Jugendlichen psychische Reaktionen und Verhaltensauff\u00e4lligkeiten auftreten. Beispielsweise haben vielen Kindern und Jugendliche ungewollte und belastende Erinnerungen an das Ereignis und sie vermeiden Dinge, die sie daran erinnern. Solche Reaktionen sind in den ersten Wochen v\u00f6llig normal und kein Grund zur Besorgnis.<\/p>\n<p><span style=\"color: #ba2f5d;\">Wenn Sie sich als Eltern gro\u00dfe Sorgen machen und nicht wissen, ob fachlicher Rat empfehlenswert ist, lassen Sie Ihr Kind folgenden <strong>Trauma-Check<\/strong> (fr\u00fchestens 5 Tage nach dem traumatischen Ereignis) ausf\u00fcllen. Studien belegen, dass Eltern dazu neigen die Belastung ihrer Kinder im Vergleich zu deren eigenen Angaben zu untersch\u00e4tzen. Dies betrifft insbesondere gedankliche (z.B. ob und wie h\u00e4ufig ungewollte Bilder von dem Erlebten auftauchen) und emotionale Probleme (z.B. Auspr\u00e4gung von Gef\u00fchlen wie Schuld und Scham).<\/span><\/p>\n<p>Besprechen Sie anschlie\u00dfend die Ergebnisse zusammen. Falls Ihr Kind Auff\u00e4lligkeiten zeigt, erhalten Sie und Ihr Kind zus\u00e4tzlich spezifische Tipps, was Sie gegen diese unternehmen k\u00f6nnen.<\/p>\n\n\n<div class=\"ub-button\"  id=\"ub-button-97647329-44d9-46c2-a05a-29ef43608043\"><div class=\"ub-button-container align-button-\" id=\"ub-button-97647329-44d9-46c2-a05a-29ef43608043\">\n    <a href=\"https:\/\/survey.kidtrauma.org\/index.php?r=survey\/index&#038;sid=37437&#038;lang=de\" target=\"_blank\"\n    rel=\"noopener noreferrer\"\n    class=\"ub-button-block-main ub-button-large\">\n    <div class=\"ub-button-content-holder\"><span class=\"ub-button-icon-holder\"><svg xmlns=\"http:\/\/www.w3.org\/2000\/svg\"\n        height=\"35\", width=\"35\"\n        viewBox=\"0, 0, 384, 512\"><path fill=\"currentColor\" d=\"M192 0c-41.8 0-77.4 26.7-90.5 64H64C28.7 64 0 92.7 0 128V448c0 35.3 28.7 64 64 64H320c35.3 0 64-28.7 64-64V128c0-35.3-28.7-64-64-64H282.5C269.4 26.7 233.8 0 192 0zm0 64a32 32 0 1 1 0 64 32 32 0 1 1 0-64zM305 273L177 401c-9.4 9.4-24.6 9.4-33.9 0L79 337c-9.4-9.4-9.4-24.6 0-33.9s24.6-9.4 33.9 0l47 47L271 239c9.4-9.4 24.6-9.4 33.9 0s9.4 24.6 0 33.9z\"><\/svg><\/span><span class=\"ub-button-block-btn\">Trauma-Check<\/span>\n    <\/div><\/a><\/div><\/div>\n\n\n<h3>&nbsp;<\/h3>\n<h3>Informationen und Tipps<\/h3>\n<p>Jedes Kind\/ jede*r Jugendliche reagiert unterschiedlich auf traumatische Ereignisse. Die psychischen Reaktionen und Verhaltensauff\u00e4lligkeiten, welche Kinder und Jugendliche nach einer traumatischen Erfahrung zeigen k\u00f6nnen, werden in folgende f\u00fcnf Bereiche eingeteilt: Belastende Erinnerungen\/Albtr\u00e4ume, Angst, Nervosit\u00e4t, Niedergeschlagenheit und St\u00f6rungen des Bewusstseins. Zus\u00e4tzlich k\u00f6nnen traumatische Ereignisse, die Kindern und Jugendlichen widerfahren, auch Schuldgef\u00fchle bei den Eltern ausl\u00f6sen.<\/p>\n<p>Durch Anw\u00e4hlen der einzelnen Bereiche erfahren Sie mehr \u00fcber die entsprechenden Reaktionen und Probleme und \u00fcber M\u00f6glichkeiten, wie Sie Ihr Kind unterst\u00fctzen k\u00f6nnen.<\/p>\n\n\n\n\n\n<div class=\"wp-block-columns has-2-columns is-layout-flex wp-container-core-columns-layout-1 wp-block-columns-is-layout-flex\">\n<div class=\"wp-block-column is-layout-flow wp-block-column-is-layout-flow\"><div class=\"ub-button\"  id=\"ub-button-31977c82-83f2-4682-9d85-5f4d0e59d0c6\"><div class=\"ub-button-container align-button-\" id=\"ub-button-31977c82-83f2-4682-9d85-5f4d0e59d0c6\">\n    <a href=\"http:\/\/kidtrauma.org\/?page_id=517\" target=\"_self\"\n    rel=\"noopener noreferrer\"\n    class=\"ub-button-block-main ub-button-large ub-button-flex-large\">\n    <div class=\"ub-button-content-holder\"><span class=\"ub-button-icon-holder\"><svg xmlns=\"http:\/\/www.w3.org\/2000\/svg\"\n        height=\"35\", width=\"35\"\n        viewBox=\"0, 0, 512, 512\"><path fill=\"currentColor\" d=\"M256 512A256 256 0 1 0 256 0a256 256 0 1 0 0 512zM216 336h24V272H216c-13.3 0-24-10.7-24-24s10.7-24 24-24h48c13.3 0 24 10.7 24 24v88h8c13.3 0 24 10.7 24 24s-10.7 24-24 24H216c-13.3 0-24-10.7-24-24s10.7-24 24-24zm40-208a32 32 0 1 1 0 64 32 32 0 1 1 0-64z\"><\/svg><\/span><span class=\"ub-button-block-btn\">Belastende Erinnerungen\/Albtr\u00e4ume<\/span>\n    <\/div><\/a><\/div><\/div>\n\n<div class=\"ub-button\"  id=\"ub-button-5a0d3f2a-a6c1-4511-b377-53e94fbaeaeb\"><div class=\"ub-button-container align-button-\" id=\"ub-button-5a0d3f2a-a6c1-4511-b377-53e94fbaeaeb\">\n    <a href=\"http:\/\/kidtrauma.org\/?page_id=519\" target=\"_self\"\n    rel=\"noopener noreferrer\"\n    class=\"ub-button-block-main ub-button-large ub-button-flex-large\">\n    <div class=\"ub-button-content-holder\"><span class=\"ub-button-icon-holder\"><svg xmlns=\"http:\/\/www.w3.org\/2000\/svg\"\n        height=\"35\", width=\"35\"\n        viewBox=\"0, 0, 512, 512\"><path fill=\"currentColor\" d=\"M256 512A256 256 0 1 0 256 0a256 256 0 1 0 0 512zM216 336h24V272H216c-13.3 0-24-10.7-24-24s10.7-24 24-24h48c13.3 0 24 10.7 24 24v88h8c13.3 0 24 10.7 24 24s-10.7 24-24 24H216c-13.3 0-24-10.7-24-24s10.7-24 24-24zm40-208a32 32 0 1 1 0 64 32 32 0 1 1 0-64z\"><\/svg><\/span><span class=\"ub-button-block-btn\">Angst<\/span>\n    <\/div><\/a><\/div><\/div>\n\n<div class=\"ub-button\"  id=\"ub-button-96fde92a-ee8e-4980-a872-617a0649a14e\"><div class=\"ub-button-container align-button-\" id=\"ub-button-96fde92a-ee8e-4980-a872-617a0649a14e\">\n    <a href=\"http:\/\/kidtrauma.org\/?page_id=523\" target=\"_self\"\n    rel=\"noopener noreferrer\"\n    class=\"ub-button-block-main ub-button-large ub-button-flex-large\">\n    <div class=\"ub-button-content-holder\"><span class=\"ub-button-icon-holder\"><svg xmlns=\"http:\/\/www.w3.org\/2000\/svg\"\n        height=\"35\", width=\"35\"\n        viewBox=\"0, 0, 512, 512\"><path fill=\"currentColor\" d=\"M256 512A256 256 0 1 0 256 0a256 256 0 1 0 0 512zM216 336h24V272H216c-13.3 0-24-10.7-24-24s10.7-24 24-24h48c13.3 0 24 10.7 24 24v88h8c13.3 0 24 10.7 24 24s-10.7 24-24 24H216c-13.3 0-24-10.7-24-24s10.7-24 24-24zm40-208a32 32 0 1 1 0 64 32 32 0 1 1 0-64z\"><\/svg><\/span><span class=\"ub-button-block-btn\">Nervosit\u00e4t<\/span>\n    <\/div><\/a><\/div><\/div><\/div>\n\n\n\n<div class=\"wp-block-column is-layout-flow wp-block-column-is-layout-flow\"><div class=\"ub-button\"  id=\"ub-button-9c14c925-bd27-4229-8562-cd052dec979a\"><div class=\"ub-button-container align-button-\" id=\"ub-button-9c14c925-bd27-4229-8562-cd052dec979a\">\n    <a href=\"https:\/\/kidtrauma.org\/?page_id=3777\" target=\"_self\"\n    rel=\"noopener noreferrer\"\n    class=\"ub-button-block-main ub-button-large ub-button-flex-large\">\n    <div class=\"ub-button-content-holder\"><span class=\"ub-button-icon-holder\"><svg xmlns=\"http:\/\/www.w3.org\/2000\/svg\"\n        height=\"35\", width=\"35\"\n        viewBox=\"0, 0, 512, 512\"><path fill=\"currentColor\" d=\"M256 512A256 256 0 1 0 256 0a256 256 0 1 0 0 512zM216 336h24V272H216c-13.3 0-24-10.7-24-24s10.7-24 24-24h48c13.3 0 24 10.7 24 24v88h8c13.3 0 24 10.7 24 24s-10.7 24-24 24H216c-13.3 0-24-10.7-24-24s10.7-24 24-24zm40-208a32 32 0 1 1 0 64 32 32 0 1 1 0-64z\"><\/svg><\/span><span class=\"ub-button-block-btn\">Niedergeschlagenheit<\/span>\n    <\/div><\/a><\/div><\/div>\n\n<div class=\"ub-button\"  id=\"ub-button-94dd0073-68de-44ef-9dbb-f9a2fe526b5a\"><div class=\"ub-button-container align-button-\" id=\"ub-button-94dd0073-68de-44ef-9dbb-f9a2fe526b5a\">\n    <a href=\"http:\/\/kidtrauma.org\/?page_id=633\" target=\"_self\"\n    rel=\"noopener noreferrer\"\n    class=\"ub-button-block-main ub-button-large ub-button-flex-large\">\n    <div class=\"ub-button-content-holder\"><span class=\"ub-button-icon-holder\"><svg xmlns=\"http:\/\/www.w3.org\/2000\/svg\"\n        height=\"35\", width=\"35\"\n        viewBox=\"0, 0, 512, 512\"><path fill=\"currentColor\" d=\"M256 512A256 256 0 1 0 256 0a256 256 0 1 0 0 512zM216 336h24V272H216c-13.3 0-24-10.7-24-24s10.7-24 24-24h48c13.3 0 24 10.7 24 24v88h8c13.3 0 24 10.7 24 24s-10.7 24-24 24H216c-13.3 0-24-10.7-24-24s10.7-24 24-24zm40-208a32 32 0 1 1 0 64 32 32 0 1 1 0-64z\"><\/svg><\/span><span class=\"ub-button-block-btn\">St\u00f6rungen des Bewusstseins<\/span>\n    <\/div><\/a><\/div><\/div>\n\n<div class=\"ub-button\"  id=\"ub-button-e186f122-12d4-476c-92c5-63abd1b37779\"><div class=\"ub-button-container align-button-\" id=\"ub-button-e186f122-12d4-476c-92c5-63abd1b37779\">\n    <a href=\"http:\/\/kidtrauma.org\/?page_id=597\" target=\"_self\"\n    rel=\"noopener noreferrer\"\n    class=\"ub-button-block-main ub-button-large ub-button-flex-large\">\n    <div class=\"ub-button-content-holder\"><span class=\"ub-button-icon-holder\"><svg xmlns=\"http:\/\/www.w3.org\/2000\/svg\"\n        height=\"35\", width=\"35\"\n        viewBox=\"0, 0, 512, 512\"><path fill=\"currentColor\" d=\"M256 512A256 256 0 1 0 256 0a256 256 0 1 0 0 512zM216 336h24V272H216c-13.3 0-24-10.7-24-24s10.7-24 24-24h48c13.3 0 24 10.7 24 24v88h8c13.3 0 24 10.7 24 24s-10.7 24-24 24H216c-13.3 0-24-10.7-24-24s10.7-24 24-24zm40-208a32 32 0 1 1 0 64 32 32 0 1 1 0-64z\"><\/svg><\/span><span class=\"ub-button-block-btn\">Elterliche Schuldgef\u00fchle<\/span>\n    <\/div><\/a><\/div><\/div><\/div>\n<\/div>\n\n\n\n<h3>&nbsp;<\/h3>\n<h3>Therapiestellen<\/h3>\n<p>Falls Sie sich als Eltern gro\u00dfe Sorgen machen oder Ihnen im Anschluss an den <strong>Trauma-Check<\/strong> fachlicher Rat empfohlen wird, k\u00f6nnen Sie mit Hilfe der Funktion <strong>Therapiestellen<\/strong> direkt nach Experten*innen im Bereich der Kinder- und Jugendpsychotraumatologie in Ihrer N\u00e4he suchen.<\/p>\n\n\n<div class=\"ub-button\"  id=\"ub-button-0eb166d5-8fa6-427c-b9d2-081ac3018bf5\"><div class=\"ub-button-container align-button-\" id=\"ub-button-0eb166d5-8fa6-427c-b9d2-081ac3018bf5\">\n    <a href=\"https:\/\/kidtrauma.org\/?page_id=74\" target=\"_blank\"\n    rel=\"noopener noreferrer\"\n    class=\"ub-button-block-main ub-button-large ub-button-flex-large\">\n    <div class=\"ub-button-content-holder\"><span class=\"ub-button-icon-holder\"><svg xmlns=\"http:\/\/www.w3.org\/2000\/svg\"\n        height=\"35\", width=\"35\"\n        viewBox=\"0, 0, 640, 512\"><path fill=\"currentColor\" d=\"M480 416h96c35.3 0 64-28.7 64-64V160c0-35.3-28.7-64-64-64H480V416zM448 96H192V416H448V96zM64 96C28.7 96 0 124.7 0 160V352c0 35.3 28.7 64 64 64h96V96H64zM248 208a24 24 0 1 1 48 0 24 24 0 1 1 -48 0zm120-24a24 24 0 1 1 0 48 24 24 0 1 1 0-48zM248 304a24 24 0 1 1 48 0 24 24 0 1 1 -48 0zm120-24a24 24 0 1 1 0 48 24 24 0 1 1 0-48z\"><\/svg><\/span><span class=\"ub-button-block-btn\">Therapiestellen<\/span>\n    <\/div><\/a><\/div><\/div>\n\n\n<h2>&nbsp;<\/h2>\n<h2>Downloads\/Links<\/h2>\n<p>Hier k\u00f6nnen Sie Informations-Brosch\u00fcren herunterladen und finden Informationen zu weiterf\u00fchrenden Links.<\/p>\n\n\n<div class=\"ub-button\"  id=\"ub-button-2de88ab4-86d6-4d5c-b873-6dd439a5748a\"><div class=\"ub-button-container align-button-\" id=\"ub-button-2de88ab4-86d6-4d5c-b873-6dd439a5748a\">\n    <a href=\"http:\/\/kidtrauma.org\/?page_id=313\" target=\"_self\"\n    rel=\"noopener noreferrer\"\n    class=\"ub-button-block-main ub-button-large ub-button-flex-large\">\n    <div class=\"ub-button-content-holder\"><span class=\"ub-button-icon-holder\"><svg xmlns=\"http:\/\/www.w3.org\/2000\/svg\"\n        height=\"35\", width=\"35\"\n        viewBox=\"0, 0, 512, 512\"><path fill=\"currentColor\" d=\"M288 32c0-17.7-14.3-32-32-32s-32 14.3-32 32V274.7l-73.4-73.4c-12.5-12.5-32.8-12.5-45.3 0s-12.5 32.8 0 45.3l128 128c12.5 12.5 32.8 12.5 45.3 0l128-128c12.5-12.5 12.5-32.8 0-45.3s-32.8-12.5-45.3 0L288 274.7V32zM64 352c-35.3 0-64 28.7-64 64v32c0 35.3 28.7 64 64 64H448c35.3 0 64-28.7 64-64V416c0-35.3-28.7-64-64-64H346.5l-45.3 45.3c-25 25-65.5 25-90.5 0L165.5 352H64zm368 56a24 24 0 1 1 0 48 24 24 0 1 1 0-48z\"><\/svg><\/span><span class=\"ub-button-block-btn\"> Downloads\/Links <\/span>\n    <\/div><\/a><\/div><\/div>","protected":false},"excerpt":{"rendered":"<p>Trauma-Check Im ersten Monat nach einem traumatischen Ereignis k\u00f6nnen bei betroffenen Kindern und Jugendlichen psychische Reaktionen und Verhaltensauff\u00e4lligkeiten auftreten. Beispielsweise haben vielen Kindern und Jugendliche ungewollte und belastende Erinnerungen an das Ereignis und sie vermeiden Dinge, die sie daran erinnern. Solche Reaktionen sind in den ersten Wochen v\u00f6llig normal und kein Grund zur Besorgnis. Wenn [&hellip;]<\/p>\n","protected":false},"author":3,"featured_media":0,"parent":0,"menu_order":0,"comment_status":"closed","ping_status":"closed","template":"","meta":{"ub_ctt_via":"","_mi_skip_tracking":false,"_monsterinsights_sitenote_active":false,"_monsterinsights_sitenote_note":"","_monsterinsights_sitenote_category":0,"footnotes":""},"featured_image_src":null,"_links":{"self":[{"href":"https:\/\/kidtrauma.org\/index.php?rest_route=\/wp\/v2\/pages\/2226"}],"collection":[{"href":"https:\/\/kidtrauma.org\/index.php?rest_route=\/wp\/v2\/pages"}],"about":[{"href":"https:\/\/kidtrauma.org\/index.php?rest_route=\/wp\/v2\/types\/page"}],"author":[{"embeddable":true,"href":"https:\/\/kidtrauma.org\/index.php?rest_route=\/wp\/v2\/users\/3"}],"replies":[{"embeddable":true,"href":"https:\/\/kidtrauma.org\/index.php?rest_route=%2Fwp%2Fv2%2Fcomments&post=2226"}],"version-history":[{"count":58,"href":"https:\/\/kidtrauma.org\/index.php?rest_route=\/wp\/v2\/pages\/2226\/revisions"}],"predecessor-version":[{"id":6196,"href":"https:\/\/kidtrauma.org\/index.php?rest_route=\/wp\/v2\/pages\/2226\/revisions\/6196"}],"wp:attachment":[{"href":"https:\/\/kidtrauma.org\/index.php?rest_route=%2Fwp%2Fv2%2Fmedia&parent=2226"}],"curies":[{"name":"wp","href":"https:\/\/api.w.org\/{rel}","templated":true}]}}