{"id":225,"date":"2019-04-24T08:35:55","date_gmt":"2019-04-24T07:35:55","guid":{"rendered":"http:\/\/vps31252.alfahosting-vps.de\/wordpress\/?page_id=225"},"modified":"2020-06-12T13:32:49","modified_gmt":"2020-06-12T12:32:49","slug":"chronicoverview_de","status":"publish","type":"page","link":"https:\/\/kidtrauma.org\/?page_id=225","title":{"rendered":"Chronisch - Was Sie erwartet"},"content":{"rendered":"\n<p>Ihr Kind hat in der Vergangenheit (<strong>l\u00e4nger als 1 Monat zur\u00fcckliegend<\/strong>) besonders schwere oder wiederholte bzw. langanhaltende Traumatisierungen (z.B. Misshandlung, Gewalt, Flucht, usw.) erlebt.<\/p>\n<p>\u00dcber die Zeit k\u00f6nnen solche Erfahrungen die Entwicklung eines Kindes\/ eines*r Jugendlichen beeintr\u00e4chtigen. Beispielsweise kann es zu einem Verlust von Vertrauen in andere Personen und in sich selbst kommen. Kinder und Jugendliche f\u00fchlen sich nicht mehr sicher und geborgen, sie k\u00f6nnen \u00c4ngste und Verhaltensauff\u00e4lligkeiten (z.B. sozialer R\u00fcckzug, aggressives Verhalten) entwickeln.<\/p>\n<p>\u00a0<\/p>\n<h3>Grunds\u00e4tzlich gilt:<\/h3>\n<ul style=\"list-style-type: square;\">\n<li>Wichtig zu wissen ist, dass es gute Behandlungsm\u00f6glichkeit gibt, um mit einem schlimmen Ereignis und daraus resultierenden Auff\u00e4lligkeiten klarzukommen. Erkundigen Sie sich als Eltern nach Therapieangeboten. Via der KidTrauma-Webseite und -App (<strong>Therapiestellen<\/strong>) k\u00f6nnen Sie nach Experten*innen im Bereich der Kinder- und Jugendpsychotraumatologie in Ihrer N\u00e4he suchen. Beziehen Sie Ihr Kind mit ein.<\/li>\n<\/ul>\n<p>\u00a0<\/p>\n<h3><span style=\"color: #333333;\">Trauma-Check, Informationen und Tipps<br \/><\/span><\/h3>\n<p class=\"Fliesstext\">Jedes Kind\/ jede*r Jugendliche reagiert unterschiedlich auf traumatische Ereignisse. Wenn Sie sich als Eltern starke Sorgen machen und nicht wissen, ob fachlicher Rat empfehlenswert ist, f\u00fcllen Sie den <strong>Trauma-Check<\/strong> (fr\u00fchestens 1 Monat nach dem\/n Ereignis\/sen) aus. Der <strong>Trauma-Check<\/strong> \u00fcberpr\u00fcft anhand einiger Fragen, obfachlicher Rat empfehlenswert ist. Dar\u00fcber hinaus k\u00f6nnen Sie sich \u00fcber m\u00f6gliche psychische Probleme und Veraltensauff\u00e4lligkeiten nach traumatischen Ereignissen informieren und Sie erhalten Tipps, wie Sie und Ihr Kind mit diesen umgehen k\u00f6nnen.<\/p>\n<p>Bitte klicken sie auf die f\u00fcr Ihr Kind zutreffende Alterskategorie, um zu dem passenden <strong>Trauma-Check<\/strong> bzw. zu den passenden <strong>Informationen und Tipps<\/strong> zu gelangen.<\/p>\n\n\n\n<div class=\"wp-block-columns has-2-columns is-layout-flex wp-container-core-columns-layout-1 wp-block-columns-is-layout-flex\">\n<div class=\"wp-block-column is-layout-flow wp-block-column-is-layout-flow\"><div class=\"ub-button\"  id=\"ub-button-2686a122-a155-42c1-8e12-0ddfa63fa091\"><div class=\"ub-button-container align-button-\" id=\"ub-button-2686a122-a155-42c1-8e12-0ddfa63fa091\">\n    <a href=\"https:\/\/kidtrauma.org\/?page_id=2222\" target=\"_blank\"\n    rel=\"noopener noreferrer\"\n    class=\"ub-button-block-main ub-button-large ub-button-flex-large\">\n    <div class=\"ub-button-content-holder\"><span class=\"ub-button-icon-holder\"><svg xmlns=\"http:\/\/www.w3.org\/2000\/svg\"\n        height=\"35\", width=\"35\"\n        viewBox=\"0, 0, 640, 512\"><path fill=\"currentColor\" d=\"M96 128a128 128 0 1 1 256 0A128 128 0 1 1 96 128zM0 482.3C0 383.8 79.8 304 178.3 304h91.4C368.2 304 448 383.8 448 482.3c0 16.4-13.3 29.7-29.7 29.7H29.7C13.3 512 0 498.7 0 482.3zM609.3 512H471.4c5.4-9.4 8.6-20.3 8.6-32v-8c0-60.7-27.1-115.2-69.8-151.8c2.4-.1 4.7-.2 7.1-.2h61.4C567.8 320 640 392.2 640 481.3c0 17-13.8 30.7-30.7 30.7zM432 256c-31 0-59-12.6-79.3-32.9C372.4 196.5 384 163.6 384 128c0-26.8-6.6-52.1-18.3-74.3C384.3 40.1 407.2 32 432 32c61.9 0 112 50.1 112 112s-50.1 112-112 112z\"><\/svg><\/span><span class=\"ub-button-block-btn\">Chronisch<br>Kinder 0-6 Jahre<\/span>\n    <\/div><\/a><\/div><\/div><\/div>\n\n\n\n<div class=\"wp-block-column is-layout-flow wp-block-column-is-layout-flow\"><div class=\"ub-button\"  id=\"ub-button-7a7db180-5dd5-47ac-bd88-e9153bc0c892\"><div class=\"ub-button-container align-button-\" id=\"ub-button-7a7db180-5dd5-47ac-bd88-e9153bc0c892\">\n    <a href=\"https:\/\/kidtrauma.org\/?page_id=2052\" target=\"_blank\"\n    rel=\"noopener noreferrer\"\n    class=\"ub-button-block-main ub-button-large ub-button-flex-large\">\n    <div class=\"ub-button-content-holder\"><span class=\"ub-button-icon-holder\"><svg xmlns=\"http:\/\/www.w3.org\/2000\/svg\"\n        height=\"35\", width=\"35\"\n        viewBox=\"0, 0, 640, 512\"><path fill=\"currentColor\" d=\"M96 128a128 128 0 1 1 256 0A128 128 0 1 1 96 128zM0 482.3C0 383.8 79.8 304 178.3 304h91.4C368.2 304 448 383.8 448 482.3c0 16.4-13.3 29.7-29.7 29.7H29.7C13.3 512 0 498.7 0 482.3zM609.3 512H471.4c5.4-9.4 8.6-20.3 8.6-32v-8c0-60.7-27.1-115.2-69.8-151.8c2.4-.1 4.7-.2 7.1-.2h61.4C567.8 320 640 392.2 640 481.3c0 17-13.8 30.7-30.7 30.7zM432 256c-31 0-59-12.6-79.3-32.9C372.4 196.5 384 163.6 384 128c0-26.8-6.6-52.1-18.3-74.3C384.3 40.1 407.2 32 432 32c61.9 0 112 50.1 112 112s-50.1 112-112 112z\"><\/svg><\/span><span class=\"ub-button-block-btn\">Chronisch<br>Kinder \u00e4lter als 6 Jahre<\/span>\n    <\/div><\/a><\/div><\/div><\/div>\n<\/div>\n\n\n\n<h3>\u00a0<\/h3>\n<h3>Therapiestellen<\/h3>\n<p>Falls Sie sich als Eltern gro\u00dfe Sorgen machen oder Ihnen im Anschluss an den <strong>Trauma-Check<\/strong> fachlicher Rat empfohlen wird, k\u00f6nnen Sie mit Hilfe der Funktion <strong>Therapiestellen<\/strong> direkt nach Experten*innen im Bereich der Kinder- und Jugendpsychotraumatologie in Ihrer N\u00e4he suchen.<\/p>\n\n\n<div class=\"ub-button\"  id=\"ub-button-f2fa576f-989a-4505-a4dd-4e91bd48949c\"><div class=\"ub-button-container align-button-\" id=\"ub-button-f2fa576f-989a-4505-a4dd-4e91bd48949c\">\n    <a href=\"https:\/\/kidtrauma.org\/?page_id=74\" target=\"_blank\"\n    rel=\"noopener noreferrer\"\n    class=\"ub-button-block-main ub-button-large ub-button-flex-large\">\n    <div class=\"ub-button-content-holder\"><span class=\"ub-button-icon-holder\"><svg xmlns=\"http:\/\/www.w3.org\/2000\/svg\"\n        height=\"35\", width=\"35\"\n        viewBox=\"0, 0, 640, 512\"><path fill=\"currentColor\" d=\"M480 416h96c35.3 0 64-28.7 64-64V160c0-35.3-28.7-64-64-64H480V416zM448 96H192V416H448V96zM64 96C28.7 96 0 124.7 0 160V352c0 35.3 28.7 64 64 64h96V96H64zM248 208a24 24 0 1 1 48 0 24 24 0 1 1 -48 0zm120-24a24 24 0 1 1 0 48 24 24 0 1 1 0-48zM248 304a24 24 0 1 1 48 0 24 24 0 1 1 -48 0zm120-24a24 24 0 1 1 0 48 24 24 0 1 1 0-48z\"><\/svg><\/span><span class=\"ub-button-block-btn\">Therapiestellen<\/span>\n    <\/div><\/a><\/div><\/div>\n\n\n<h2>\u00a0<\/h2>\n<h2><span style=\"color: #000000;\"><span style=\"color: #333333;\">Downloads\/Links<\/span><br \/><\/span><\/h2>\n<p>Hier k\u00f6nnen Sie Informations-Brosch\u00fcren herunterladen und finden Informationen zu weiterf\u00fchrenden Links.<\/p>\n\n\n<div class=\"ub-button\"  id=\"ub-button-34abae88-f26b-4b3e-8429-99a6489a7354\"><div class=\"ub-button-container align-button-\" id=\"ub-button-34abae88-f26b-4b3e-8429-99a6489a7354\">\n    <a href=\"https:\/\/kidtrauma.org\/?page_id=313\" target=\"_blank\"\n    rel=\"noopener noreferrer\"\n    class=\"ub-button-block-main ub-button-large ub-button-flex-large\">\n    <div class=\"ub-button-content-holder\"><span class=\"ub-button-icon-holder\"><svg xmlns=\"http:\/\/www.w3.org\/2000\/svg\"\n        height=\"35\", width=\"35\"\n        viewBox=\"0, 0, 512, 512\"><path fill=\"currentColor\" d=\"M288 32c0-17.7-14.3-32-32-32s-32 14.3-32 32V274.7l-73.4-73.4c-12.5-12.5-32.8-12.5-45.3 0s-12.5 32.8 0 45.3l128 128c12.5 12.5 32.8 12.5 45.3 0l128-128c12.5-12.5 12.5-32.8 0-45.3s-32.8-12.5-45.3 0L288 274.7V32zM64 352c-35.3 0-64 28.7-64 64v32c0 35.3 28.7 64 64 64H448c35.3 0 64-28.7 64-64V416c0-35.3-28.7-64-64-64H346.5l-45.3 45.3c-25 25-65.5 25-90.5 0L165.5 352H64zm368 56a24 24 0 1 1 0 48 24 24 0 1 1 0-48z\"><\/svg><\/span><span class=\"ub-button-block-btn\">Downloads\/Links<\/span>\n    <\/div><\/a><\/div><\/div>","protected":false},"excerpt":{"rendered":"<p>Ihr Kind hat in der Vergangenheit (l\u00e4nger als 1 Monat zur\u00fcckliegend) besonders schwere oder wiederholte bzw. langanhaltende Traumatisierungen (z.B. Misshandlung, Gewalt, Flucht, usw.) erlebt. \u00dcber die Zeit k\u00f6nnen solche Erfahrungen die Entwicklung eines Kindes\/ eines*r Jugendlichen beeintr\u00e4chtigen. Beispielsweise kann es zu einem Verlust von Vertrauen in andere Personen und in sich selbst kommen. Kinder und [&hellip;]<\/p>\n","protected":false},"author":3,"featured_media":0,"parent":0,"menu_order":0,"comment_status":"closed","ping_status":"closed","template":"","meta":{"ub_ctt_via":"","_mi_skip_tracking":false,"_monsterinsights_sitenote_active":false,"_monsterinsights_sitenote_note":"","_monsterinsights_sitenote_category":0,"footnotes":""},"featured_image_src":null,"_links":{"self":[{"href":"https:\/\/kidtrauma.org\/index.php?rest_route=\/wp\/v2\/pages\/225"}],"collection":[{"href":"https:\/\/kidtrauma.org\/index.php?rest_route=\/wp\/v2\/pages"}],"about":[{"href":"https:\/\/kidtrauma.org\/index.php?rest_route=\/wp\/v2\/types\/page"}],"author":[{"embeddable":true,"href":"https:\/\/kidtrauma.org\/index.php?rest_route=\/wp\/v2\/users\/3"}],"replies":[{"embeddable":true,"href":"https:\/\/kidtrauma.org\/index.php?rest_route=%2Fwp%2Fv2%2Fcomments&post=225"}],"version-history":[{"count":64,"href":"https:\/\/kidtrauma.org\/index.php?rest_route=\/wp\/v2\/pages\/225\/revisions"}],"predecessor-version":[{"id":6188,"href":"https:\/\/kidtrauma.org\/index.php?rest_route=\/wp\/v2\/pages\/225\/revisions\/6188"}],"wp:attachment":[{"href":"https:\/\/kidtrauma.org\/index.php?rest_route=%2Fwp%2Fv2%2Fmedia&parent=225"}],"curies":[{"name":"wp","href":"https:\/\/api.w.org\/{rel}","templated":true}]}}