{"id":233,"date":"2019-04-24T08:56:20","date_gmt":"2019-04-24T07:56:20","guid":{"rendered":"http:\/\/vps31252.alfahosting-vps.de\/wordpress\/?page_id=233"},"modified":"2019-08-08T13:43:53","modified_gmt":"2019-08-08T12:43:53","slug":"chronicgeneralinformation_de","status":"publish","type":"page","link":"https:\/\/kidtrauma.org\/?page_id=233","title":{"rendered":"Informationen"},"content":{"rendered":"\n<p>Die folgenden Informationen beziehen sich auf Kinder, die schwerwiegende einmalige oder wiederholte traumatische Ereignisse (z.B. Misshandlung, Gewalt, Flucht, Naturkatastrophen, usw.) erlebt haben.<\/p>\n<h3>&nbsp;<\/h3>\n<h3><span style=\"color: #4497d9;\">Was sind typische Reaktionen nach l\u00e4nger zur\u00fcckliegenden Traumata?<\/span><\/h3>\n<p>\u00dcber die Zeit k\u00f6nnen solche Erfahrungen die Entwicklung eines Kindes beeintr\u00e4chtigen.<\/p>\n<ul style=\"list-style-type: square;\">\n<li>Beispielsweise kann es zu einem Verlust von Vertrauen in andere Personen und in sich selbst kommen.<\/li>\n<li>Kinder und Jugendliche f\u00fchlen sich nicht mehr sicher und geborgen, sie k\u00f6nnen \u00c4ngste und Verhaltensauff\u00e4lligkeiten (z.B. sozialer R\u00fcckzug, aggressives Verhalten) entwickeln.<\/li>\n<\/ul>\n<p>Jedes Kind reagiert unterschiedlich auf traumatische Ereignisse. Welche Reaktionen ein Kind zeigt h\u00e4ngt auch von dessen Alter ab. Bitte klicken Sie auf das entsprechende Alter Ihres Kindes, um mehr \u00fcber typische Verhaltensauff\u00e4lligkeiten nach l\u00e4nger zur\u00fcckliegenden schweren einmaligen oder wiederholten traumatischen Ereignissen zu erfahren.<\/p>\n<p>&nbsp;<\/p>\n\n\n\n<div class=\"wp-block-columns has-2-columns is-layout-flex wp-container-core-columns-layout-1 wp-block-columns-is-layout-flex\">\n<div class=\"wp-block-column is-layout-flow wp-block-column-is-layout-flow\">\n<p style=\"text-align: right;\"><a class=\"maxbutton-1 maxbutton maxbutton-button250\" href=\"http:\/\/yoururl\"><span class='mb-text'>MEIN KIND IST UNTER 6 JAHRE ALT<\/span><\/a><\/p>\n<\/div>\n\n\n\n<div class=\"wp-block-column is-layout-flow wp-block-column-is-layout-flow\">\n<a class=\"maxbutton-1 maxbutton maxbutton-button250\" href=\"http:\/\/yoururl\"><span class='mb-text'>MEIN KIND IST \u00dcBER 6 JAHRE ALT<\/span><\/a>\n<\/div>\n<\/div>\n","protected":false},"excerpt":{"rendered":"<p>Die folgenden Informationen beziehen sich auf Kinder, die schwerwiegende einmalige oder wiederholte traumatische Ereignisse (z.B. Misshandlung, Gewalt, Flucht, Naturkatastrophen, usw.) erlebt haben. &nbsp; Was sind typische Reaktionen nach l\u00e4nger zur\u00fcckliegenden Traumata? \u00dcber die Zeit k\u00f6nnen solche Erfahrungen die Entwicklung eines Kindes beeintr\u00e4chtigen. Beispielsweise kann es zu einem Verlust von Vertrauen in andere Personen und in [&hellip;]<\/p>\n","protected":false},"author":3,"featured_media":0,"parent":225,"menu_order":0,"comment_status":"closed","ping_status":"closed","template":"","meta":{"ub_ctt_via":"","_mi_skip_tracking":false,"_monsterinsights_sitenote_active":false,"_monsterinsights_sitenote_note":"","_monsterinsights_sitenote_category":0,"footnotes":""},"featured_image_src":null,"_links":{"self":[{"href":"https:\/\/kidtrauma.org\/index.php?rest_route=\/wp\/v2\/pages\/233"}],"collection":[{"href":"https:\/\/kidtrauma.org\/index.php?rest_route=\/wp\/v2\/pages"}],"about":[{"href":"https:\/\/kidtrauma.org\/index.php?rest_route=\/wp\/v2\/types\/page"}],"author":[{"embeddable":true,"href":"https:\/\/kidtrauma.org\/index.php?rest_route=\/wp\/v2\/users\/3"}],"replies":[{"embeddable":true,"href":"https:\/\/kidtrauma.org\/index.php?rest_route=%2Fwp%2Fv2%2Fcomments&post=233"}],"version-history":[{"count":22,"href":"https:\/\/kidtrauma.org\/index.php?rest_route=\/wp\/v2\/pages\/233\/revisions"}],"predecessor-version":[{"id":2219,"href":"https:\/\/kidtrauma.org\/index.php?rest_route=\/wp\/v2\/pages\/233\/revisions\/2219"}],"up":[{"embeddable":true,"href":"https:\/\/kidtrauma.org\/index.php?rest_route=\/wp\/v2\/pages\/225"}],"wp:attachment":[{"href":"https:\/\/kidtrauma.org\/index.php?rest_route=%2Fwp%2Fv2%2Fmedia&parent=233"}],"curies":[{"name":"wp","href":"https:\/\/api.w.org\/{rel}","templated":true}]}}