{"id":247,"date":"2019-04-24T09:09:07","date_gmt":"2019-04-24T08:09:07","guid":{"rendered":"http:\/\/vps31252.alfahosting-vps.de\/wordpress\/?page_id=247"},"modified":"2019-07-01T08:02:11","modified_gmt":"2019-07-01T07:02:11","slug":"chronicgeneralinformationsupport6_de","status":"publish","type":"page","link":"https:\/\/kidtrauma.org\/?page_id=247","title":{"rendered":"Wie k\u00f6nnen wir als Eltern unser Kind unterst\u00fctzen?"},"content":{"rendered":"\n<p>Jedes Kind reagiert unterschiedlich auf traumatische Ereignisse. Die Reaktionen, welche Kinder&nbsp; nach schwerwiegenden einmaligen oder wiederholten traumatischen Ereignissen zeigen k\u00f6nnen, werden in folgende Bereiche eingeteilt: belastende Erinnerungen und Albtr\u00e4ume, Angst, Nervosit\u00e4t &amp; Hyperaktivit\u00e4t, Ver\u00e4nderung der Denkweise und Stimmung, Depression und negativer Selbstwert, k\u00f6rperliche Beschwerden, St\u00f6rungen des Bewusstseins, aggressives oder oppositionelles Verhalten, komplexe Symptome.<\/p>\n<p>Durch Anw\u00e4hlen der einzelnen Bereiche erfahren Sie mehr \u00fcber die entsprechenden Reaktionen und \u00fcber M\u00f6glichkeiten, wie Sie Ihr Kind im Alltag unterst\u00fctzen k\u00f6nnen.<br><br><\/p>\n\n\n\n<p><a class=\"maxbutton-1 maxbutton maxbutton-button250\" href=\"http:\/\/yoururl\"><span class='mb-text'>Belastende Erinnerungen &amp; Albtr\u00e4ume<\/span><\/a><br><br><a class=\"maxbutton-1 maxbutton maxbutton-button250\" href=\"http:\/\/yoururl\"><span class='mb-text'>Angst<\/span><\/a><br><br><a class=\"maxbutton-1 maxbutton maxbutton-button250\" href=\"http:\/\/yoururl\"><span class='mb-text'>Nervosit\u00e4t &amp; Hyperaktivit\u00e4t<\/span><\/a><br><br><a class=\"maxbutton-1 maxbutton maxbutton-button250\" href=\"http:\/\/yoururl\"><span class='mb-text'>Ver\u00e4nderung der Denkweise und Stimmung<\/span><\/a><br><br><a class=\"maxbutton-1 maxbutton maxbutton-button250\" href=\"http:\/\/yoururl\"><span class='mb-text'>Depression und negativer Selbstwert<\/span><\/a><br><br><a class=\"maxbutton-1 maxbutton maxbutton-button250\" href=\"http:\/\/yoururl\"><span class='mb-text'>K\u00f6rperliche Beschwerden<\/span><\/a><br><br><a class=\"maxbutton-1 maxbutton maxbutton-button250\" href=\"http:\/\/yoururl\"><span class='mb-text'>St\u00f6rungen des Bewusstseins<\/span><\/a><br><br><a class=\"maxbutton-1 maxbutton maxbutton-button250\" href=\"http:\/\/yoururl\"><span class='mb-text'>Aggressives oder oppositionelles Verhalten<\/span><\/a><br><br><a class=\"maxbutton-1 maxbutton maxbutton-button250\" href=\"http:\/\/yoururl\"><span class='mb-text'>Komplexe Symptome<\/span><\/a><br><br><\/p>\n","protected":false},"excerpt":{"rendered":"<p>Jedes Kind reagiert unterschiedlich auf traumatische Ereignisse. Die Reaktionen, welche Kinder&nbsp; nach schwerwiegenden einmaligen oder wiederholten traumatischen Ereignissen zeigen k\u00f6nnen, werden in folgende Bereiche eingeteilt: belastende Erinnerungen und Albtr\u00e4ume, Angst, Nervosit\u00e4t &amp; Hyperaktivit\u00e4t, Ver\u00e4nderung der Denkweise und Stimmung, Depression und negativer Selbstwert, k\u00f6rperliche Beschwerden, St\u00f6rungen des Bewusstseins, aggressives oder oppositionelles Verhalten, komplexe Symptome. Durch Anw\u00e4hlen [&hellip;]<\/p>\n","protected":false},"author":3,"featured_media":0,"parent":225,"menu_order":0,"comment_status":"closed","ping_status":"closed","template":"","meta":{"ub_ctt_via":"","_mi_skip_tracking":false,"_monsterinsights_sitenote_active":false,"_monsterinsights_sitenote_note":"","_monsterinsights_sitenote_category":0,"footnotes":""},"featured_image_src":null,"_links":{"self":[{"href":"https:\/\/kidtrauma.org\/index.php?rest_route=\/wp\/v2\/pages\/247"}],"collection":[{"href":"https:\/\/kidtrauma.org\/index.php?rest_route=\/wp\/v2\/pages"}],"about":[{"href":"https:\/\/kidtrauma.org\/index.php?rest_route=\/wp\/v2\/types\/page"}],"author":[{"embeddable":true,"href":"https:\/\/kidtrauma.org\/index.php?rest_route=\/wp\/v2\/users\/3"}],"replies":[{"embeddable":true,"href":"https:\/\/kidtrauma.org\/index.php?rest_route=%2Fwp%2Fv2%2Fcomments&post=247"}],"version-history":[{"count":10,"href":"https:\/\/kidtrauma.org\/index.php?rest_route=\/wp\/v2\/pages\/247\/revisions"}],"predecessor-version":[{"id":924,"href":"https:\/\/kidtrauma.org\/index.php?rest_route=\/wp\/v2\/pages\/247\/revisions\/924"}],"up":[{"embeddable":true,"href":"https:\/\/kidtrauma.org\/index.php?rest_route=\/wp\/v2\/pages\/225"}],"wp:attachment":[{"href":"https:\/\/kidtrauma.org\/index.php?rest_route=%2Fwp%2Fv2%2Fmedia&parent=247"}],"curies":[{"name":"wp","href":"https:\/\/api.w.org\/{rel}","templated":true}]}}