{"id":2496,"date":"2020-01-14T09:52:50","date_gmt":"2020-01-14T08:52:50","guid":{"rendered":"http:\/\/vps31252.alfahosting-vps.de\/wordpress\/?page_id=2496"},"modified":"2020-01-14T09:52:52","modified_gmt":"2020-01-14T08:52:52","slug":"web_adolescents_conduct_de","status":"publish","type":"page","link":"https:\/\/kidtrauma.org\/?page_id=2496","title":{"rendered":"WEB_Adolescents_Conduct_DE"},"content":{"rendered":"\n<p>Traumatische Erfahrungen k\u00f6nnen das Sicherheitsgef\u00fchl von Jugendlichen und deren Glauben an die Welt als sicheren Ort beeintr\u00e4chtigen. Jugendliche zeigen deshalb h\u00e4ufig als Reaktion aggressives, aufs\u00e4ssiges und\/oder regelversto\u00dfendes Verhalten.<\/p>\n<p>\u00a0<\/p>\n<h3>Aggressives Verhalten<\/h3>\n<ul>\n<li>Oftmals schikanieren, bedrohen oder sch\u00fcchtern traumatisierte Jugendliche andere ein, initiieren handgreifliche Auseinandersetzungen oder schlagen andere Kinder\/Jugendliche.<\/li>\n<li>Manchmal kommt es auch vor, dass traumatisierte Jugendliche andere Kinder\/Jugendliche zu sexuellen Handlungen n\u00f6tigen.<\/li>\n<\/ul>\n<h3>Regelverst\u00f6\u00dfe<\/h3>\n<ul>\n<li>Oftmals widersetzen sich Jugendliche elterlicher Verbote und Regeln (z.B. nachts lange drau\u00dfen bleiben) und laufen wiederholt von zu Hause weg oder schw\u00e4nzen bereits im jungen Alter die Schule.<\/li>\n<\/ul>\n<h3>Zerst\u00f6rung von Eigentum<\/h3>\n<ul>\n<li>Manchmal legen Jugendliche absichtlich Feuer oder zerst\u00f6ren mutwillig das Eigentum anderer.<\/li>\n<\/ul>\n<h3>L\u00fcgen oder Stehlen<\/h3>\n<ul>\n<li>Es kann auch vorkommen, dass Jugendliche zur pers\u00f6nlichen Bereicherung (Erhalt von Gegenst\u00e4nden und Gef\u00e4lligkeiten) oder zur Vermeidung von Unannehmlichkeiten und Verpflichtungen l\u00fcgen oder dass sie Dinge stehlen.<\/li>\n<\/ul>\n<h3>Aufs\u00e4ssiges Verhalten<\/h3>\n<ul>\n<li>Traumatisierte Jugendliche sind oft sehr empfindlich, f\u00fchlen sich von anderen rasch genervt und verlieren dann ihre Nerven. Sie streiten und sind trotzig. Manchmal \u00e4rgern sie auch andere Kinder\/Jugendliche.<\/li>\n<\/ul>\n<p>\u00a0<\/p>\n<h3>Tipps<\/h3>\n<ul>\n<li>Wichtig zu wissen ist, dass es gute Behandlungsm\u00f6glichkeit gibt, um mit einem schlimmen Ereignis und daraus resultierenden Auff\u00e4lligkeiten klarzukommen. Deshalb wende dich in so einem Fall an deine Eltern, Klassenlehrer\/in oder direkt an einen Therapeuten und besprich, ob und welche Therapieangebote f\u00fcr dich passen k\u00f6nnten. Du kannst via der KidTrauma-Webseite oder -App (<a href=\"http:\/\/vps31252.alfahosting-vps.de\/wordpress\/?page_id=74\"><strong>Therapiestellen<\/strong><\/a>) nach Experten*innen im Bereich der Kinder- und Jugendpsychotraumatolgie suchen. <\/li>\n<li>Vereinbare mit Deinen Eltern\/Freunden\/Lehrern ein Zeichen, wenn Du merkst, dass Aggressionen in Dir hochkommen und verlasse f\u00fcr kurze Zeit die Situation, um Dich zu beruhigen.<\/li>\n<li>Wenn Du den Drang versp\u00fcrst, etwas kaputt zu machen, z\u00e4hle ganz ruhig auf 10 und wieder zur\u00fcck, boxe in ein Kissen oder wirf ein Kissen gegen die Wand.<\/li>\n<li>Versuche es mit Sport, um Deine Aggression abzubauen.<\/li>\n<\/ul>\n","protected":false},"excerpt":{"rendered":"<p>Traumatische Erfahrungen k\u00f6nnen das Sicherheitsgef\u00fchl von Jugendlichen und deren Glauben an die Welt als sicheren Ort beeintr\u00e4chtigen. Jugendliche zeigen deshalb h\u00e4ufig als Reaktion aggressives, aufs\u00e4ssiges und\/oder regelversto\u00dfendes Verhalten. \u00a0 Aggressives Verhalten Oftmals schikanieren, bedrohen oder sch\u00fcchtern traumatisierte Jugendliche andere ein, initiieren handgreifliche Auseinandersetzungen oder schlagen andere Kinder\/Jugendliche. Manchmal kommt es auch vor, dass traumatisierte Jugendliche [&hellip;]<\/p>\n","protected":false},"author":3,"featured_media":0,"parent":0,"menu_order":0,"comment_status":"closed","ping_status":"closed","template":"","meta":{"ub_ctt_via":"","_mi_skip_tracking":false,"_monsterinsights_sitenote_active":false,"_monsterinsights_sitenote_note":"","_monsterinsights_sitenote_category":0,"footnotes":""},"featured_image_src":null,"_links":{"self":[{"href":"https:\/\/kidtrauma.org\/index.php?rest_route=\/wp\/v2\/pages\/2496"}],"collection":[{"href":"https:\/\/kidtrauma.org\/index.php?rest_route=\/wp\/v2\/pages"}],"about":[{"href":"https:\/\/kidtrauma.org\/index.php?rest_route=\/wp\/v2\/types\/page"}],"author":[{"embeddable":true,"href":"https:\/\/kidtrauma.org\/index.php?rest_route=\/wp\/v2\/users\/3"}],"replies":[{"embeddable":true,"href":"https:\/\/kidtrauma.org\/index.php?rest_route=%2Fwp%2Fv2%2Fcomments&post=2496"}],"version-history":[{"count":1,"href":"https:\/\/kidtrauma.org\/index.php?rest_route=\/wp\/v2\/pages\/2496\/revisions"}],"predecessor-version":[{"id":2497,"href":"https:\/\/kidtrauma.org\/index.php?rest_route=\/wp\/v2\/pages\/2496\/revisions\/2497"}],"wp:attachment":[{"href":"https:\/\/kidtrauma.org\/index.php?rest_route=%2Fwp%2Fv2%2Fmedia&parent=2496"}],"curies":[{"name":"wp","href":"https:\/\/api.w.org\/{rel}","templated":true}]}}