{"id":2523,"date":"2020-01-14T13:29:26","date_gmt":"2020-01-14T12:29:26","guid":{"rendered":"http:\/\/vps31252.alfahosting-vps.de\/wordpress\/?page_id=2523"},"modified":"2020-07-21T14:55:05","modified_gmt":"2020-07-21T13:55:05","slug":"app_imprint_de","status":"publish","type":"page","link":"https:\/\/kidtrauma.org\/?page_id=2523","title":{"rendered":"Impressum"},"content":{"rendered":"\n<p>info@kidtrauma.com<\/p>\n<h4>Verantwortlich f\u00fcr den Inhalt<\/h4>\n<p>Prof. Dr. phil. Markus A. Landolt<br>M. Sc. Lasse Bartels<\/p>\n<h4>Informationstechnik<\/h4>\n<p>superdev gmbh<br>6330 Cham<\/p>\n<h4>Bilder<\/h4>\n<p>Logo: \u00a9 F. Herdter<\/p>\n<p>S\u00e4mtliche Bilder: \u00a9 F. Herdter<\/p>\n<h4>Urheberrecht &amp; Haftung<\/h4>\n<p>Der Inhalt dieser Internetseiten ist urheberrechtlich ge\u00adsch\u00fct\u00adzt. S\u00e4mtliche Inhalte wie Grafiken, Texte, Bil\u00adder usw. d\u00fcr\u00adfen nicht ver\u00adviel\u00adf\u00e4lt\u00adigt, be\u00adar\u00adbei\u00adtet, \u00f6ffentlich wiedergegeben, ge\u00e4ndert oder in sonst\u00adig\u00ader ur\u00adheb\u00ader\u00adrecht\u00adlich relevanter Form ge\u00adnutzt wer\u00ad\u00adden.<\/p>\n<h4>Trauma-Check (Frageb\u00f6gen) &#8211; Urheberrecht<\/h4>\n<p>Akut, Kinder 0-5 Jahre: Pediatric Emotional Distress Scale &#8211; Early Screener (PEDS-ES), \u00a9 Kramer et. al., 2013<\/p>\n<p>Akut, Kinder ab 6 Jahre: Trauma-Screeningbogen f\u00fcr Kinder (TSK\/10), \u00a9 Kenardy et al., 2006. (Deutsche Version: Goldbeck &amp; Besier, 2007)<\/p>\n<p>Chronisch, Kinder 0-5 Jahre: Pediatric Emotional Distress Scale &#8211; Early Screener (PEDS-ES), \u00a9 Kramer et. al., 2013<\/p>\n<p>Chronisch, Kinder ab 6 Jahre: Children\u2019s Revised Impact of Event Scale &#8211; Plus (CRIES-Plus),<\/p>\n<h4>Verweise und Links<\/h4>\n<p>Unser Angebot kann Links und Verweise zu Internet-Angeboten Dritter enthalten. Wir m\u00f6chten Sie darauf hinweisen, dass wir keinen Einfluss auf deren Inhalte haben und demnach auch keine Gew\u00e4hr daf\u00fcr \u00fcbernehmen k\u00f6nnen. Wir haben jedoch zum Zeitpunkt der Verlinkung bzw. des Verweises die Internetseiten Dritter auf m\u00f6gliche offensichtliche Rechtsverst\u00f6sse gepr\u00fcft und keine solche feststellen k\u00f6nnen. Da eine laufende \u00dcberpr\u00fcfung verlinkter Internetseiten nicht m\u00f6glich ist, k\u00f6nnen wir lediglich bei konkreten Anhaltspunkten reagieren.<\/p>\n","protected":false},"excerpt":{"rendered":"<p>info@kidtrauma.com Verantwortlich f\u00fcr den Inhalt Prof. Dr. phil. Markus A. LandoltM. Sc. Lasse Bartels Informationstechnik superdev gmbh6330 Cham Bilder Logo: \u00a9 F. Herdter S\u00e4mtliche Bilder: \u00a9 F. Herdter Urheberrecht &amp; Haftung Der Inhalt dieser Internetseiten ist urheberrechtlich ge\u00adsch\u00fct\u00adzt. S\u00e4mtliche Inhalte wie Grafiken, Texte, Bil\u00adder usw. d\u00fcr\u00adfen nicht ver\u00adviel\u00adf\u00e4lt\u00adigt, be\u00adar\u00adbei\u00adtet, \u00f6ffentlich wiedergegeben, ge\u00e4ndert oder in sonst\u00adig\u00ader [&hellip;]<\/p>\n","protected":false},"author":2,"featured_media":0,"parent":0,"menu_order":0,"comment_status":"closed","ping_status":"closed","template":"","meta":{"ub_ctt_via":"","_mi_skip_tracking":false,"_monsterinsights_sitenote_active":false,"_monsterinsights_sitenote_note":"","_monsterinsights_sitenote_category":0,"footnotes":""},"featured_image_src":null,"_links":{"self":[{"href":"https:\/\/kidtrauma.org\/index.php?rest_route=\/wp\/v2\/pages\/2523"}],"collection":[{"href":"https:\/\/kidtrauma.org\/index.php?rest_route=\/wp\/v2\/pages"}],"about":[{"href":"https:\/\/kidtrauma.org\/index.php?rest_route=\/wp\/v2\/types\/page"}],"author":[{"embeddable":true,"href":"https:\/\/kidtrauma.org\/index.php?rest_route=\/wp\/v2\/users\/2"}],"replies":[{"embeddable":true,"href":"https:\/\/kidtrauma.org\/index.php?rest_route=%2Fwp%2Fv2%2Fcomments&post=2523"}],"version-history":[{"count":12,"href":"https:\/\/kidtrauma.org\/index.php?rest_route=\/wp\/v2\/pages\/2523\/revisions"}],"predecessor-version":[{"id":6212,"href":"https:\/\/kidtrauma.org\/index.php?rest_route=\/wp\/v2\/pages\/2523\/revisions\/6212"}],"wp:attachment":[{"href":"https:\/\/kidtrauma.org\/index.php?rest_route=%2Fwp%2Fv2%2Fmedia&parent=2523"}],"curies":[{"name":"wp","href":"https:\/\/api.w.org\/{rel}","templated":true}]}}