{"id":2607,"date":"2020-01-15T14:34:52","date_gmt":"2020-01-15T13:34:52","guid":{"rendered":"http:\/\/vps31252.alfahosting-vps.de\/wordpress\/?page_id=2607"},"modified":"2020-05-25T10:41:34","modified_gmt":"2020-05-25T09:41:34","slug":"app_parents_chronic_conduct_big_de","status":"publish","type":"page","link":"https:\/\/kidtrauma.org\/?page_id=2607","title":{"rendered":"Aggressives\/aufs\u00e4ssiges Verhalten"},"content":{"rendered":"\n<p>Einmalig schwerwiegende oder langanhaltende bzw. wiederholte Traumatisierungen k\u00f6nnen das Sicherheitsgef\u00fchl von Kindern und Jugendlichen und deren Glauben an die Welt als sicheren Ort beeintr\u00e4chtigen. Kinder und Jugendliche zeigen deshalb h\u00e4ufig als Reaktion aggressives, aufs\u00e4ssiges und\/oder regelversto\u00dfendes Verhalten. Nachfolgend aufgelistet sind Verhaltensauff\u00e4lligkeiten bzw. Probleme, die Kinder und Jugendliche in diesem Zusammenhang h\u00e4ufig zeigen und Tipps, wie Sie und Ihr Kind mit diesen umgehen k\u00f6nnen:<\/p>\n<ul style=\"list-style-type: square;\">\n<li>\n<h4>Schikanieren bzw. bedrohen anderer Kinder<\/h4>\n<\/li>\n<li>\n<h4>Handgreifliche Auseinandersetzungen<\/h4>\n<\/li>\n<li>\n<h4>Versto\u00df gegen Regeln und Verbote<\/h4>\n<\/li>\n<li>\n<h4>Zerst\u00f6rung von Eigentum<\/h4>\n<\/li>\n<li>\n<h4>L\u00fcgen und Stehlen<\/h4>\n<\/li>\n<li>\n<h4>Streiten\/trotziges Verhalten<\/h4>\n<\/li>\n<li>\n<h4>Nerven verlieren<\/h4>\n<\/li>\n<\/ul>\n<h3>Tipps<\/h3>\n<ul style=\"list-style-type: square;\">\n<li>Wichtig zu wissen ist, dass es gute Behandlungsm\u00f6glichkeit gibt, um mit einem schlimmen Ereignis und daraus resultierenden Auff\u00e4lligkeiten klarzukommen. Erkundigen Sie sich als Eltern nach Therapieangeboten. Die Suche nach Expert*innen im Bereich der Kinder- und Jugendpsychotraumatolgie ist \u00fcber die Funktion <strong>Therapiestellen<\/strong> auf unserer Webseite oder der App m\u00f6glich. Beziehen Sie Ihr Kind mit ein.<\/li>\n<li>Seien Sie sich als Eltern einig \u00fcber Regeln und Verbote und setzen Sie diese konsequent durch. Treten Sie als Team vor Ihrem Kind auf.<\/li>\n<li>Versichern Sie sich der Aufmerksamkeit Ihres Kindes, wenn Sie Regeln oder Verbote aussprechen. Lassen Sie keine Ablenkungen wie z.B. Computerspiele oder Smartphone zu, wenn Sie Anweisungen geben.<\/li>\n<li>Vereinbaren Sie mit Ihrem Kind ein Zeichen, wenn es merkt, dass Aggressionen in ihm\/ihr hochkommen. Dann kann es f\u00fcr kurze Zeit die Situation verlassen, um sich zu beruhigen.<\/li>\n<li>\u00dcberlegen Sie sich gemeinsam mit Ihrem Kind Strategien zum Abbau von Aggressionen (z.B. in ein Kissen boxen, Boxsack aufh\u00e4ngen).<\/li>\n<li>Loben Sie positive Verhaltensweisen.<\/li>\n<\/ul>\n","protected":false},"excerpt":{"rendered":"<p>Einmalig schwerwiegende oder langanhaltende bzw. wiederholte Traumatisierungen k\u00f6nnen das Sicherheitsgef\u00fchl von Kindern und Jugendlichen und deren Glauben an die Welt als sicheren Ort beeintr\u00e4chtigen. Kinder und Jugendliche zeigen deshalb h\u00e4ufig als Reaktion aggressives, aufs\u00e4ssiges und\/oder regelversto\u00dfendes Verhalten. Nachfolgend aufgelistet sind Verhaltensauff\u00e4lligkeiten bzw. Probleme, die Kinder und Jugendliche in diesem Zusammenhang h\u00e4ufig zeigen und Tipps, wie [&hellip;]<\/p>\n","protected":false},"author":3,"featured_media":3304,"parent":0,"menu_order":0,"comment_status":"closed","ping_status":"closed","template":"","meta":{"ub_ctt_via":"","_mi_skip_tracking":false,"_monsterinsights_sitenote_active":false,"_monsterinsights_sitenote_note":"","_monsterinsights_sitenote_category":0,"footnotes":""},"featured_image_src":"https:\/\/kidtrauma.org\/wp-content\/uploads\/APP_gro\u00df_aggressives-Verhalten.jpg","_links":{"self":[{"href":"https:\/\/kidtrauma.org\/index.php?rest_route=\/wp\/v2\/pages\/2607"}],"collection":[{"href":"https:\/\/kidtrauma.org\/index.php?rest_route=\/wp\/v2\/pages"}],"about":[{"href":"https:\/\/kidtrauma.org\/index.php?rest_route=\/wp\/v2\/types\/page"}],"author":[{"embeddable":true,"href":"https:\/\/kidtrauma.org\/index.php?rest_route=\/wp\/v2\/users\/3"}],"replies":[{"embeddable":true,"href":"https:\/\/kidtrauma.org\/index.php?rest_route=%2Fwp%2Fv2%2Fcomments&post=2607"}],"version-history":[{"count":7,"href":"https:\/\/kidtrauma.org\/index.php?rest_route=\/wp\/v2\/pages\/2607\/revisions"}],"predecessor-version":[{"id":5470,"href":"https:\/\/kidtrauma.org\/index.php?rest_route=\/wp\/v2\/pages\/2607\/revisions\/5470"}],"wp:featuredmedia":[{"embeddable":true,"href":"https:\/\/kidtrauma.org\/index.php?rest_route=\/wp\/v2\/media\/3304"}],"wp:attachment":[{"href":"https:\/\/kidtrauma.org\/index.php?rest_route=%2Fwp%2Fv2%2Fmedia&parent=2607"}],"curies":[{"name":"wp","href":"https:\/\/api.w.org\/{rel}","templated":true}]}}