{"id":264,"date":"2019-04-24T09:15:15","date_gmt":"2019-04-24T08:15:15","guid":{"rendered":"http:\/\/vps31252.alfahosting-vps.de\/wordpress\/?page_id=264"},"modified":"2020-05-06T13:00:18","modified_gmt":"2020-05-06T12:00:18","slug":"chronicgeneralinformationsupport-9","status":"publish","type":"page","link":"https:\/\/kidtrauma.org\/?page_id=264","title":{"rendered":"Bindungsprobleme"},"content":{"rendered":"\n<p class=\"Fliesstext\">Bindungsprobleme bei Kindern sind oftmals die Folge von unsicheren und instabilen Bindungen zu ihren Eltern bzw. Hauptbezugspersonen in den ersten Lebensjahren. Unangemessene Reaktionen auf den Kummer eines Kindes, mangelnde Zuneigung, das Fehlen von Bezugspersonen und Missbrauch sind f\u00fcr Kinder traumatische Erfahrungen und k\u00f6nnen die Entwicklung gesunder Beziehungen im weiteren Lebensverlauf beeintr\u00e4chtigen.<\/p>\n<p>\u00a0<\/p>\n<h3>Gehemmtes, emotional zur\u00fcckgezogenes Verhalten gegen\u00fcber erwachsenen Bezugspersonen<\/h3>\n<ul style=\"list-style-type: square;\">\n<li>Das Kind sucht selten oder nur geringf\u00fcgig Trost, wenn es bedr\u00fcckt ist.<\/li>\n<li>Das Kind reagiert selten oder nur geringf\u00fcgig auf Trost, wenn es bedr\u00fcckt ist.<\/li>\n<\/ul>\n<p>\u00a0<\/p>\n<h3>Andauernde soziale und emotionale Probleme<\/h3>\n<ul style=\"list-style-type: square;\">\n<li>Das Kind l\u00e4chelt nicht oder reagiert nicht, wenn es mit Erwachsenen interagiert.<\/li>\n<li>Das Kind zeigt keinerlei Zuneigung gegen\u00fcber seinen oder ihren Eltern.<\/li>\n<li>Das Kind ist oftmals gereizt, traurig oder es f\u00fcrchtet sich, sogar in Situationen mit erwachsenen Bezugspersonen, in denen es kein Grund daf\u00fcr gibt.<\/li>\n<\/ul>\n<p>\u00a0<\/p>\n<h3>Enthemmtes, aktives ann\u00e4herndes Verhalten mit unbekannten Erwachsenen<\/h3>\n<ul style=\"list-style-type: square;\">\n<li>Das Kind ist \u00fcbertrieben freundlich zu unbekannten Kindern oder Erwachsenen.<\/li>\n<li>Das Kind verh\u00e4lt sich unangemessenes k\u00f6rperlich oder verbal gegen\u00fcber anderen, z.B. umarmt es Personen, die es nicht kennt, oder in unangebrachten Situationen (beispielsweise eine Lehrer in der Schule).<\/li>\n<li>Das Kind zeigt mangelndes Misstrauen gegen\u00fcber Fremden. Z.B. geht das Kind mit jemanden mit, den es oder sie nicht kennt.<\/li>\n<\/ul>\n<p>\u00a0<\/p>\n<h2>Tipps<\/h2>\n<ul>\n<li>Vermitteln Sie Ihrem Kind Sicherheit in seinem Alltag<\/li>\n<li>Zeigen Sie dem Kind, dass Sie es lieben.<\/li>\n<li>Loben Sie Ihr Kind regelm\u00e4ssig.<\/li>\n<li>Sagen Sie Ihrem Kind, wenn Sie weggehen und wenn Sie wieder zur\u00fcckkommen. Halten Sie sich unbedingt an die vereinbarten Zeiten.<\/li>\n<li>Gestalten Sie den Alltag Ihres Kindes, so dass er m\u00f6glichst vorhersehbar ist.<\/li>\n<li>Wichtig zu wissen ist, dass es gute Behandlungsm\u00f6glichkeit gibt, um mit einem schlimmen Ereignis und daraus resultierenden Auff\u00e4lligkeiten klarzukommen. Erkundigen Sie sich als Eltern nach Therapieangeboten. Via der KidTrauma-Webseite und -App (Therapiestellen) k\u00f6nnen Sie nach Expert*innen im Bereich der Kinder- und Jugendpsychotraumatolgie suchen. Beziehen Sie Ihr Kind mit ein.<\/li>\n<\/ul>\n","protected":false},"excerpt":{"rendered":"<p>Bindungsprobleme bei Kindern sind oftmals die Folge von unsicheren und instabilen Bindungen zu ihren Eltern bzw. Hauptbezugspersonen in den ersten Lebensjahren. Unangemessene Reaktionen auf den Kummer eines Kindes, mangelnde Zuneigung, das Fehlen von Bezugspersonen und Missbrauch sind f\u00fcr Kinder traumatische Erfahrungen und k\u00f6nnen die Entwicklung gesunder Beziehungen im weiteren Lebensverlauf beeintr\u00e4chtigen. \u00a0 Gehemmtes, emotional zur\u00fcckgezogenes [&hellip;]<\/p>\n","protected":false},"author":3,"featured_media":3960,"parent":225,"menu_order":0,"comment_status":"closed","ping_status":"closed","template":"","meta":{"ub_ctt_via":"","_mi_skip_tracking":false,"_monsterinsights_sitenote_active":false,"_monsterinsights_sitenote_note":"","_monsterinsights_sitenote_category":0,"footnotes":""},"featured_image_src":"https:\/\/kidtrauma.org\/wp-content\/uploads\/Bindungsprobleme-2.jpg","_links":{"self":[{"href":"https:\/\/kidtrauma.org\/index.php?rest_route=\/wp\/v2\/pages\/264"}],"collection":[{"href":"https:\/\/kidtrauma.org\/index.php?rest_route=\/wp\/v2\/pages"}],"about":[{"href":"https:\/\/kidtrauma.org\/index.php?rest_route=\/wp\/v2\/types\/page"}],"author":[{"embeddable":true,"href":"https:\/\/kidtrauma.org\/index.php?rest_route=\/wp\/v2\/users\/3"}],"replies":[{"embeddable":true,"href":"https:\/\/kidtrauma.org\/index.php?rest_route=%2Fwp%2Fv2%2Fcomments&post=264"}],"version-history":[{"count":14,"href":"https:\/\/kidtrauma.org\/index.php?rest_route=\/wp\/v2\/pages\/264\/revisions"}],"predecessor-version":[{"id":4617,"href":"https:\/\/kidtrauma.org\/index.php?rest_route=\/wp\/v2\/pages\/264\/revisions\/4617"}],"up":[{"embeddable":true,"href":"https:\/\/kidtrauma.org\/index.php?rest_route=\/wp\/v2\/pages\/225"}],"wp:featuredmedia":[{"embeddable":true,"href":"https:\/\/kidtrauma.org\/index.php?rest_route=\/wp\/v2\/media\/3960"}],"wp:attachment":[{"href":"https:\/\/kidtrauma.org\/index.php?rest_route=%2Fwp%2Fv2%2Fmedia&parent=264"}],"curies":[{"name":"wp","href":"https:\/\/api.w.org\/{rel}","templated":true}]}}