{"id":268,"date":"2019-04-24T09:16:19","date_gmt":"2019-04-24T08:16:19","guid":{"rendered":"http:\/\/vps31252.alfahosting-vps.de\/wordpress\/?page_id=268"},"modified":"2020-06-04T12:21:12","modified_gmt":"2020-06-04T11:21:12","slug":"chronicgeneralinformationsupport-11","status":"publish","type":"page","link":"https:\/\/kidtrauma.org\/?page_id=268","title":{"rendered":"Weitere Symptome"},"content":{"rendered":"\n<p class=\"Fliesstext\">Nach besonders schweren oder wiederholten bzw. langanhaltenden Traumatisierungen ist es normal, dass kleine Kinder \u00f6fters weinen, traurig sind oder sich vermehrt zur\u00fcckziehen. Manche Kinder zeigen auch Entwicklungsr\u00fcckschritte. So kann es sein, dass das Kind wieder am Daumen lutscht, wieder einn\u00e4sst oder die Babysprache wieder aufnimmt.<\/p>\n<p>\u00a0<\/p>\n<h3 class=\"Fliesstext\">Traurigkeit, h\u00e4ufiges Weinen<\/h3>\n<ul style=\"list-style-type: square;\">\n<li>Erkl\u00e4ren Sie Ihrem Kind, dass es normal ist, dass es nach traumatischen Erfahrungen traurig ist.<\/li>\n<li>Tr\u00f6sten Sie es und vermitteln Sie Ihrem Kind Sicherheit.<\/li>\n<li>Manchmal schweigen kleine Kinder oder haben Schwierigkeiten genau zu sagen, was sie bedr\u00fcckt. Beschreiben Sie Gef\u00fchle wie Wut, Traurigkeit oder Sorge, die Kinder in dieser Situation haben k\u00f6nnen und fragen Sie Ihr Kind, welches auf es zutrifft. Sie k\u00f6nnen dazu auch einfache Emojis f\u00fcr verschiedene Gef\u00fchle auf Papier zeichnen, wie Sie sie vielleicht von Ihrem Smartphone her kennen.<\/li>\n<li>Zwingen Sie Ihr Kind nicht zum Reden, aber lassen Sie es wissen, dass es jederzeit mit Ihnen \u00fcber seine Sorgen und \u00c4ngste sprechen kann.<\/li>\n<\/ul>\n<p>\u00a0<\/p>\n<h3 class=\"Fliesstext\">Sozialer R\u00fcckzug<\/h3>\n<ul style=\"list-style-type: square;\">\n<li>Zeigen Sie gegen\u00fcber Ihrem Kind Verst\u00e4ndnis, dass es lieber zuhause oder alleine sein m\u00f6chte.<\/li>\n<li>Versuchen Sie es aber darin zu unterst\u00fctzen, sich wieder mit Freunden zu treffen und nach draussen zu gehen.<\/li>\n<li>Versichern Sie Ihrem Kind, dass es mit Freund*innen an einem sicheren Ort spielen kann, wo es von Erwachsenen besch\u00fctzt wird.<\/li>\n<\/ul>\n<p>\u00a0<\/p>\n<h3 class=\"Fliesstext\">Entwicklungsr\u00fcckschritte<\/h3>\n<ul style=\"list-style-type: square;\">\n<li>R\u00fcckkehr zu fr\u00fcherem Verhalten kommt bei Kindern nach traumatischen Erfahrungen h\u00e4ufig vor. Kinder beginnen beispielsweise wieder mit Daumenlutschen, Bettn\u00e4ssen, Babysprache oder wollen \u00f6fters auf dem Schoss der Eltern sitzen.<\/li>\n<li>Verhalten Sie sich so neutral wie m\u00f6glich und schimpfen Sie nicht mit Ihrem Kind.<\/li>\n<li>Wechseln Sie die Kleidung und die Bettw\u00e4sche ohne Kommentar, wenn Ihr Kind einn\u00e4sst. Beruhigen Sie Ihr Kind und sagen Sie ihm, dass das Problem wieder verschwinden wird.<\/li>\n<li>Lassen Sie nicht zu, dass jemand Ihr Kind durch Kommentare wie \u201eDu bist ja wie ein Baby\u201c kritisiert oder besch\u00e4mt.<\/li>\n<li>Erkl\u00e4ren Sie Ihrem Kind und Personen in Ihrem Umfeld, dass solche R\u00fcckschritte nach traumatischen Erfahrungen vorkommen k\u00f6nnen und dass sie vorbeigehen.<\/li>\n<li>Loben Sie Ihr Kind f\u00fcr alle Anstrengungen, die es macht, um diese Entwicklungsr\u00fcckschritte zu \u00fcberwinden.<\/li>\n<\/ul>\n","protected":false},"excerpt":{"rendered":"<p>Nach besonders schweren oder wiederholten bzw. langanhaltenden Traumatisierungen ist es normal, dass kleine Kinder \u00f6fters weinen, traurig sind oder sich vermehrt zur\u00fcckziehen. Manche Kinder zeigen auch Entwicklungsr\u00fcckschritte. So kann es sein, dass das Kind wieder am Daumen lutscht, wieder einn\u00e4sst oder die Babysprache wieder aufnimmt. \u00a0 Traurigkeit, h\u00e4ufiges Weinen Erkl\u00e4ren Sie Ihrem Kind, dass es [&hellip;]<\/p>\n","protected":false},"author":3,"featured_media":3512,"parent":225,"menu_order":0,"comment_status":"closed","ping_status":"closed","template":"","meta":{"ub_ctt_via":"","_mi_skip_tracking":false,"_monsterinsights_sitenote_active":false,"_monsterinsights_sitenote_note":"","_monsterinsights_sitenote_category":0,"footnotes":""},"featured_image_src":"https:\/\/kidtrauma.org\/wp-content\/uploads\/andere-symptome.jpg","_links":{"self":[{"href":"https:\/\/kidtrauma.org\/index.php?rest_route=\/wp\/v2\/pages\/268"}],"collection":[{"href":"https:\/\/kidtrauma.org\/index.php?rest_route=\/wp\/v2\/pages"}],"about":[{"href":"https:\/\/kidtrauma.org\/index.php?rest_route=\/wp\/v2\/types\/page"}],"author":[{"embeddable":true,"href":"https:\/\/kidtrauma.org\/index.php?rest_route=\/wp\/v2\/users\/3"}],"replies":[{"embeddable":true,"href":"https:\/\/kidtrauma.org\/index.php?rest_route=%2Fwp%2Fv2%2Fcomments&post=268"}],"version-history":[{"count":13,"href":"https:\/\/kidtrauma.org\/index.php?rest_route=\/wp\/v2\/pages\/268\/revisions"}],"predecessor-version":[{"id":6043,"href":"https:\/\/kidtrauma.org\/index.php?rest_route=\/wp\/v2\/pages\/268\/revisions\/6043"}],"up":[{"embeddable":true,"href":"https:\/\/kidtrauma.org\/index.php?rest_route=\/wp\/v2\/pages\/225"}],"wp:featuredmedia":[{"embeddable":true,"href":"https:\/\/kidtrauma.org\/index.php?rest_route=\/wp\/v2\/media\/3512"}],"wp:attachment":[{"href":"https:\/\/kidtrauma.org\/index.php?rest_route=%2Fwp%2Fv2%2Fmedia&parent=268"}],"curies":[{"name":"wp","href":"https:\/\/api.w.org\/{rel}","templated":true}]}}