{"id":2911,"date":"2020-01-30T14:17:19","date_gmt":"2020-01-30T13:17:19","guid":{"rendered":"http:\/\/vps31252.alfahosting-vps.de\/wordpress\/?page_id=2911"},"modified":"2020-05-26T14:15:04","modified_gmt":"2020-05-26T13:15:04","slug":"web_teenager_chronic_anxiety_de-2","status":"publish","type":"page","link":"https:\/\/kidtrauma.org\/?page_id=2911","title":{"rendered":"K\u00f6rperliche Probleme"},"content":{"rendered":"\n<p>Einmalig schwerwiegende oder langanhaltende bzw. wiederholte Traumatisierungen k\u00f6nnen auch zu k\u00f6rperlichen Symptomen f\u00fchren, f\u00fcr die keine k\u00f6rperliche Ursachen gefunden werden k\u00f6nnen. Die Symptome k\u00f6nnen dabei ganz unterschiedliche Organe oder Teile des K\u00f6rpers betreffen und sich angesichts von Gedanken oder Dingen, die an die traumatische Ereignisse erinnern, verschlimmern.<\/p>\n<p>\u00a0<\/p>\n<h3>Herz-Kreislauf-System<\/h3>\n<ul style=\"list-style-type: square;\">\n<li>Herzklopfen, Engegef\u00fchl in der Brust, Druckgef\u00fchl bzw. Stechen in der Herzgegend, vermehrtes Schwitzen<\/li>\n<\/ul>\n<p>\u00a0<\/p>\n<h3>Magen-Darm<\/h3>\n<ul style=\"list-style-type: square;\">\n<li>\u00a0\u00dcbelkeit, Bauchschmerzen.<\/li>\n<\/ul>\n<p>\u00a0<\/p>\n<h3>Schmerzen<\/h3>\n<ul style=\"list-style-type: square;\">\n<li>Anhaltende oder immer wiederkehrende Schmerzen, z.B. Kopfschmerzen oder R\u00fcckenschmerzen.<\/li>\n<\/ul>\n<p>\u00a0<\/p>\n<h3>Weitere k\u00f6rperliche Symptome<\/h3>\n<ul style=\"list-style-type: square;\">\n<li>Zittern<\/li>\n<li>Schwindel<\/li>\n<li>Atemnot<\/li>\n<\/ul>\n<p>\u00a0<\/p>\n<h2>Tipps<\/h2>\n<ul style=\"list-style-type: square;\">\n<li>Lass \u00e4rztlich abkl\u00e4ren, ob Deine Beschwerden durch k\u00f6rperliche Ursachen bedingt sind.<\/li>\n<li>Wende \u00fcbliche Dir bekannte Mittel gegen Deine Beschwerden an (W\u00e4rmflasche bei Bauchschmerzen, kalter Wickel bei Kopfschmerzen).<\/li>\n<li>In jedem Fall ist es empfehlenswert eine psychologische Fachperson aufzusuchen. Via der KidTrauma-Webseite und -App (Therapiestellen) kannst Du nach Expert*innen im Bereich der Kinder- und Jugendpsychotraumatolgie suchen. Beziehe Deine Eltern mit ein.<\/li>\n<\/ul>\n","protected":false},"excerpt":{"rendered":"<p>Einmalig schwerwiegende oder langanhaltende bzw. wiederholte Traumatisierungen k\u00f6nnen auch zu k\u00f6rperlichen Symptomen f\u00fchren, f\u00fcr die keine k\u00f6rperliche Ursachen gefunden werden k\u00f6nnen. Die Symptome k\u00f6nnen dabei ganz unterschiedliche Organe oder Teile des K\u00f6rpers betreffen und sich angesichts von Gedanken oder Dingen, die an die traumatische Ereignisse erinnern, verschlimmern. \u00a0 Herz-Kreislauf-System Herzklopfen, Engegef\u00fchl in der Brust, Druckgef\u00fchl [&hellip;]<\/p>\n","protected":false},"author":3,"featured_media":3474,"parent":0,"menu_order":0,"comment_status":"closed","ping_status":"closed","template":"","meta":{"ub_ctt_via":"","_mi_skip_tracking":false,"_monsterinsights_sitenote_active":false,"_monsterinsights_sitenote_note":"","_monsterinsights_sitenote_category":0,"footnotes":""},"featured_image_src":"https:\/\/kidtrauma.org\/wp-content\/uploads\/k\u00f6perliche-probleme.jpg","_links":{"self":[{"href":"https:\/\/kidtrauma.org\/index.php?rest_route=\/wp\/v2\/pages\/2911"}],"collection":[{"href":"https:\/\/kidtrauma.org\/index.php?rest_route=\/wp\/v2\/pages"}],"about":[{"href":"https:\/\/kidtrauma.org\/index.php?rest_route=\/wp\/v2\/types\/page"}],"author":[{"embeddable":true,"href":"https:\/\/kidtrauma.org\/index.php?rest_route=\/wp\/v2\/users\/3"}],"replies":[{"embeddable":true,"href":"https:\/\/kidtrauma.org\/index.php?rest_route=%2Fwp%2Fv2%2Fcomments&post=2911"}],"version-history":[{"count":8,"href":"https:\/\/kidtrauma.org\/index.php?rest_route=\/wp\/v2\/pages\/2911\/revisions"}],"predecessor-version":[{"id":5682,"href":"https:\/\/kidtrauma.org\/index.php?rest_route=\/wp\/v2\/pages\/2911\/revisions\/5682"}],"wp:featuredmedia":[{"embeddable":true,"href":"https:\/\/kidtrauma.org\/index.php?rest_route=\/wp\/v2\/media\/3474"}],"wp:attachment":[{"href":"https:\/\/kidtrauma.org\/index.php?rest_route=%2Fwp%2Fv2%2Fmedia&parent=2911"}],"curies":[{"name":"wp","href":"https:\/\/api.w.org\/{rel}","templated":true}]}}