{"id":296,"date":"2019-04-24T09:38:30","date_gmt":"2019-04-24T08:38:30","guid":{"rendered":"http:\/\/vps31252.alfahosting-vps.de\/wordpress\/?page_id=296"},"modified":"2020-06-04T15:10:26","modified_gmt":"2020-06-04T14:10:26","slug":"chronicgeneralinformationsupport6depressionselfworth_de","status":"publish","type":"page","link":"https:\/\/kidtrauma.org\/?page_id=296","title":{"rendered":"Depression\/Selbstwert"},"content":{"rendered":"\n<p>Besonders schwere oder wiederholte bzw. langanhaltende Traumatisierungen wirken sich bei vielen betroffenen Kindern und Jugendlichen noch lange danach auf deren Stimmung und Empfinden aus. Beispielsweise sind die Kinder und Jugendlichen oft traurig, empfinden keine Freude mehr an Dingen oder Aktivit\u00e4ten und sind oft m\u00fcde und ersch\u00f6pft. Versuche der Eltern ihre Kinder aufzuheitern gelingen in der Regel nicht oder sind nur ganz kurzfristig erfolgreich.<\/p>\n<p class=\"Fliesstext\">Viele Kinder und Jugendlichen denken auch schlecht von sich selbst und trauen sich nichts zu. Sie f\u00fchlen sich:<\/p>\n<ul style=\"list-style-type: square;\">\n<li>wertlos<\/li>\n<li>hoffnungslos und fehlerhaft<\/li>\n<li>sehen sich als eine \u201eschlechte\u201c Person<\/li>\n<li>verachtenswert<\/li>\n<li>dauerhaft seelisch gesch\u00e4digt<\/li>\n<li>unerw\u00fcnscht<\/li>\n<\/ul>\n<p>\u00a0<\/p>\n<h2>Tipps<\/h2>\n<ul style=\"list-style-type: square;\">\n<li>Zeigen Sie Ihrem Kind gegen\u00fcber Interesse und geben Sie ihm von Zeit zu Zeit Ihre ungeteilte Aufmerksamkeit.<\/li>\n<li>Nehmen Sie die Anliegen und Sorgen Ihres Kindes ernst und gehen Sie auf dessen Gef\u00fchle ein.<\/li>\n<li>Unterst\u00fctzen Sie Ihr Kind dabei ein Hobby (wieder) aufzunehmen und sich wieder mit Freunden zu treffen.<\/li>\n<li>Unterst\u00fctzen Sie mutiges Verhalten bei Ihrem Kind und verst\u00e4rken Sie dieses, wenn es auftritt.<\/li>\n<li>Loben Sie Ihr Kind mehrmals am Tag, auch f\u00fcr Kleinigkeiten.<\/li>\n<li>Wichtig ist Ihr Kind wissen zu lassen, dass es gute Behandlungsm\u00f6glichkeit gibt, um mit einem schlimmen Ereignis und Niedergeschlagenheit klarzukommen. Erkundigen Sie sich, welche Therapieangebote es gibt und welche am besten auf Ihr Kind passen k\u00f6nnte. Via der KidTrauma-Webseite und -App (<a href=\"http:\/\/vps31252.alfahosting-vps.de\/wordpress\/?page_id=74\">Therapistellen<\/a>) k\u00f6nnen Sie nach Expert*innen im Bereich der Kinder- und Jugendpsychotraumatolgie suchen.\u00a0<\/li>\n<\/ul>\n","protected":false},"excerpt":{"rendered":"<p>Besonders schwere oder wiederholte bzw. langanhaltende Traumatisierungen wirken sich bei vielen betroffenen Kindern und Jugendlichen noch lange danach auf deren Stimmung und Empfinden aus. Beispielsweise sind die Kinder und Jugendlichen oft traurig, empfinden keine Freude mehr an Dingen oder Aktivit\u00e4ten und sind oft m\u00fcde und ersch\u00f6pft. Versuche der Eltern ihre Kinder aufzuheitern gelingen in der [&hellip;]<\/p>\n","protected":false},"author":3,"featured_media":3419,"parent":247,"menu_order":0,"comment_status":"closed","ping_status":"closed","template":"","meta":{"ub_ctt_via":"","_mi_skip_tracking":false,"_monsterinsights_sitenote_active":false,"_monsterinsights_sitenote_note":"","_monsterinsights_sitenote_category":0,"footnotes":""},"featured_image_src":"https:\/\/kidtrauma.org\/wp-content\/uploads\/Niedergeschlagenheit.jpg","_links":{"self":[{"href":"https:\/\/kidtrauma.org\/index.php?rest_route=\/wp\/v2\/pages\/296"}],"collection":[{"href":"https:\/\/kidtrauma.org\/index.php?rest_route=\/wp\/v2\/pages"}],"about":[{"href":"https:\/\/kidtrauma.org\/index.php?rest_route=\/wp\/v2\/types\/page"}],"author":[{"embeddable":true,"href":"https:\/\/kidtrauma.org\/index.php?rest_route=\/wp\/v2\/users\/3"}],"replies":[{"embeddable":true,"href":"https:\/\/kidtrauma.org\/index.php?rest_route=%2Fwp%2Fv2%2Fcomments&post=296"}],"version-history":[{"count":19,"href":"https:\/\/kidtrauma.org\/index.php?rest_route=\/wp\/v2\/pages\/296\/revisions"}],"predecessor-version":[{"id":6060,"href":"https:\/\/kidtrauma.org\/index.php?rest_route=\/wp\/v2\/pages\/296\/revisions\/6060"}],"up":[{"embeddable":true,"href":"https:\/\/kidtrauma.org\/index.php?rest_route=\/wp\/v2\/pages\/247"}],"wp:featuredmedia":[{"embeddable":true,"href":"https:\/\/kidtrauma.org\/index.php?rest_route=\/wp\/v2\/media\/3419"}],"wp:attachment":[{"href":"https:\/\/kidtrauma.org\/index.php?rest_route=%2Fwp%2Fv2%2Fmedia&parent=296"}],"curies":[{"name":"wp","href":"https:\/\/api.w.org\/{rel}","templated":true}]}}