{"id":3,"date":"2019-04-03T13:11:17","date_gmt":"2019-04-03T13:11:17","guid":{"rendered":"http:\/\/localhost\/wordpress\/?page_id=3"},"modified":"2020-01-14T13:19:17","modified_gmt":"2020-01-14T12:19:17","slug":"privacy-policy","status":"publish","type":"page","link":"https:\/\/kidtrauma.org\/?page_id=3","title":{"rendered":"Datenschutzbestimmungen"},"content":{"rendered":"\n<p>Die Erhebung, Verarbeitung und Nutzung von Daten auf der KidTrauma Webseite und App erfolgt im Einklang mit den gesetzlichen Datenschutzbestimmungen der Schweiz.<\/p>\n<p>Die Nutzung der KidTrauma Website und App ist ohne Angabe personenbezogener Daten m\u00f6glich. Falls personenbezogene Daten (Geschlecht, Alter, Land) erhoben werden, erfolgt dies stets auf freiwilliger Basis und ohne R\u00fcckschlussm\u00f6glichkeiten auf die individuelle Person. Diese Daten werden nicht an Dritte weitergegeben, jedoch durch die Betreiber der Website und App in anonymisierter Form f\u00fcr wissenschaftliche Forschungen verwendet.<\/p>\n<p>F\u00fcr statistische Auswertungen \u00fcber die Nutzung der Website wird das Google Analytic System verwendet.<\/p>\n<p>Wir weisen darauf hin, dass die Daten\u00fcbertragung im Internet Sicherheitsl\u00fccken aufweisen kann. Ein l\u00fcckenloser Schutz der Daten vor dem Zugriff durch Dritte ist nicht m\u00f6glich.<\/p>\n","protected":false},"excerpt":{"rendered":"<p>Die Erhebung, Verarbeitung und Nutzung von Daten auf der KidTrauma Webseite und App erfolgt im Einklang mit den gesetzlichen Datenschutzbestimmungen der Schweiz. Die Nutzung der KidTrauma Website und App ist ohne Angabe personenbezogener Daten m\u00f6glich. Falls personenbezogene Daten (Geschlecht, Alter, Land) erhoben werden, erfolgt dies stets auf freiwilliger Basis und ohne R\u00fcckschlussm\u00f6glichkeiten auf die individuelle [&hellip;]<\/p>\n","protected":false},"author":1,"featured_media":0,"parent":0,"menu_order":0,"comment_status":"closed","ping_status":"open","template":"","meta":{"ub_ctt_via":"","_mi_skip_tracking":false,"_monsterinsights_sitenote_active":false,"_monsterinsights_sitenote_note":"","_monsterinsights_sitenote_category":0,"footnotes":""},"featured_image_src":null,"_links":{"self":[{"href":"https:\/\/kidtrauma.org\/index.php?rest_route=\/wp\/v2\/pages\/3"}],"collection":[{"href":"https:\/\/kidtrauma.org\/index.php?rest_route=\/wp\/v2\/pages"}],"about":[{"href":"https:\/\/kidtrauma.org\/index.php?rest_route=\/wp\/v2\/types\/page"}],"author":[{"embeddable":true,"href":"https:\/\/kidtrauma.org\/index.php?rest_route=\/wp\/v2\/users\/1"}],"replies":[{"embeddable":true,"href":"https:\/\/kidtrauma.org\/index.php?rest_route=%2Fwp%2Fv2%2Fcomments&post=3"}],"version-history":[{"count":3,"href":"https:\/\/kidtrauma.org\/index.php?rest_route=\/wp\/v2\/pages\/3\/revisions"}],"predecessor-version":[{"id":2520,"href":"https:\/\/kidtrauma.org\/index.php?rest_route=\/wp\/v2\/pages\/3\/revisions\/2520"}],"wp:attachment":[{"href":"https:\/\/kidtrauma.org\/index.php?rest_route=%2Fwp%2Fv2%2Fmedia&parent=3"}],"curies":[{"name":"wp","href":"https:\/\/api.w.org\/{rel}","templated":true}]}}