{"id":3033,"date":"2020-01-31T16:57:19","date_gmt":"2020-01-31T15:57:19","guid":{"rendered":"http:\/\/vps31252.alfahosting-vps.de\/wordpress\/?page_id=3033"},"modified":"2020-06-10T13:23:11","modified_gmt":"2020-06-10T12:23:11","slug":"app_teenager_chronic_aggressivebehavior_de","status":"publish","type":"page","link":"https:\/\/kidtrauma.org\/?page_id=3033","title":{"rendered":"Aggressives\/aufs\u00e4ssiges Verhalten"},"content":{"rendered":"\n<div class=\"page-content\">\n<p>Einmalig schwerwiegende oder langanhaltende bzw. wiederholte Traumatisierungen k\u00f6nnen das eigene Sicherheitsgef\u00fchl und den Glauben an die Welt als sicheren Ort beeintr\u00e4chtigen. H\u00e4ufige Reaktionen sind deshalb aggressives, aufs\u00e4ssiges und\/oder regelversto\u00dfendes Verhalten. Nachfolgend aufgelistet sind Verhaltensauff\u00e4lligkeiten bzw. Reaktionen, die Du in diesem Zusammenhang zeigen k\u00f6nntest und Tipps, wie Du gegebenenfalls mit diesen umgehen kannst.<\/p>\n<ul style=\"list-style-type: square;\">\n<li>\n<h4>Schikanieren, bedrohen oder einsch\u00fcchtern anderer Kinder und Jugendliche<\/h4>\n<\/li>\n<li>\n<h4>Initiierung handgreiflicher Auseinandersetzungen oder schlagen andere Kinder und Jugendliche<\/h4>\n<\/li>\n<li>\n<h4>N\u00f6tigung anderer Kinder und Jugendlicher zu sexuellen Handlungen<\/h4>\n<\/li>\n<li>\n<h4>Regelverst\u00f6sse\u00a0\u00a0\u00a0\u00a0\u00a0\u00a0\u00a0\u00a0\u00a0\u00a0\u00a0\u00a0\u00a0<\/h4>\n<\/li>\n<li>\n<h4>Mutwillige Zerst\u00f6rung von Eigentum<\/h4>\n<\/li>\n<li>\n<h4>L\u00fcgen und Stehlen<\/h4>\n<\/li>\n<li>\n<h4>Schnell die Nerven verlieren<\/h4>\n<\/li>\n<li>\n<h4>Trotzverhalten<\/h4>\n<\/li>\n<\/ul>\n<h3>Tipps<\/h3>\n<ul style=\"list-style-type: square;\">\n<li>Wichtig zu wissen ist, dass es gute Behandlungsm\u00f6glichkeit gibt, um mit schlimmen Ereignissen klarzukommen. Deshalb wende Dich in so einem Fall an deine Eltern, Lehrer*innen oder direkt an eine*n Therapeut*in und besprich, ob und welche Therapieangebote f\u00fcr Dich passen k\u00f6nnten. Erkundige Dich nach Therapieangeboten. Via der KidTrauma-Webseite und -App (<strong>Therapiestellen<\/strong>) kannst Du nach Experten*innen im Bereich der Kinder- und Jugendpsychotraumatolgie suchen. Beziehen Deine Eltern mit ein.<\/li>\n<li>Vereinbare mit Deinen Eltern\/Freunden*innen\/Lehrerpersonen ein Zeichen, wenn Du merkst, dass Aggressionen in Dir hochkommen und verlasse f\u00fcr kurze Zeit die Situation, um Dich zu beruhigen.<\/li>\n<li>Wenn Du den Drang versp\u00fcrst, etwas kaputt zu machen, z\u00e4hle ganz ruhig auf 10 und wieder zur\u00fcck, boxe in ein Kissen oder wirf ein Kissen gegen die Wand.<\/li>\n<li>Versuche es mit Sport, um Deine Aggression abzubauen.<\/li>\n<\/ul>\n<\/div>\n","protected":false},"excerpt":{"rendered":"<p>Einmalig schwerwiegende oder langanhaltende bzw. wiederholte Traumatisierungen k\u00f6nnen das eigene Sicherheitsgef\u00fchl und den Glauben an die Welt als sicheren Ort beeintr\u00e4chtigen. H\u00e4ufige Reaktionen sind deshalb aggressives, aufs\u00e4ssiges und\/oder regelversto\u00dfendes Verhalten. Nachfolgend aufgelistet sind Verhaltensauff\u00e4lligkeiten bzw. Reaktionen, die Du in diesem Zusammenhang zeigen k\u00f6nntest und Tipps, wie Du gegebenenfalls mit diesen umgehen kannst. Schikanieren, bedrohen oder [&hellip;]<\/p>\n","protected":false},"author":3,"featured_media":3304,"parent":0,"menu_order":0,"comment_status":"closed","ping_status":"closed","template":"","meta":{"ub_ctt_via":"","_mi_skip_tracking":false,"_monsterinsights_sitenote_active":false,"_monsterinsights_sitenote_note":"","_monsterinsights_sitenote_category":0,"footnotes":""},"featured_image_src":"https:\/\/kidtrauma.org\/wp-content\/uploads\/APP_gro\u00df_aggressives-Verhalten.jpg","_links":{"self":[{"href":"https:\/\/kidtrauma.org\/index.php?rest_route=\/wp\/v2\/pages\/3033"}],"collection":[{"href":"https:\/\/kidtrauma.org\/index.php?rest_route=\/wp\/v2\/pages"}],"about":[{"href":"https:\/\/kidtrauma.org\/index.php?rest_route=\/wp\/v2\/types\/page"}],"author":[{"embeddable":true,"href":"https:\/\/kidtrauma.org\/index.php?rest_route=\/wp\/v2\/users\/3"}],"replies":[{"embeddable":true,"href":"https:\/\/kidtrauma.org\/index.php?rest_route=%2Fwp%2Fv2%2Fcomments&post=3033"}],"version-history":[{"count":14,"href":"https:\/\/kidtrauma.org\/index.php?rest_route=\/wp\/v2\/pages\/3033\/revisions"}],"predecessor-version":[{"id":6158,"href":"https:\/\/kidtrauma.org\/index.php?rest_route=\/wp\/v2\/pages\/3033\/revisions\/6158"}],"wp:featuredmedia":[{"embeddable":true,"href":"https:\/\/kidtrauma.org\/index.php?rest_route=\/wp\/v2\/media\/3304"}],"wp:attachment":[{"href":"https:\/\/kidtrauma.org\/index.php?rest_route=%2Fwp%2Fv2%2Fmedia&parent=3033"}],"curies":[{"name":"wp","href":"https:\/\/api.w.org\/{rel}","templated":true}]}}