{"id":309,"date":"2019-04-24T09:43:24","date_gmt":"2019-04-24T08:43:24","guid":{"rendered":"http:\/\/vps31252.alfahosting-vps.de\/wordpress\/?page_id=309"},"modified":"2020-05-05T16:03:45","modified_gmt":"2020-05-05T15:03:45","slug":"chronicgeneralinformationsupport6conduct_de","status":"publish","type":"page","link":"https:\/\/kidtrauma.org\/?page_id=309","title":{"rendered":"Aggressives\/aufs\u00e4ssiges Verhalten"},"content":{"rendered":"\n<p>Besonders schwere oder wiederholte bzw. langanhaltende Traumatisierungen k\u00f6nnen das Sicherheitsgef\u00fchl von Kindern und Jugendlichen und deren Glauben an die Welt als sicheren Ort beeintr\u00e4chtigen. Kinder und Jugendliche zeigen deshalb h\u00e4ufig als Reaktion aggressives, aufs\u00e4ssiges und\/oder regelversto\u00dfendes Verhalten.<\/p>\n<p>\u00a0<\/p>\n<h3>Aggressives Verhalten<\/h3>\n<ul style=\"list-style-type: square;\">\n<li>Oftmals schikanieren, bedrohen oder sch\u00fcchtern traumatisierte Kinder und Jugendliche andere ein, initiieren handgreifliche Auseinandersetzungen oder schlagen andere Kinder.<\/li>\n<li>Manchmal kommt es auch vor, dass traumatisierte Kinder und Jugendliche andere Kinder zu sexuellen Handlungen n\u00f6tigen.<\/li>\n<\/ul>\n<p>\u00a0<\/p>\n<h3>Regelverst\u00f6\u00dfe<\/h3>\n<ul style=\"list-style-type: square;\">\n<li>Oftmals widersetzen sich Kinder und Jugendliche elterlicher Verbote und Regeln (z.B. nachts lange drau\u00dfen bleiben) und laufen wiederholt von zu Hause weg oder schw\u00e4nzen bereits im jungen Alter die Schule.<\/li>\n<\/ul>\n<p>\u00a0<\/p>\n<h3>Zerst\u00f6rung von Eigentum<\/h3>\n<ul style=\"list-style-type: square;\">\n<li>Manchmal legen Kinder und Jugendliche absichtlich Feuer oder zerst\u00f6ren mutwillig das Eigentum anderer.<\/li>\n<\/ul>\n<p>\u00a0<\/p>\n<h3>L\u00fcgen oder Stehlen<\/h3>\n<ul style=\"list-style-type: square;\">\n<li>Es kann auch vorkommen, dass Kinder und Jugendliche zur pers\u00f6nlichen Bereicherung (Erhalt von Gegenst\u00e4nden und Gef\u00e4lligkeiten) oder zur Vermeidung von Unannehmlichkeiten und Verpflichtungen l\u00fcgen oder dass sie Dinge stehlen.<\/li>\n<\/ul>\n<p>\u00a0<\/p>\n<h3>Aufs\u00e4ssiges Verhalten<\/h3>\n<ul style=\"list-style-type: square;\">\n<li>Traumatisierte Kinder und Jugendliche sind oft sehr empfindlich, f\u00fchlen sich von anderen rasch genervt und verlieren dann ihre Nerven. Sie streiten und sind trotzig. Manchmal \u00e4rgern sie auch andere Kinder.<\/li>\n<\/ul>\n<p>\u00a0<\/p>\n<h3>Tipps<\/h3>\n<ul style=\"list-style-type: square;\">\n<li>Wichtig zu wissen ist, dass es gute Behandlungsm\u00f6glichkeit gibt, um mit einem schlimmen Ereignis und daraus resultierenden Auff\u00e4lligkeiten klarzukommen. Erkundigen Sie sich als Eltern nach Therapieangeboten. Via der KidTrauma-Webseite und -App (<a href=\"http:\/\/vps31252.alfahosting-vps.de\/wordpress\/?page_id=74\">Therapistellen<\/a>) k\u00f6nnen Sie nach Expert*innen im Bereich der Kinder- und Jugendpsychotraumatolgie suchen. Beziehen Sie Ihr Kind mit ein.<\/li>\n<li>Seien Sie sich als Eltern einig \u00fcber Regeln und Verbote und setzen Sie diese konsequent durch. Treten Sie als Team vor Ihrem Kind auf.<\/li>\n<li>Versichern Sie sich der Aufmerksamkeit Ihres Kindes, wenn Sie Regeln oder Verbote aussprechen. Lassen Sie keine Ablenkungen wie z.B. Computerspiele oder Smartphone zu, wenn Sie Anweisungen geben.<\/li>\n<li>Vereinbaren Sie mit Ihrem Kind ein Zeichen, wenn es merkt, dass Aggressionen in ihm\/ihr hochkommen. Dann kann es f\u00fcr kurze Zeit die Situation verlassen, um sich zu beruhigen.<\/li>\n<li>\u00dcberlegen Sie sich gemeinsam mit Ihrem Kind Strategien zum Abbau von Aggressionen (z.B. in ein Kissen boxen, Boxsack aufh\u00e4ngen).<\/li>\n<li>Loben Sie positive Verhaltensweisen.<\/li>\n<\/ul>\n","protected":false},"excerpt":{"rendered":"<p>Besonders schwere oder wiederholte bzw. langanhaltende Traumatisierungen k\u00f6nnen das Sicherheitsgef\u00fchl von Kindern und Jugendlichen und deren Glauben an die Welt als sicheren Ort beeintr\u00e4chtigen. Kinder und Jugendliche zeigen deshalb h\u00e4ufig als Reaktion aggressives, aufs\u00e4ssiges und\/oder regelversto\u00dfendes Verhalten. \u00a0 Aggressives Verhalten Oftmals schikanieren, bedrohen oder sch\u00fcchtern traumatisierte Kinder und Jugendliche andere ein, initiieren handgreifliche Auseinandersetzungen oder [&hellip;]<\/p>\n","protected":false},"author":3,"featured_media":3459,"parent":247,"menu_order":0,"comment_status":"closed","ping_status":"closed","template":"","meta":{"ub_ctt_via":"","_mi_skip_tracking":false,"_monsterinsights_sitenote_active":false,"_monsterinsights_sitenote_note":"","_monsterinsights_sitenote_category":0,"footnotes":""},"featured_image_src":"https:\/\/kidtrauma.org\/wp-content\/uploads\/aggro.jpg","_links":{"self":[{"href":"https:\/\/kidtrauma.org\/index.php?rest_route=\/wp\/v2\/pages\/309"}],"collection":[{"href":"https:\/\/kidtrauma.org\/index.php?rest_route=\/wp\/v2\/pages"}],"about":[{"href":"https:\/\/kidtrauma.org\/index.php?rest_route=\/wp\/v2\/types\/page"}],"author":[{"embeddable":true,"href":"https:\/\/kidtrauma.org\/index.php?rest_route=\/wp\/v2\/users\/3"}],"replies":[{"embeddable":true,"href":"https:\/\/kidtrauma.org\/index.php?rest_route=%2Fwp%2Fv2%2Fcomments&post=309"}],"version-history":[{"count":18,"href":"https:\/\/kidtrauma.org\/index.php?rest_route=\/wp\/v2\/pages\/309\/revisions"}],"predecessor-version":[{"id":4578,"href":"https:\/\/kidtrauma.org\/index.php?rest_route=\/wp\/v2\/pages\/309\/revisions\/4578"}],"up":[{"embeddable":true,"href":"https:\/\/kidtrauma.org\/index.php?rest_route=\/wp\/v2\/pages\/247"}],"wp:featuredmedia":[{"embeddable":true,"href":"https:\/\/kidtrauma.org\/index.php?rest_route=\/wp\/v2\/media\/3459"}],"wp:attachment":[{"href":"https:\/\/kidtrauma.org\/index.php?rest_route=%2Fwp%2Fv2%2Fmedia&parent=309"}],"curies":[{"name":"wp","href":"https:\/\/api.w.org\/{rel}","templated":true}]}}