{"id":3106,"date":"2020-02-01T15:26:35","date_gmt":"2020-02-01T14:26:35","guid":{"rendered":"http:\/\/vps31252.alfahosting-vps.de\/wordpress\/?page_id=3106"},"modified":"2020-06-12T13:23:32","modified_gmt":"2020-06-12T12:23:32","slug":"web_parents_whattoexpect_de","status":"publish","type":"page","link":"https:\/\/kidtrauma.org\/?page_id=3106","title":{"rendered":"Was Sie erwartet"},"content":{"rendered":"\n<p>Ihr Kind hat <strong>in den letzten 4 Woche<\/strong>n oder in der Vergangenheit (<strong>l\u00e4nger als 1 Monat zur\u00fcckliegend<\/strong>) ein besonders schweres Trauma oder wiederholte bzw. langanhaltende Traumatisierungen erlebt.<\/p>\n<p>Im ersten Monat nach traumatischen Ereignissen treten beispielsweise bei vielen Kindern und Jugendlichen ungewollte und belastende Erinnerungen an das Ereignis auf und sie vermeiden Dinge, die sie daran erinnern.<\/p>\n<p>Kinder und Jugendliche, die in der Vergangenheit besonders schwere oder langanhaltende bzw. wiederholte Traumatisierungen erlebt haben, k\u00f6nnen auch noch lange Zeit danach psychische Probleme aufweisen. \u00dcber die Zeit k\u00f6nnen solche Erfahrungen und Probleme die Entwicklung eines Kindes\/ eines*r Jugendlichen*r beeintr\u00e4chtigen.<\/p>\n<p>KidTrauma bietet Ihnen die M\u00f6glichkeit herauszufinden, ob fachlicher Rat empfehlenswert ist und informiert Sie \u00fcber m\u00f6gliche Auff\u00e4lligkeiten und Probleme die Kinder und Jugendliche nach traumatische Ereignissen haben k\u00f6nnen.<\/p>\n<p>Auff\u00e4lligkeiten und Probleme unterscheiden sich in Abh\u00e4ngikeit der Dauer seit dem\/den traumatischen Ereignis\/sen und dem Alters Ihres Kindes. Bitte klicke auf die f\u00fcr Ihr Kind zutreffende Kategorie, um mehr zu erfahren.<\/p>\n\n\n\n<div class=\"wp-block-columns has-2-columns is-layout-flex wp-container-core-columns-layout-1 wp-block-columns-is-layout-flex\">\n<div class=\"wp-block-column is-layout-flow wp-block-column-is-layout-flow\">\n\n<div class=\"ub-button\"  id=\"ub-button-01bd1fe9-3535-4034-8e7a-21ab5113dc2a\"><div class=\"ub-button-container align-button-\" id=\"ub-button-01bd1fe9-3535-4034-8e7a-21ab5113dc2a\">\n    <a href=\"https:\/\/kidtrauma.org\/?page_id=2034\" target=\"_self\"\n    rel=\"noopener noreferrer\"\n    class=\"ub-button-block-main ub-button-large ub-button-flex-large\">\n    <div class=\"ub-button-content-holder\"><span class=\"ub-button-icon-holder\"><svg xmlns=\"http:\/\/www.w3.org\/2000\/svg\"\n        height=\"35\", width=\"35\"\n        viewBox=\"0, 0, 512, 512\"><path fill=\"currentColor\" d=\"M0 256a256 256 0 1 0 512 0A256 256 0 1 0 0 256zM294.6 135.1l99.9 107.1c3.5 3.8 5.5 8.7 5.5 13.8s-2 10.1-5.5 13.8L294.6 376.9c-4.2 4.5-10.1 7.1-16.3 7.1C266 384 256 374 256 361.7l0-57.7-96 0c-17.7 0-32-14.3-32-32l0-32c0-17.7 14.3-32 32-32l96 0 0-57.7c0-12.3 10-22.3 22.3-22.3c6.2 0 12.1 2.6 16.3 7.1z\"><\/svg><\/span><span class=\"ub-button-block-btn\"> Akut <br>Kinder 0-6 Jahre <\/span>\n    <\/div><\/a><\/div><\/div>\n\n\n\n<div class=\"ub-button\"  id=\"ub-button-384227bb-b47c-44ab-9008-de0c11df6b48\"><div class=\"ub-button-container align-button-\" id=\"ub-button-384227bb-b47c-44ab-9008-de0c11df6b48\">\n    <a href=\"https:\/\/kidtrauma.org\/?page_id=2226\" target=\"_blank\"\n    rel=\"noopener noreferrer\"\n    class=\"ub-button-block-main ub-button-large ub-button-flex-large\">\n    <div class=\"ub-button-content-holder\"><span class=\"ub-button-icon-holder\"><svg xmlns=\"http:\/\/www.w3.org\/2000\/svg\"\n        height=\"35\", width=\"35\"\n        viewBox=\"0, 0, 512, 512\"><path fill=\"currentColor\" d=\"M0 256a256 256 0 1 0 512 0A256 256 0 1 0 0 256zM294.6 135.1l99.9 107.1c3.5 3.8 5.5 8.7 5.5 13.8s-2 10.1-5.5 13.8L294.6 376.9c-4.2 4.5-10.1 7.1-16.3 7.1C266 384 256 374 256 361.7l0-57.7-96 0c-17.7 0-32-14.3-32-32l0-32c0-17.7 14.3-32 32-32l96 0 0-57.7c0-12.3 10-22.3 22.3-22.3c6.2 0 12.1 2.6 16.3 7.1z\"><\/svg><\/span><span class=\"ub-button-block-btn\"> Akut <br>Kinder \u00e4lter als 6 Jahrn)<\/span>\n    <\/div><\/a><\/div><\/div>\n\n\n<p style=\"text-align: center;\"><strong>bis 1 Monat nach dem traumatischen Ereignis<\/strong><\/p>\n<\/div>\n\n\n\n<div class=\"wp-block-column is-layout-flow wp-block-column-is-layout-flow\">\n\n<div class=\"ub-button\"  id=\"ub-button-5917a6f7-73d6-45f2-9cc7-aa2b69c3fbdb\"><div class=\"ub-button-container align-button-\" id=\"ub-button-5917a6f7-73d6-45f2-9cc7-aa2b69c3fbdb\">\n    <a href=\"https:\/\/kidtrauma.org\/?page_id=2222\" target=\"_blank\"\n    rel=\"noopener noreferrer\"\n    class=\"ub-button-block-main ub-button-large ub-button-flex-large\">\n    <div class=\"ub-button-content-holder\"><span class=\"ub-button-icon-holder\"><svg xmlns=\"http:\/\/www.w3.org\/2000\/svg\"\n        height=\"35\", width=\"35\"\n        viewBox=\"0, 0, 512, 512\"><path fill=\"currentColor\" d=\"M0 256a256 256 0 1 0 512 0A256 256 0 1 0 0 256zM294.6 135.1l99.9 107.1c3.5 3.8 5.5 8.7 5.5 13.8s-2 10.1-5.5 13.8L294.6 376.9c-4.2 4.5-10.1 7.1-16.3 7.1C266 384 256 374 256 361.7l0-57.7-96 0c-17.7 0-32-14.3-32-32l0-32c0-17.7 14.3-32 32-32l96 0 0-57.7c0-12.3 10-22.3 22.3-22.3c6.2 0 12.1 2.6 16.3 7.1z\"><\/svg><\/span><span class=\"ub-button-block-btn\"> Chronisch <br>Kinder 0-6 Jahre <\/span>\n    <\/div><\/a><\/div><\/div>\n\n\n\n<div class=\"ub-button\"  id=\"ub-button-cf41bca6-dadb-4bbb-8757-d9380cbdd57c\"><div class=\"ub-button-container align-button-\" id=\"ub-button-cf41bca6-dadb-4bbb-8757-d9380cbdd57c\">\n    <a href=\"https:\/\/kidtrauma.org\/?page_id=2052\" target=\"_blank\"\n    rel=\"noopener noreferrer\"\n    class=\"ub-button-block-main ub-button-large ub-button-flex-large\">\n    <div class=\"ub-button-content-holder\"><span class=\"ub-button-icon-holder\"><svg xmlns=\"http:\/\/www.w3.org\/2000\/svg\"\n        height=\"35\", width=\"35\"\n        viewBox=\"0, 0, 512, 512\"><path fill=\"currentColor\" d=\"M0 256a256 256 0 1 0 512 0A256 256 0 1 0 0 256zM294.6 135.1l99.9 107.1c3.5 3.8 5.5 8.7 5.5 13.8s-2 10.1-5.5 13.8L294.6 376.9c-4.2 4.5-10.1 7.1-16.3 7.1C266 384 256 374 256 361.7l0-57.7-96 0c-17.7 0-32-14.3-32-32l0-32c0-17.7 14.3-32 32-32l96 0 0-57.7c0-12.3 10-22.3 22.3-22.3c6.2 0 12.1 2.6 16.3 7.1z\"><\/svg><\/span><span class=\"ub-button-block-btn\"> Chronisch <br>Kinder \u00e4lter als 6 Jahre <\/span>\n    <\/div><\/a><\/div><\/div>\n\n\n<p style=\"text-align: center;\"><strong>mehr als 1 Monat nach dem\/n traumatischen Ereignis\/sen<\/strong><\/p>\n<\/div>\n<\/div>\n","protected":false},"excerpt":{"rendered":"<p>Ihr Kind hat in den letzten 4 Wochen oder in der Vergangenheit (l\u00e4nger als 1 Monat zur\u00fcckliegend) ein besonders schweres Trauma oder wiederholte bzw. langanhaltende Traumatisierungen erlebt. Im ersten Monat nach traumatischen Ereignissen treten beispielsweise bei vielen Kindern und Jugendlichen ungewollte und belastende Erinnerungen an das Ereignis auf und sie vermeiden Dinge, die sie daran [&hellip;]<\/p>\n","protected":false},"author":3,"featured_media":0,"parent":0,"menu_order":0,"comment_status":"closed","ping_status":"closed","template":"","meta":{"ub_ctt_via":"","_mi_skip_tracking":false,"_monsterinsights_sitenote_active":false,"_monsterinsights_sitenote_note":"","_monsterinsights_sitenote_category":0,"footnotes":""},"featured_image_src":null,"_links":{"self":[{"href":"https:\/\/kidtrauma.org\/index.php?rest_route=\/wp\/v2\/pages\/3106"}],"collection":[{"href":"https:\/\/kidtrauma.org\/index.php?rest_route=\/wp\/v2\/pages"}],"about":[{"href":"https:\/\/kidtrauma.org\/index.php?rest_route=\/wp\/v2\/types\/page"}],"author":[{"embeddable":true,"href":"https:\/\/kidtrauma.org\/index.php?rest_route=\/wp\/v2\/users\/3"}],"replies":[{"embeddable":true,"href":"https:\/\/kidtrauma.org\/index.php?rest_route=%2Fwp%2Fv2%2Fcomments&post=3106"}],"version-history":[{"count":29,"href":"https:\/\/kidtrauma.org\/index.php?rest_route=\/wp\/v2\/pages\/3106\/revisions"}],"predecessor-version":[{"id":6179,"href":"https:\/\/kidtrauma.org\/index.php?rest_route=\/wp\/v2\/pages\/3106\/revisions\/6179"}],"wp:attachment":[{"href":"https:\/\/kidtrauma.org\/index.php?rest_route=%2Fwp%2Fv2%2Fmedia&parent=3106"}],"curies":[{"name":"wp","href":"https:\/\/api.w.org\/{rel}","templated":true}]}}