{"id":3283,"date":"2020-02-09T15:39:48","date_gmt":"2020-02-09T14:39:48","guid":{"rendered":"http:\/\/vps31252.alfahosting-vps.de\/wordpress\/?page_id=3283"},"modified":"2020-05-20T15:55:45","modified_gmt":"2020-05-20T14:55:45","slug":"app_parents_chronic_trauma-check_chronicfrom6years_de","status":"publish","type":"page","link":"https:\/\/kidtrauma.org\/?page_id=3283","title":{"rendered":"Trauma-Check"},"content":{"rendered":"\n<p>Studien belegen, dass Eltern dazu neigen die Belastung ihrer Kinder im Vergleich zu deren eigenen Angaben zu untersch\u00e4tzen. Dies betrifft insbesondere gedankliche (z.B. ob und wie h\u00e4ufig ungewollte Bilder von dem Erlebten auftauchen) und emotionale Probleme (z.B. Auspr\u00e4gung von Gef\u00fchlen wie Schuld und Scham).<\/p>\n<p>Daher lassen Sie Ihr Kind den <strong>Trauma-Check<\/strong> ausf\u00fcllen, um eine bessere Einsch\u00e4tzung der Belastung mit Hilfe des Trauma-Checks zu erhalten. Besprechen Sie das Resultat anschlie\u00dfend gemeinsam und beziehen Sie Ihr Kind mit ein, falls Sie folglich nach fachlicher Hilfe suchen.<\/p>\n","protected":false},"excerpt":{"rendered":"<p>Studien belegen, dass Eltern dazu neigen die Belastung ihrer Kinder im Vergleich zu deren eigenen Angaben zu untersch\u00e4tzen. Dies betrifft insbesondere gedankliche (z.B. ob und wie h\u00e4ufig ungewollte Bilder von dem Erlebten auftauchen) und emotionale Probleme (z.B. Auspr\u00e4gung von Gef\u00fchlen wie Schuld und Scham). Daher lassen Sie Ihr Kind den Trauma-Check ausf\u00fcllen, um eine bessere [&hellip;]<\/p>\n","protected":false},"author":3,"featured_media":3302,"parent":0,"menu_order":0,"comment_status":"closed","ping_status":"closed","template":"","meta":{"ub_ctt_via":"","_mi_skip_tracking":false,"_monsterinsights_sitenote_active":false,"_monsterinsights_sitenote_note":"","_monsterinsights_sitenote_category":0,"footnotes":""},"featured_image_src":"https:\/\/kidtrauma.org\/wp-content\/uploads\/APP_TC.jpg","_links":{"self":[{"href":"https:\/\/kidtrauma.org\/index.php?rest_route=\/wp\/v2\/pages\/3283"}],"collection":[{"href":"https:\/\/kidtrauma.org\/index.php?rest_route=\/wp\/v2\/pages"}],"about":[{"href":"https:\/\/kidtrauma.org\/index.php?rest_route=\/wp\/v2\/types\/page"}],"author":[{"embeddable":true,"href":"https:\/\/kidtrauma.org\/index.php?rest_route=\/wp\/v2\/users\/3"}],"replies":[{"embeddable":true,"href":"https:\/\/kidtrauma.org\/index.php?rest_route=%2Fwp%2Fv2%2Fcomments&post=3283"}],"version-history":[{"count":6,"href":"https:\/\/kidtrauma.org\/index.php?rest_route=\/wp\/v2\/pages\/3283\/revisions"}],"predecessor-version":[{"id":5387,"href":"https:\/\/kidtrauma.org\/index.php?rest_route=\/wp\/v2\/pages\/3283\/revisions\/5387"}],"wp:featuredmedia":[{"embeddable":true,"href":"https:\/\/kidtrauma.org\/index.php?rest_route=\/wp\/v2\/media\/3302"}],"wp:attachment":[{"href":"https:\/\/kidtrauma.org\/index.php?rest_route=%2Fwp%2Fv2%2Fmedia&parent=3283"}],"curies":[{"name":"wp","href":"https:\/\/api.w.org\/{rel}","templated":true}]}}