{"id":334,"date":"2019-04-24T09:53:47","date_gmt":"2019-04-24T08:53:47","guid":{"rendered":"http:\/\/vps31252.alfahosting-vps.de\/wordpress\/?page_id=334"},"modified":"2020-05-07T16:00:57","modified_gmt":"2020-05-07T15:00:57","slug":"professionalsoverviewscreener_de","status":"publish","type":"page","link":"https:\/\/kidtrauma.org\/?page_id=334","title":{"rendered":"Screener"},"content":{"rendered":"\n<p>Nachfolgend finden Sie eine Zusammenstellung aller frei zug\u00e4nglichen Instrumente zur Erfassung von PTBS-Symptomen, posttraumatischen Kognitionen, traumatischen Ereignissen, Traumaged\u00e4chtnis und dissoziativen Symptomen (Hyperlink oder PDF sind enthalten). Die Sammlung wird fortlaufend aktualisiert. <br><br><\/p>\n\n\n\n<p><span class=\"eap-shortcode-selectable\"><style>#sp-ea-4694 .spcollapsing { height: 0; overflow: hidden; transition-property: height;transition-duration: 500ms;}.eap_section_title_4694 { color: #444 !important; margin-bottom:  30px !important; }#sp-ea-4694.sp-easy-accordion>.sp-ea-single {border: 1px solid #4497d9; }#sp-ea-4694.sp-easy-accordion>.sp-ea-single>.ea-header a {color: #ffffff;}#sp-ea-4694.sp-easy-accordion>.sp-ea-single>.sp-collapse>.ea-body {background: #fff; color: #444;}#sp-ea-4694.sp-easy-accordion>.sp-ea-single {background: #4497d9;}#sp-ea-4694.sp-easy-accordion>.sp-ea-single>.ea-header a .ea-expand-icon.fa { float: left; color: #ffffff;font-size: 16px;}<\/style><h2 class=\"eap_section_title eap_section_title_4694\"> Traumatische\/belastende Kindheitserfahrungen <\/h2><div id=\"sp_easy_accordion-1776154910\"><div id=\"sp-ea-4694\" class=\"sp-ea-one sp-easy-accordion\" data-ex-icon=\"fa-minus\" data-col-icon=\"fa-plus\"  data-ea-active=\"ea-click\"  data-ea-mode=\"vertical\" data-preloader=\"\" data-scroll-active-item=\"\" data-offset-to-scroll=\"0\"><div class=\"ea-card  sp-ea-single\"><h3 class=\"ea-header\"><a class=\"collapsed\" data-sptoggle=\"spcollapse\" data-sptarget=#collapse46940 href=\"javascript:void(0)\"  aria-expanded=\"false\"><i class=\"ea-expand-icon fa fa-plus\"><\/i> KERF-Kinderinterview <\/a><\/h3><div class=\"sp-collapse spcollapse spcollapse\" id=\"collapse46940\" data-parent=#sp-ea-4694><div class=\"ea-body\"><div id=\"ui-id-1\" class=\"accordion-content content1588668647309 ui-accordion-content ui-helper-reset ui-widget-content ui-corner-bottom accordion-content-active\" role=\"tabpanel\" aria-labelledby=\"header-1588668647309\" aria-hidden=\"true\">\n<div class=\"qe-toggle-content\">\n<p>Die KERF dient zur umfrangreichen Erfassung von Kindheitsbelastungen (einschlie\u00dflich emotionaler Gewalt).<\/p>\n<p><a href=\"http:\/\/kidtrauma.org\/wp-content\/uploads\/Informationen-zum-KERF-Kinderinterview_2023.pdf\">1. Infoblatt KERF-Kinderinterview<\/a><\/p>\n<p><a href=\"https:\/\/kidtrauma.org\/wp-content\/uploads\/2.-Das-KERF-Kinderinterview.pdf\" target=\"_blank\" rel=\"noopener noreferrer\">2. KERF Kinderinterview<\/a><\/p>\n<p><a href=\"https:\/\/kidtrauma.org\/wp-content\/uploads\/3.-KERF-Kinderinterview-ein-\u00dceberblick-.pdf\" target=\"_blank\" rel=\"noopener noreferrer\">3. KERF Kinderinterview \u201aein \u00dceberblick\u2018<\/a><\/p>\n<p><a href=\"https:\/\/kidtrauma.org\/wp-content\/uploads\/4.-KERF-Kinderinterview-standardisierter-Auswertungsvorschlag-.pdf\" target=\"_blank\" rel=\"noopener noreferrer\">4. KERF-Kinderinterview standardisierter Auswertungsvorschlag<\/a><\/p>\n<p><a href=\"https:\/\/kidtrauma.org\/wp-content\/uploads\/5.-KERF-Kinderinterview-kompakte-Auswertungsinfos-fuer-klinisch-Kinder-und-Jugendpsychologische_psychiatrische-Experten.pdf\" target=\"_blank\" rel=\"noopener noreferrer\">5. KERF-Kinderinterview kompakte Auswertungsinfos fuer klinisch Kinder- und Jugendpsychologische_psychiatrische Experten<\/a><\/p>\n<p><sub>\u00a9 Isele et al., 2014<\/sub><\/p>\n<\/div>\n<\/div>\n<\/div><\/div><\/div><\/div><\/div><\/span><\/p>\n\n\n\n<p>\u00a0<\/p>\n<style>#sp-ea-4691 .spcollapsing { height: 0; overflow: hidden; transition-property: height;transition-duration: 500ms;}.eap_section_title_4691 { color: #444 !important; margin-bottom:  30px !important; }#sp-ea-4691.sp-easy-accordion>.sp-ea-single {border: 1px solid #4497d9; }#sp-ea-4691.sp-easy-accordion>.sp-ea-single>.ea-header a {color: #ffffff;}#sp-ea-4691.sp-easy-accordion>.sp-ea-single>.sp-collapse>.ea-body {background: #fff; color: #444;}#sp-ea-4691.sp-easy-accordion>.sp-ea-single {background: #4497d9;}#sp-ea-4691.sp-easy-accordion>.sp-ea-single>.ea-header a .ea-expand-icon.fa { float: left; color: #ffffff;font-size: 16px;}<\/style><h2 class=\"eap_section_title eap_section_title_4691\"> PTBS-Symptome <\/h2><div id=\"sp_easy_accordion-1776154910\"><div id=\"sp-ea-4691\" class=\"sp-ea-one sp-easy-accordion\" data-ex-icon=\"fa-minus\" data-col-icon=\"fa-plus\"  data-ea-active=\"ea-click\"  data-ea-mode=\"vertical\" data-preloader=\"\" data-scroll-active-item=\"\" data-offset-to-scroll=\"0\"><div class=\"ea-card  sp-ea-single\"><h3 class=\"ea-header\"><a class=\"collapsed\" data-sptoggle=\"spcollapse\" data-sptarget=#collapse46910 href=\"javascript:void(0)\"  aria-expanded=\"false\"><i class=\"ea-expand-icon fa fa-plus\"><\/i>  Clinician-Administered PTSD Scale for DSM-5 (CAPS-CA-5) <\/a><\/h3><div class=\"sp-collapse spcollapse spcollapse\" id=\"collapse46910\" data-parent=#sp-ea-4691><div class=\"ea-body\"><div class=\"qe-toggle-content\">\n<p>Das CAPS-CA-5 ist ein strukturiertes klinisches zur Diagnosestellung der Posttraumatischen Belastungsst\u00f6rung bei Kindern und Jugendlichen. Es basiert auf den Kriterien des DSM-5 und ist geeignet ab einem Alter von 7 Jahren.<\/p>\n<p><a href=\"https:\/\/kidtrauma.org\/wp-content\/uploads\/CAPS-CA-5-dt.-Version_-Manual-Interviewleitfaden.pdf\" target=\"_blank\" rel=\"noopener\">CAPS-CA-5 dt. Version_ Manual + Interviewleitfaden<\/a><\/p>\n<p><a href=\"https:\/\/kidtrauma.org\/wp-content\/uploads\/CAPS-CA-5-dt.-Version_H\u00e4ufigkeitseinsch\u00e4tzung.pdf\" target=\"_blank\" rel=\"noopener\">CAPS-CA-5 dt. Version_H\u00e4ufigkeitseinsch\u00e4tzung<\/a><\/p>\n<p><a href=\"https:\/\/kidtrauma.org\/wp-content\/uploads\/CAPS-CA-5-dt.-Version_Intensit\u00e4tseinsch\u00e4tzung.pdf\" target=\"_blank\" rel=\"noopener\">CAPS-CA-5 dt. Version_Intensit\u00e4tseinsch\u00e4tzung<\/a><\/p>\n<p><a href=\"https:\/\/kidtrauma.org\/wp-content\/uploads\/CAPS-CA-5-dt.-Version_Protokollbogen.pdf\" target=\"_blank\" rel=\"noopener\">CAPS-CA-5 dt. Version_Protokollbogen<\/a><\/p>\n<p>Eine detailliertere Beschreibung sowie eine Verlinkung zur englischen Version finden Sie auf der Webseite der <a href=\"https:\/\/ulmer-onlineklinik.de\/course\/view.php?id=2528\">Ulmer Onlineklinik.<\/a><\/p>\n<p><sub>\u00a9<\/sub> <sub>Pynoos et al., 2015; dt. Version: Pfeiffer et al., 2019<\/sub><\/p>\n<\/div>\n<\/div><\/div><\/div><div class=\"ea-card  sp-ea-single\"><h3 class=\"ea-header\"><a class=\"collapsed\" data-sptoggle=\"spcollapse\" data-sptarget=#collapse46911 href=\"javascript:void(0)\"  aria-expanded=\"false\"><i class=\"ea-expand-icon fa fa-plus\"><\/i> Child and Adolescent Trauma Screening (CATS) <\/a><\/h3><div class=\"sp-collapse spcollapse spcollapse\" id=\"collapse46911\" data-parent=#sp-ea-4691><div class=\"ea-body\"><div class=\"qe-toggle-content\">\n<div id=\"tw-target-text-container\" class=\"tw-ta-container tw-nfl\">\n<p>Der CATS-Fragebogen ist ein kurzes, frei zug\u00e4ngliches Screeninginstrument, das auf den DSM-5-Kriterien der Posttraumatischen Belastungsst\u00f6rung (PTBS) basiert. Der Fragebogen erfasst potenziell traumatische Ereignisse sowie posttraumatische Stresssymptome. Es existiert eine Selbsterichts und eine Bezugperson-Version.<\/p>\n<p><a href=\"http:\/\/kidtrauma.org\/wp-content\/uploads\/CATS-Bezugsperson-3-6-dt.-Version.pdf\" target=\"_blank\" rel=\"noopener\">CATS Bezugsperson 3-6 dt. Version<\/a><\/p>\n<\/div>\n<p><a href=\"http:\/\/kidtrauma.org\/wp-content\/uploads\/CATS-Bezugsperson-7-17-dt.-Version.pdf\" target=\"_blank\" rel=\"noopener\">CATS Bezugsperson 7-17 dt. Version<\/a><\/p>\n<p><a href=\"http:\/\/kidtrauma.org\/wp-content\/uploads\/CATS-Selbstbericht-7-17-dt.-Version.pdf\">CATS Selbstbericht 7-17 dt. Version<\/a><a href=\"http:\/\/vps31252.alfahosting-vps.de\/wordpress\/wp-content\/uploads\/CATS-Selbstbericht-7-17-dt.-Version.pdf\" target=\"_blank\" rel=\"noopener noreferrer\">ion<\/a><\/p>\n<p>Weitere Versionen in englisch, norwegisch, arabisch, dari, farsi, paschtu, und tygrinya sowie Hinweise zu dessen Auswertung finden Sie auf der Seite der <a href=\"https:\/\/ulmer-onlineklinik.de\/course\/view.php?id=1701\">Ulmer Onlineklinik.<\/a><\/p>\n<p><sub>\u00a9 Berliner &amp; Goldbeck, 2014<\/sub><\/p>\n<\/div>\n<\/div><\/div><\/div><div class=\"ea-card  sp-ea-single\"><h3 class=\"ea-header\"><a class=\"collapsed\" data-sptoggle=\"spcollapse\" data-sptarget=#collapse46912 href=\"javascript:void(0)\"  aria-expanded=\"false\"><i class=\"ea-expand-icon fa fa-plus\"><\/i>  Children`s Revised Impact of Event Scale (Cries-8) <\/a><\/h3><div class=\"sp-collapse spcollapse spcollapse\" id=\"collapse46912\" data-parent=#sp-ea-4691><div class=\"ea-body\"><div class=\"qe-toggle-content\">\n<p>Das Cries-8 Trauma-Screeninginstrument ist geeignet ab einem Alter von 8 Jahren. Der Fragebogen beeinhaltet 4 Intrusions- und 4 Vermeidungssymptome. Der Cries-8 performt ebenso gut wie der Cries-13 und daher wird empfohlen den Cries-8 bevorzugt zu verwenden.<\/p>\n<p><a href=\"http:\/\/kidtrauma.org\/wp-content\/uploads\/CIES-8-dt.-Version-1.pdf\" target=\"_blank\" rel=\"noopener\">CIES-8 dt. Version<\/a><\/p>\n<p>Der Cries-8 ist in insgesamt 28\u00a0 Sprachen verf\u00fcgbar. Weiter Versionen finden Sie frei zug\u00e4nglich auf der Seite der <a href=\"http:\/\/www.childrenandwar.org\/projectsresources\/measures\/\" target=\"_blank\" rel=\"noopener noreferrer\">Child &amp; War Foundation<\/a>.<\/p>\n<p><sub>\u00a9 Children and War Foundation, 1998; dt. \u00dcbersetzung: M. Simons, 2010<\/sub><\/p>\n<\/div>\n<\/div><\/div><\/div><div class=\"ea-card  sp-ea-single\"><h3 class=\"ea-header\"><a class=\"collapsed\" data-sptoggle=\"spcollapse\" data-sptarget=#collapse46913 href=\"javascript:void(0)\"  aria-expanded=\"false\"><i class=\"ea-expand-icon fa fa-plus\"><\/i> International Trauma Questionnaire (ITQ) <\/a><\/h3><div class=\"sp-collapse spcollapse spcollapse\" id=\"collapse46913\" data-parent=#sp-ea-4691><div class=\"ea-body\"><div class=\"qe-toggle-content\">\n<p>Der ITQ ist ein Instrument zur Erfassung der Kernsymptome der PTBS sowie der komplexen PTBS (KPTBS). Der Fragebogen basiert auf den Kriterien des ICD-11 und ist geeignet Kinder und Jugendliche ab einem Alter von 16 Jahren.<\/p>\n<p><a href=\"http:\/\/kidtrauma.org\/wp-content\/uploads\/ITQ-dt.-Version.pdf\" target=\"_blank\" rel=\"noopener\">ITQ dt. Version + Auswertung<\/a><\/p>\n<p>Der ITQ ist in mehreren Sprachen verf\u00fcgbar. Die verschiedenen Versionen k\u00f6nnen auf der Webseite des <a href=\"https:\/\/www.traumameasuresglobal.com\/itq\" target=\"_blank\" rel=\"noopener noreferrer\">International Trauma Consortium<\/a> gefunden werden.<\/p>\n<p><sub>\u00a9 Cloitre et al., 2018; dt. Version: Lueger-Schuster, Knefel, &amp; Maercker, 2015\/2018<\/sub><\/p>\n<\/div>\n<\/div><\/div><\/div><div class=\"ea-card  sp-ea-single\"><h3 class=\"ea-header\"><a class=\"collapsed\" data-sptoggle=\"spcollapse\" data-sptarget=#collapse46914 href=\"javascript:void(0)\"  aria-expanded=\"false\"><i class=\"ea-expand-icon fa fa-plus\"><\/i>  Pediatric Emotional Distress Scale-Early Screener (PEDS-ES) <\/a><\/h3><div class=\"sp-collapse spcollapse spcollapse\" id=\"collapse46914\" data-parent=#sp-ea-4691><div class=\"ea-body\"><div class=\"qe-toggle-content\">\n<p>Der PEDS-ES ist ein Trauma-Screeninginstrument f\u00fcr PTBS nach Unfallverletzungen und zur Vorhersage von Traumafolgest\u00f6rungen nach Akuttrama. Das Instrument ist geeignet f\u00fcr Kinder im Alter von 2 bis 6 Jahren.<\/p>\n<p><a href=\"http:\/\/kidtrauma.org\/wp-content\/uploads\/PEDS-ES-dt.-Version.pdf\" target=\"_blank\" rel=\"noopener\">PEDS-ES dt. Version<\/a><\/p>\n<p><span style=\"font-size: 10pt;\">\u00a9 Kramer, Hertli, & Landolt, 2013<\/span><\/p>\n<\/div>\n<\/div><\/div><\/div><\/div><\/div>\n","protected":false},"excerpt":{"rendered":"<p>Nachfolgend finden Sie eine Zusammenstellung aller frei zug\u00e4nglichen Instrumente zur Erfassung von PTBS-Symptomen, posttraumatischen Kognitionen, traumatischen Ereignissen, Traumaged\u00e4chtnis und dissoziativen Symptomen (Hyperlink oder PDF sind enthalten). Die Sammlung wird fortlaufend aktualisiert. \u00a0<\/p>\n","protected":false},"author":3,"featured_media":3424,"parent":318,"menu_order":0,"comment_status":"closed","ping_status":"closed","template":"","meta":{"ub_ctt_via":"","_mi_skip_tracking":false,"_monsterinsights_sitenote_active":false,"_monsterinsights_sitenote_note":"","_monsterinsights_sitenote_category":0,"footnotes":""},"featured_image_src":"https:\/\/kidtrauma.org\/wp-content\/uploads\/fachpersonen.jpg","_links":{"self":[{"href":"https:\/\/kidtrauma.org\/index.php?rest_route=\/wp\/v2\/pages\/334"}],"collection":[{"href":"https:\/\/kidtrauma.org\/index.php?rest_route=\/wp\/v2\/pages"}],"about":[{"href":"https:\/\/kidtrauma.org\/index.php?rest_route=\/wp\/v2\/types\/page"}],"author":[{"embeddable":true,"href":"https:\/\/kidtrauma.org\/index.php?rest_route=\/wp\/v2\/users\/3"}],"replies":[{"embeddable":true,"href":"https:\/\/kidtrauma.org\/index.php?rest_route=%2Fwp%2Fv2%2Fcomments&post=334"}],"version-history":[{"count":24,"href":"https:\/\/kidtrauma.org\/index.php?rest_route=\/wp\/v2\/pages\/334\/revisions"}],"predecessor-version":[{"id":6254,"href":"https:\/\/kidtrauma.org\/index.php?rest_route=\/wp\/v2\/pages\/334\/revisions\/6254"}],"up":[{"embeddable":true,"href":"https:\/\/kidtrauma.org\/index.php?rest_route=\/wp\/v2\/pages\/318"}],"wp:featuredmedia":[{"embeddable":true,"href":"https:\/\/kidtrauma.org\/index.php?rest_route=\/wp\/v2\/media\/3424"}],"wp:attachment":[{"href":"https:\/\/kidtrauma.org\/index.php?rest_route=%2Fwp%2Fv2%2Fmedia&parent=334"}],"curies":[{"name":"wp","href":"https:\/\/api.w.org\/{rel}","templated":true}]}}