{"id":515,"date":"2019-05-27T13:34:29","date_gmt":"2019-05-27T12:34:29","guid":{"rendered":"http:\/\/vps31252.alfahosting-vps.de\/wordpress\/?page_id=515"},"modified":"2020-01-05T21:15:32","modified_gmt":"2020-01-05T20:15:32","slug":"acute_generalinformation_support-6_de","status":"publish","type":"page","link":"https:\/\/kidtrauma.org\/?page_id=515","title":{"rendered":"Wie k\u00f6nnen wir als Eltern unser Kind unterst\u00fctzen?"},"content":{"rendered":"\n<p>Jedes Kind reagiert unterschiedlich auf belastende Ereignisse. Die Reaktionen, welche Kinder nach einem Unfall zeigen k\u00f6nnen, werden in folgende drei Bereiche eingeteilt: Belastende Erinnerungen und Albtr\u00e4ume, Angst, Nervosit\u00e4t, St\u00f6rungen des Bewusstseins und elterliche Schuldgef\u00fchle.<\/p>\n<p>Durch Anw\u00e4hlen der einzelnen Bereiche erfahren Sie mehr \u00fcber zugeh\u00f6rige Reaktionen und M\u00f6glichkeiten, wie Sie Ihr Kind unterst\u00fctzen k\u00f6nnen.<\/p>\n\n\n\n<div class=\"wp-block-columns has-2-columns is-layout-flex wp-container-core-columns-layout-1 wp-block-columns-is-layout-flex\">\n<div class=\"wp-block-column is-layout-flow wp-block-column-is-layout-flow\">\n<table style=\"border-collapse: collapse; width: 237.861%; height: 196px;\">\n<tbody>\n<tr>\n<td style=\"width: 20%;\">\u00a0<\/td>\n<td style=\"width: 20%;\"><a class=\"maxbutton-1 maxbutton maxbutton-button250\" href=\"http:\/\/yoururl\"><span class='mb-text'>BELASTENDE ERINNERUNGEN UND ALBTR\u00c4UME<\/span><\/a><\/td>\n<td style=\"width: 20%;\">\u00a0<\/td>\n<td style=\"width: 20%;\"><a class=\"maxbutton-1 maxbutton maxbutton-button250\" href=\"http:\/\/yoururl\"><span class='mb-text'>ST\u00d6RUNGEN DES BEWUSSTSEINS<\/span><\/a><\/td>\n<td style=\"width: 36.6139%;\">\u00a0<\/td>\n<\/tr>\n<tr>\n<td style=\"width: 20%;\">\u00a0<\/td>\n<td style=\"width: 20%;\">\u00a0<\/td>\n<td style=\"width: 20%;\">\u00a0<\/td>\n<td style=\"width: 20%;\">\u00a0<\/td>\n<td style=\"width: 36.6139%;\">\u00a0<\/td>\n<\/tr>\n<tr>\n<td style=\"width: 20%;\"><a class=\"maxbutton-1 maxbutton maxbutton-button250\" href=\"http:\/\/yoururl\"><span class='mb-text'>ANGST<\/span><\/a><\/td>\n<td style=\"width: 20%;\">\u00a0<\/td>\n<td style=\"width: 20%;\"><a class=\"maxbutton-1 maxbutton maxbutton-button250\" href=\"http:\/\/yoururl\"><span class='mb-text'>NERVOSIT\u00c4T<\/span><\/a><\/td>\n<td style=\"width: 20%;\">\u00a0<\/td>\n<td style=\"width: 36.6139%;\"><a class=\"maxbutton-1 maxbutton maxbutton-button250\" href=\"http:\/\/yoururl\"><span class='mb-text'>ELTERLICHE SCHULDGEF\u00dcHLE<\/span><\/a><\/td>\n<\/tr>\n<\/tbody>\n<\/table>\n<\/div>\n\n\n\n<div class=\"wp-block-column is-layout-flow wp-block-column-is-layout-flow\"><\/div>\n<\/div>\n","protected":false},"excerpt":{"rendered":"<p>Jedes Kind reagiert unterschiedlich auf belastende Ereignisse. Die Reaktionen, welche Kinder nach einem Unfall zeigen k\u00f6nnen, werden in folgende drei Bereiche eingeteilt: Belastende Erinnerungen und Albtr\u00e4ume, Angst, Nervosit\u00e4t, St\u00f6rungen des Bewusstseins und elterliche Schuldgef\u00fchle. Durch Anw\u00e4hlen der einzelnen Bereiche erfahren Sie mehr \u00fcber zugeh\u00f6rige Reaktionen und M\u00f6glichkeiten, wie Sie Ihr Kind unterst\u00fctzen k\u00f6nnen. \u00a0 \u00a0 [&hellip;]<\/p>\n","protected":false},"author":3,"featured_media":0,"parent":96,"menu_order":0,"comment_status":"closed","ping_status":"closed","template":"","meta":{"ub_ctt_via":"","_mi_skip_tracking":false,"_monsterinsights_sitenote_active":false,"_monsterinsights_sitenote_note":"","_monsterinsights_sitenote_category":0,"footnotes":""},"featured_image_src":null,"_links":{"self":[{"href":"https:\/\/kidtrauma.org\/index.php?rest_route=\/wp\/v2\/pages\/515"}],"collection":[{"href":"https:\/\/kidtrauma.org\/index.php?rest_route=\/wp\/v2\/pages"}],"about":[{"href":"https:\/\/kidtrauma.org\/index.php?rest_route=\/wp\/v2\/types\/page"}],"author":[{"embeddable":true,"href":"https:\/\/kidtrauma.org\/index.php?rest_route=\/wp\/v2\/users\/3"}],"replies":[{"embeddable":true,"href":"https:\/\/kidtrauma.org\/index.php?rest_route=%2Fwp%2Fv2%2Fcomments&post=515"}],"version-history":[{"count":16,"href":"https:\/\/kidtrauma.org\/index.php?rest_route=\/wp\/v2\/pages\/515\/revisions"}],"predecessor-version":[{"id":2296,"href":"https:\/\/kidtrauma.org\/index.php?rest_route=\/wp\/v2\/pages\/515\/revisions\/2296"}],"up":[{"embeddable":true,"href":"https:\/\/kidtrauma.org\/index.php?rest_route=\/wp\/v2\/pages\/96"}],"wp:attachment":[{"href":"https:\/\/kidtrauma.org\/index.php?rest_route=%2Fwp%2Fv2%2Fmedia&parent=515"}],"curies":[{"name":"wp","href":"https:\/\/api.w.org\/{rel}","templated":true}]}}