{"id":5899,"date":"2020-05-29T16:03:11","date_gmt":"2020-05-29T15:03:11","guid":{"rendered":"http:\/\/kidtrauma.org\/?page_id=5899"},"modified":"2022-04-06T13:10:32","modified_gmt":"2022-04-06T12:10:32","slug":"app_team_de","status":"publish","type":"page","link":"https:\/\/kidtrauma.org\/?page_id=5899","title":{"rendered":"KidTrauma-Team"},"content":{"rendered":"\n<p><strong>Markus A. Landolt<\/strong><\/p>\n<p>Markus A. Landolt, Prof. Dr. phil., eidg. anerkannter Psychotherapeut, Ordinarius f\u00fcr Gesundheitspsychologie des Kindes- und Jugendalters am Psychologischen Institut der Universit\u00e4t Z\u00fcrich und Leitender Psychologe am Universit\u00e4ts-Kinderspital Z\u00fcrich. Weiterbildung in Paar- und Familientherapie sowie in kognitiver Verhaltenst\u00adherapie (u.a. trauma-fokussierte KVT). Zertifikate <em>Spezielle Psychotraumatherapie <\/em>(DeGPT) und <em>Spezielle Psychotraumatherapie mit Kindern und Jugendlichen <\/em>(DeGPT). Wissenschaftliche T\u00e4tigkeit und Lehrt\u00e4tigkeit im Bereich der Kinder\u00adpsychotraumatologie und der p\u00e4diatrischen Psychologie. Autor des Buches <em>Psycho\u00adtrauma\u00adtologie des Kindesalters<\/em> (Hogrefe, 2020, 3. Aufl.) und Mitherausgeber des Buches <em>Traumatherapie bei Kindern und Jugendlichen<\/em> (Hogrefe, 2012, 2. Aufl.). Tr\u00e4ger des Falk-von-Reichenbach-F\u00f6rderpreises der deutschsprachigen Gesellschaft f\u00fcr Psycho\u00adtraumatologie (DeGPT) und Fellow der American Psycho\u00adlogical Association.<\/p>\n<p>\u00a0<\/p>\n<p><strong>Lasse Bartels<\/strong><\/p>\n<p>Lasse Bartels (Psychologe, M.Sc.) ist Doktorand am Lehrstuhl Gesundheitsheitspsychologie des Kindes- und Jugendalters der Universit\u00e4t Z\u00fcrich und wissenschaftlicher Mitarbeiter am Universit\u00e4ts-Kinderspital Z\u00fcrich. Er erforscht individuelle Symptome der posttraumatischen Belastungsst\u00f6rung bei S\u00e4uglingen sowie Klein- und Vorschulkindern und deren Verkettungen in komplexen Netzwerken. <\/p>\n<p>\u00a0<\/p>\n<p>\u00a0<\/p>\n<p><strong>Informationstechnik:<\/strong> superdev GmbH, 6330 Cham<\/p>\n<p><strong>Illustratorin:<\/strong> F. Herdter (E-Mail auf Anfrage)<\/p>\n","protected":false},"excerpt":{"rendered":"<p>Markus A. Landolt Markus A. Landolt, Prof. Dr. phil., eidg. anerkannter Psychotherapeut, Ordinarius f\u00fcr Gesundheitspsychologie des Kindes- und Jugendalters am Psychologischen Institut der Universit\u00e4t Z\u00fcrich und Leitender Psychologe am Universit\u00e4ts-Kinderspital Z\u00fcrich. Weiterbildung in Paar- und Familientherapie sowie in kognitiver Verhaltenst\u00adherapie (u.a. trauma-fokussierte KVT). Zertifikate Spezielle Psychotraumatherapie (DeGPT) und Spezielle Psychotraumatherapie mit Kindern und Jugendlichen (DeGPT). [&hellip;]<\/p>\n","protected":false},"author":3,"featured_media":0,"parent":0,"menu_order":0,"comment_status":"closed","ping_status":"closed","template":"","meta":{"ub_ctt_via":"","_mi_skip_tracking":false,"_monsterinsights_sitenote_active":false,"_monsterinsights_sitenote_note":"","_monsterinsights_sitenote_category":0,"footnotes":""},"featured_image_src":null,"_links":{"self":[{"href":"https:\/\/kidtrauma.org\/index.php?rest_route=\/wp\/v2\/pages\/5899"}],"collection":[{"href":"https:\/\/kidtrauma.org\/index.php?rest_route=\/wp\/v2\/pages"}],"about":[{"href":"https:\/\/kidtrauma.org\/index.php?rest_route=\/wp\/v2\/types\/page"}],"author":[{"embeddable":true,"href":"https:\/\/kidtrauma.org\/index.php?rest_route=\/wp\/v2\/users\/3"}],"replies":[{"embeddable":true,"href":"https:\/\/kidtrauma.org\/index.php?rest_route=%2Fwp%2Fv2%2Fcomments&post=5899"}],"version-history":[{"count":15,"href":"https:\/\/kidtrauma.org\/index.php?rest_route=\/wp\/v2\/pages\/5899\/revisions"}],"predecessor-version":[{"id":6244,"href":"https:\/\/kidtrauma.org\/index.php?rest_route=\/wp\/v2\/pages\/5899\/revisions\/6244"}],"wp:attachment":[{"href":"https:\/\/kidtrauma.org\/index.php?rest_route=%2Fwp%2Fv2%2Fmedia&parent=5899"}],"curies":[{"name":"wp","href":"https:\/\/api.w.org\/{rel}","templated":true}]}}