{"id":6093,"date":"2020-06-05T22:01:25","date_gmt":"2020-06-05T21:01:25","guid":{"rendered":"http:\/\/kidtrauma.org\/?page_id=6093"},"modified":"2020-06-05T22:57:01","modified_gmt":"2020-06-05T21:57:01","slug":"ultimatemember_register_de","status":"publish","type":"page","link":"https:\/\/kidtrauma.org\/?page_id=6093","title":{"rendered":"Benutzerregistration"},"content":{"rendered":"\n\r\n<div class=\"um um-register um-6085\">\r\n\r\n\t<div class=\"um-form\" data-mode=\"register\">\r\n\r\n\t\t<form method=\"post\" action=\"\">\r\n\r\n\t\t\t<div class=\"um-row _um_row_1 \" style=\"margin: 0 0 30px 0;\"><div class=\"um-col-121\"><div  id=\"um_field_6085_first_name\" class=\"um-field um-field-text  um-field-first_name um-field-text um-field-type_text\" data-key=\"first_name\"><div class=\"um-field-label\"><label for=\"first_name-6085\">Vorname<\/label><div class=\"um-clear\"><\/div><\/div><div class=\"um-field-area\"><input  autocomplete=\"off\" class=\"um-form-field valid not-required \" type=\"text\" name=\"first_name-6085\" id=\"first_name-6085\" value=\"\" placeholder=\"\" data-validate=\"\" data-key=\"first_name\" \/>\r\n\r\n\t\t\t\t\t\t<\/div><\/div><div  id=\"um_field_6085_last_name\" class=\"um-field um-field-text  um-field-last_name um-field-text um-field-type_text\" data-key=\"last_name\"><div class=\"um-field-label\"><label for=\"last_name-6085\">Nachname<\/label><div class=\"um-clear\"><\/div><\/div><div class=\"um-field-area\"><input  autocomplete=\"off\" class=\"um-form-field valid not-required \" type=\"text\" name=\"last_name-6085\" id=\"last_name-6085\" value=\"\" placeholder=\"\" data-validate=\"\" data-key=\"last_name\" \/>\r\n\r\n\t\t\t\t\t\t<\/div><\/div><div  id=\"um_field_6085_user_email\" class=\"um-field um-field-text  um-field-user_email um-field-text um-field-type_text\" data-key=\"user_email\"><div class=\"um-field-label\"><label for=\"user_email-6085\">E-mail Adresse<\/label><div class=\"um-clear\"><\/div><\/div><div class=\"um-field-area\"><input  autocomplete=\"off\" class=\"um-form-field valid not-required \" type=\"text\" name=\"user_email-6085\" id=\"user_email-6085\" value=\"\" placeholder=\"\" data-validate=\"unique_email\" data-key=\"user_email\" \/>\r\n\r\n\t\t\t\t\t\t<\/div><\/div><\/div><div class=\"um-col-122\"><div  id=\"um_field_6085_profession\" class=\"um-field um-field-select  um-field-profession um-field-select um-field-type_select\" data-key=\"profession\"><div class=\"um-field-label\"><label for=\"profession-6085\">Beruf<\/label><div class=\"um-clear\"><\/div><\/div><div class=\"um-field-area  \"><select data-default=\"\"     name=\"profession\" id=\"profession\" data-validate=\"\" data-key=\"profession\" class=\"um-form-field valid um-s1 \" style=\"width: 100%\" data-placeholder=\"\" ><option value=\"\"><\/option><option value=\"Psychologische*r Psychotherapeut*in (inkl. in Ausbildung)\" >Psychologische*r Psychotherapeut*in (inkl. in Ausbildung)<\/option><option value=\"\u00c4rztliche*r Psychotherapeut*in (inkl. in Ausbildung)\" >\u00c4rztliche*r Psychotherapeut*in (inkl. in Ausbildung)<\/option><option value=\"Schulpsychologe*in\" >Schulpsychologe*in<\/option><option value=\"Erziehungsberater*in\" >Erziehungsberater*in<\/option><option value=\"FA\/F\u00c4 P\u00e4diatrie\/Allgemeinmedizin\" >FA\/F\u00c4 P\u00e4diatrie\/Allgemeinmedizin<\/option><option value=\"Sozialarbeiter*in\" >Sozialarbeiter*in<\/option><option value=\"Student*in\" >Student*in<\/option><option value=\"Anderes\" >Anderes<\/option><\/select><\/div><\/div><div  id=\"um_field_6085_emdr\" class=\"um-field um-field-checkbox  um-field-emdr um-field-checkbox um-field-type_checkbox\" data-key=\"emdr\"><div class=\"um-field-label\"><label for=\"emdr-6085\">4.\tHaben Sie eine Weiterbildung im Bereich der Psychotraumatolgie absolviert? (Z.B. CAS Kinderpsychotraumatologie UZH, Spezielle Psychotraumatologie mit Kindern und Jugendlichen DeGPT, EMDR, etc.) <\/label><div class=\"um-clear\"><\/div><\/div><div class=\"um-field-area\"><label class=\"um-field-checkbox  um-field-half \"><input   type=\"checkbox\" name=\"emdr[]\" value=\"Ja\"  \/><span class=\"um-field-checkbox-state\"><i class=\"um-icon-android-checkbox-outline-blank\"><\/i><\/span><span class=\"um-field-checkbox-option\">Ja<\/span><\/label><div class=\"um-clear\"><\/div><\/div><\/div><div  id=\"um_field_6085_newsletter\" class=\"um-field um-field-checkbox  um-field-newsletter um-field-checkbox um-field-type_checkbox\" data-key=\"newsletter\"><div class=\"um-field-label\"><label for=\"newsletter-6085\">5.\tIch m\u00f6chte k\u00fcnftig \u00fcber Neuigkeiten rund um KidTrauma informiert werden?<\/label><div class=\"um-clear\"><\/div><\/div><div class=\"um-field-area\"><label class=\"um-field-checkbox  um-field-half \"><input   type=\"checkbox\" name=\"newsletter[]\" value=\"Ja\"  \/><span class=\"um-field-checkbox-state\"><i class=\"um-icon-android-checkbox-outline-blank\"><\/i><\/span><span class=\"um-field-checkbox-option\">Ja<\/span><\/label><div class=\"um-clear\"><\/div><\/div><\/div><div  id=\"um_field_6085_user_password\" class=\"um-field um-field-password  um-field-user_password um-field-password um-field-type_password\" data-key=\"user_password\"><div class=\"um-field-label\"><label for=\"user_password-6085\">Passwort<\/label><div class=\"um-clear\"><\/div><\/div><div class=\"um-field-area\"><input class=\"um-form-field valid \" type=\"password\" name=\"user_password-6085\" id=\"user_password-6085\" value=\"\" placeholder=\"\" data-validate=\"\" data-key=\"user_password\" \/>\r\n\r\n\t\t\t\t\t\t<\/div><\/div><div  id=\"um_field_6085_confirm_user_password\" class=\"um-field um-field-password  um-field-user_password um-field-password um-field-type_password\" data-key=\"confirm_user_password\"><div class=\"um-field-label\"><label for=\"confirm_user_password-6085\">Confirm Passwort<\/label><div class=\"um-clear\"><\/div><\/div><div class=\"um-field-area\"><input class=\"um-form-field valid \" type=\"password\" name=\"confirm_user_password-6085\" id=\"confirm_user_password-6085\" value=\"\" placeholder=\"Confirm Passwort\" data-validate=\"\" data-key=\"confirm_user_password\" \/><\/div><\/div><\/div><div class=\"um-clear\"><\/div><\/div>\t\t<input type=\"hidden\" name=\"form_id\" id=\"form_id_6085\" value=\"6085\" \/>\r\n\t\r\n\t<p class=\"um_request_name\">\r\n\t\t<label for=\"um_request_6085\">Only fill in if you are not human<\/label>\r\n\t\t<input type=\"hidden\" name=\"um_request\" id=\"um_request_6085\" class=\"input\" value=\"\" size=\"25\" autocomplete=\"off\" \/>\r\n\t<\/p>\r\n\r\n\t<input type=\"hidden\" id=\"_wpnonce\" name=\"_wpnonce\" value=\"5c4f80b35e\" \/><input type=\"hidden\" name=\"_wp_http_referer\" value=\"\/index.php?rest_route=%2Fwp%2Fv2%2Fpages%2F6093\" \/>\r\n\t<div class=\"um-col-alt\">\r\n\r\n\t\t\r\n\t\t\t<div class=\"um-center\">\r\n\t\t\t\t<input type=\"submit\" value=\"Registrieren\" class=\"um-button\" id=\"um-submit-btn\" \/>\r\n\t\t\t<\/div>\r\n\r\n\t\t\r\n\t\t<div class=\"um-clear\"><\/div>\r\n\r\n\t<\/div>\r\n\r\n\t\t\t\r\n\t\t<\/form>\r\n\r\n\t<\/div>\r\n\r\n<\/div><style type=\"text\/css\">\r\n.um-6085.um {\r\n\tmax-width: 450px;\r\n}<\/style>\r\n\n","protected":false},"excerpt":{"rendered":"","protected":false},"author":2,"featured_media":0,"parent":0,"menu_order":0,"comment_status":"closed","ping_status":"closed","template":"","meta":{"ub_ctt_via":"","_mi_skip_tracking":false,"_monsterinsights_sitenote_active":false,"_monsterinsights_sitenote_note":"","_monsterinsights_sitenote_category":0,"footnotes":""},"featured_image_src":null,"_links":{"self":[{"href":"https:\/\/kidtrauma.org\/index.php?rest_route=\/wp\/v2\/pages\/6093"}],"collection":[{"href":"https:\/\/kidtrauma.org\/index.php?rest_route=\/wp\/v2\/pages"}],"about":[{"href":"https:\/\/kidtrauma.org\/index.php?rest_route=\/wp\/v2\/types\/page"}],"author":[{"embeddable":true,"href":"https:\/\/kidtrauma.org\/index.php?rest_route=\/wp\/v2\/users\/2"}],"replies":[{"embeddable":true,"href":"https:\/\/kidtrauma.org\/index.php?rest_route=%2Fwp%2Fv2%2Fcomments&post=6093"}],"version-history":[{"count":2,"href":"https:\/\/kidtrauma.org\/index.php?rest_route=\/wp\/v2\/pages\/6093\/revisions"}],"predecessor-version":[{"id":6100,"href":"https:\/\/kidtrauma.org\/index.php?rest_route=\/wp\/v2\/pages\/6093\/revisions\/6100"}],"wp:attachment":[{"href":"https:\/\/kidtrauma.org\/index.php?rest_route=%2Fwp%2Fv2%2Fmedia&parent=6093"}],"curies":[{"name":"wp","href":"https:\/\/api.w.org\/{rel}","templated":true}]}}