{"id":92,"date":"2019-04-17T10:23:19","date_gmt":"2019-04-17T09:23:19","guid":{"rendered":"http:\/\/vps31252.alfahosting-vps.de\/wordpress\/?page_id=92"},"modified":"2020-05-14T16:34:13","modified_gmt":"2020-05-14T15:34:13","slug":"acuteoverview_de","status":"publish","type":"page","link":"https:\/\/kidtrauma.org\/?page_id=92","title":{"rendered":"Was Dich erwartet"},"content":{"rendered":"\n<p>Du hast vor Kurzem (<strong>in den letzten 4 Wochen<\/strong>) oder in der Vergangenheit (<strong>l\u00e4nger als 1 Monat zur\u00fcckliegend<\/strong>) eine schwere Traumatisierung oder anhaltend bzw. wiederholt traumatische Ereignisse erlebt.<\/p>\n<p>Im ersten Monat nach einem traumatischen Ereignis treten beispielsweise bei vielen Jugendlichen ungewollte und belastende Erinnerungen an das Ereignis auf und Jugendliche vermeiden Dinge, die sie daran erinnern.<\/p>\n<p>Jugendliche, die in der Vergangenheit schwere oder wiederholte bzw. langanhaltende Traumatisierungen erlebt haben, k\u00f6nnen auch noch lange Zeit danach psychische Probleme haben. \u00dcber die Zeit k\u00f6nnen solche Erfahrungen die Entwicklung eines*r Jugendlichen*r beeintr\u00e4chtigen.<\/p>\n<p>KidTrauma bietet Dir die M\u00f6glichkeit herauszufinden, ob fachlicher Rat empfehlenswert ist (<strong>Trauma-Check<\/strong>) und informiert Dich \u00fcber m\u00f6gliche Auff\u00e4lligkeiten und Probleme die Jugendliche nach traumatische Ereignissen haben k\u00f6nnen (<strong>Informationen und Tipps<\/strong>).<\/p>\n<p>Auff\u00e4lligkeiten und Probleme unterscheiden sich in Abh\u00e4ngikeit der Dauer seit dem\/den traumatischen Ereignis\/sen. Bitte klicke auf die f\u00fcr Dich zutreffende Kategorie, um mehr zu erfahren.<\/p>\n<p>\u00a0<\/p>\n\n\n\n<div class=\"wp-block-columns has-2-columns is-layout-flex wp-container-core-columns-layout-1 wp-block-columns-is-layout-flex\">\n<div class=\"wp-block-column is-layout-flow wp-block-column-is-layout-flow\"><div class=\"ub-button\"  id=\"ub-button-43ed43ac-d352-43eb-adfe-2da1342845c4\"><div class=\"ub-button-container align-button-\" id=\"ub-button-43ed43ac-d352-43eb-adfe-2da1342845c4\">\n    <a href=\"\/?page_id=1855\" target=\"_self\"\n    rel=\"noopener noreferrer\"\n    class=\"ub-button-block-main ub-button-large ub-button-flex-large\">\n    <div class=\"ub-button-content-holder\"><span class=\"ub-button-icon-holder\"><svg xmlns=\"http:\/\/www.w3.org\/2000\/svg\"\n        height=\"35\", width=\"35\"\n        viewBox=\"0, 0, 512, 512\"><path fill=\"currentColor\" d=\"M0 256a256 256 0 1 0 512 0A256 256 0 1 0 0 256zM294.6 135.1l99.9 107.1c3.5 3.8 5.5 8.7 5.5 13.8s-2 10.1-5.5 13.8L294.6 376.9c-4.2 4.5-10.1 7.1-16.3 7.1C266 384 256 374 256 361.7l0-57.7-96 0c-17.7 0-32-14.3-32-32l0-32c0-17.7 14.3-32 32-32l96 0 0-57.7c0-12.3 10-22.3 22.3-22.3c6.2 0 12.1 2.6 16.3 7.1z\"><\/svg><\/span><span class=\"ub-button-block-btn\">Akut<\/span>\n    <\/div><\/a><\/div><\/div>\n\n\n<p style=\"text-align: center;\"><strong>bis 1 Monat nach dem traumatischen Ereignis<\/strong><\/p>\n<\/div>\n\n\n\n<div class=\"wp-block-column is-layout-flow wp-block-column-is-layout-flow\"><div class=\"ub-button\"  id=\"ub-button-2a110f5d-d7aa-40fc-a72e-c643ed40bbe4\"><div class=\"ub-button-container align-button-\" id=\"ub-button-2a110f5d-d7aa-40fc-a72e-c643ed40bbe4\">\n    <a href=\"\/?page_id=1857\" target=\"_self\"\n    rel=\"noopener noreferrer\"\n    class=\"ub-button-block-main ub-button-large ub-button-flex-large\">\n    <div class=\"ub-button-content-holder\"><span class=\"ub-button-icon-holder\"><svg xmlns=\"http:\/\/www.w3.org\/2000\/svg\"\n        height=\"35\", width=\"35\"\n        viewBox=\"0, 0, 512, 512\"><path fill=\"currentColor\" d=\"M0 256a256 256 0 1 0 512 0A256 256 0 1 0 0 256zM294.6 135.1l99.9 107.1c3.5 3.8 5.5 8.7 5.5 13.8s-2 10.1-5.5 13.8L294.6 376.9c-4.2 4.5-10.1 7.1-16.3 7.1C266 384 256 374 256 361.7l0-57.7-96 0c-17.7 0-32-14.3-32-32l0-32c0-17.7 14.3-32 32-32l96 0 0-57.7c0-12.3 10-22.3 22.3-22.3c6.2 0 12.1 2.6 16.3 7.1z\"><\/svg><\/span><span class=\"ub-button-block-btn\">Chronisch<\/span>\n    <\/div><\/a><\/div><\/div>\n\n\n<p style=\"text-align: center;\"><strong>mehr als 1 Monat nach dem\/n traumatischen Ereignis\/sen<\/strong><\/p>\n<\/div>\n<\/div>\n","protected":false},"excerpt":{"rendered":"<p>Du hast vor Kurzem (in den letzten 4 Wochen) oder in der Vergangenheit (l\u00e4nger als 1 Monat zur\u00fcckliegend) eine schwere Traumatisierung oder anhaltend bzw. wiederholt traumatische Ereignisse erlebt. Im ersten Monat nach einem traumatischen Ereignis treten beispielsweise bei vielen Jugendlichen ungewollte und belastende Erinnerungen an das Ereignis auf und Jugendliche vermeiden Dinge, die sie daran [&hellip;]<\/p>\n","protected":false},"author":1,"featured_media":0,"parent":0,"menu_order":0,"comment_status":"closed","ping_status":"closed","template":"","meta":{"ub_ctt_via":"","_mi_skip_tracking":false,"_monsterinsights_sitenote_active":false,"_monsterinsights_sitenote_note":"","_monsterinsights_sitenote_category":0,"footnotes":""},"featured_image_src":null,"_links":{"self":[{"href":"https:\/\/kidtrauma.org\/index.php?rest_route=\/wp\/v2\/pages\/92"}],"collection":[{"href":"https:\/\/kidtrauma.org\/index.php?rest_route=\/wp\/v2\/pages"}],"about":[{"href":"https:\/\/kidtrauma.org\/index.php?rest_route=\/wp\/v2\/types\/page"}],"author":[{"embeddable":true,"href":"https:\/\/kidtrauma.org\/index.php?rest_route=\/wp\/v2\/users\/1"}],"replies":[{"embeddable":true,"href":"https:\/\/kidtrauma.org\/index.php?rest_route=%2Fwp%2Fv2%2Fcomments&post=92"}],"version-history":[{"count":90,"href":"https:\/\/kidtrauma.org\/index.php?rest_route=\/wp\/v2\/pages\/92\/revisions"}],"predecessor-version":[{"id":5177,"href":"https:\/\/kidtrauma.org\/index.php?rest_route=\/wp\/v2\/pages\/92\/revisions\/5177"}],"wp:attachment":[{"href":"https:\/\/kidtrauma.org\/index.php?rest_route=%2Fwp%2Fv2%2Fmedia&parent=92"}],"curies":[{"name":"wp","href":"https:\/\/api.w.org\/{rel}","templated":true}]}}